{"id":31257,"date":"2025-02-20T23:31:29","date_gmt":"2025-02-20T22:31:29","guid":{"rendered":"https:\/\/olemosaic.orbitalia.org\/producto\/4-bols-de-coco-de-13-x-6-cm-caballito-de-mar-mallorca-2\/"},"modified":"2025-07-25T19:56:43","modified_gmt":"2025-07-25T17:56:43","slug":"4-tacas-de-coco-de-13-x-6-cm-cavalo-marinho-maiorca-2","status":"publish","type":"product","link":"https:\/\/olemosaic.orbitalia.org\/pt-pt\/produto\/4-tacas-de-coco-de-13-x-6-cm-cavalo-marinho-maiorca-2\/","title":{"rendered":"4 Ta\u00e7as de coco de 13 x 6 cm. Cavalo-marinho. Maiorca. Baleares."},"content":{"rendered":"<p>Este conjunto de quatro ta\u00e7as de coco, cada uma de 13 x 6 cm, \u00e9 um reflexo aut\u00eantico da vibrante cultura maiorquina. Cada ta\u00e7a apresenta um design colorido com fundo liso em tons de azul, vermelho, laranja e f\u00facsia, adornado com cora\u00e7\u00f5es encantadores e a inscri\u00e7\u00e3o &#8220;Mallorca&#8221;. A ilustra\u00e7\u00e3o do cavalo-marinho, s\u00edmbolo ic\u00f3nico da ilha, preside ao centro de cada pe\u00e7a, acrescentando um toque de autenticidade que evoca as \u00e1guas cristalinas e a rica vida marinha da regi\u00e3o. Fabricadas com um material sustent\u00e1vel, estas ta\u00e7as s\u00e3o ideais para servir aperitivos e tamb\u00e9m funcionam como elementos decorativos originais para a casa, fundindo funcionalidade e arte num \u00fanico produto. O seu design alegre e colorido torna-as o souvenir perfeito para quem deseja levar um peda\u00e7o de Maiorca para casa. Na Ol\u00e9 Mosaic, especialistas na distribui\u00e7\u00e3o de souvenirs por grosso, oferecemos estas encantadoras ta\u00e7as como uma op\u00e7\u00e3o ideal para lojas de presentes tur\u00edsticos que procuram produtos aut\u00eanticos e representativos da cultura espanhola. Este conjunto de ta\u00e7as de coco \u00e9, sem d\u00favida, uma excelente escolha para quem procura souvenirs de qualidade e com significado cultural de Maiorca.<\/p>\n","protected":false},"excerpt":{"rendered":"<p>Conjunto de quatro ta\u00e7as de coco de 13 x 6 cm, decoradas com um encantador cavalo-marinho que evoca a vibrante cultura de Maiorca. Cada ta\u00e7a apresenta um design colorido com um fundo liso em tons de azul, vermelho, laranja e f\u00facsia, adornado com cora\u00e7\u00f5es e a palavra &#8220;Mallorca&#8221;. Fabricadas com material sustent\u00e1vel, estas ta\u00e7as s\u00e3o ideais para servir aperitivos ou como elemento decorativo original, combinando funcionalidade e arte num \u00fanico produto.<\/p>\n","protected":false},"featured_media":10676,"template":"","meta":{"_acf_changed":false},"product_brand":[],"product_cat":[513],"product_tag":[516],"class_list":{"0":"post-31257","1":"product","2":"type-product","3":"status-publish","4":"has-post-thumbnail","6":"product_cat-bols","7":"product_tag-animais","8":"pa_ciudad-mallorca","9":"pa_motivo-cavalos-marinhos","10":"pa_pais-espana","12":"first","13":"instock","14":"shipping-taxable","15":"product-type-simple"},"acf":[],"_links":{"self":[{"href":"https:\/\/olemosaic.orbitalia.org\/pt-pt\/wp-json\/wp\/v2\/product\/31257","targetHints":{"allow":["GET"]}}],"collection":[{"href":"https:\/\/olemosaic.orbitalia.org\/pt-pt\/wp-json\/wp\/v2\/product"}],"about":[{"href":"https:\/\/olemosaic.orbitalia.org\/pt-pt\/wp-json\/wp\/v2\/types\/product"}],"wp:featuredmedia":[{"embeddable":true,"href":"https:\/\/olemosaic.orbitalia.org\/pt-pt\/wp-json\/wp\/v2\/media\/10676"}],"wp:attachment":[{"href":"https:\/\/olemosaic.orbitalia.org\/pt-pt\/wp-json\/wp\/v2\/media?parent=31257"}],"wp:term":[{"taxonomy":"product_brand","embeddable":true,"href":"https:\/\/olemosaic.orbitalia.org\/pt-pt\/wp-json\/wp\/v2\/product_brand?post=31257"},{"taxonomy":"product_cat","embeddable":true,"href":"https:\/\/olemosaic.orbitalia.org\/pt-pt\/wp-json\/wp\/v2\/product_cat?post=31257"},{"taxonomy":"product_tag","embeddable":true,"href":"https:\/\/olemosaic.orbitalia.org\/pt-pt\/wp-json\/wp\/v2\/product_tag?post=31257"}],"curies":[{"name":"wp","href":"https:\/\/api.w.org\/{rel}","templated":true}]}}