{"id":31226,"date":"2025-02-20T23:31:29","date_gmt":"2025-02-20T22:31:29","guid":{"rendered":"https:\/\/olemosaic.orbitalia.org\/producto\/4-bols-de-coco-de-13-x-6-cm-delfin-mallorca-2\/"},"modified":"2025-07-25T22:29:00","modified_gmt":"2025-07-25T20:29:00","slug":"4-tacas-de-coco-de-13-x-6-cm-golfinho-maiorca-2","status":"publish","type":"product","link":"https:\/\/olemosaic.orbitalia.org\/pt-pt\/produto\/4-tacas-de-coco-de-13-x-6-cm-golfinho-maiorca-2\/","title":{"rendered":"4 Ta\u00e7as de coco de 13 x 6 cm. Golfinho. Maiorca. Balear."},"content":{"rendered":"<p>Este conjunto de quatro ta\u00e7as de coco, cada uma com um atraente design de golfinho, \u00e9 uma bonita recorda\u00e7\u00e3o que captura a ess\u00eancia de Maiorca. Com dimens\u00f5es de 13 x 6 cm, estas ta\u00e7as est\u00e3o decoradas com cores vibrantes, incluindo azul, rosa, amarelo e um toque transparente, criando um efeito visual cativante que reflete a vida marinha do Mediterr\u00e2neo. A figura do golfinho, com efeito pintado \u00e0 m\u00e3o, situa-se com eleg\u00e2ncia sobre um fundo colorido, real\u00e7ando a destreza art\u00edstica do produto e tornando-o um artigo essencial e distintivo para qualquer lar.<\/p>\n<p>Cada ta\u00e7a n\u00e3o \u00e9 apenas um elegante recipiente para aperitivos, mas tamb\u00e9m funciona como um atraente elemento decorativo que evoca o calor e o encanto do mar balear. O acabamento brilhante da superf\u00edcie proporciona uma sensa\u00e7\u00e3o de frescura e leveza que complementa qualquer ambiente, facilitando o seu uso tanto em ocasi\u00f5es formais como informais.<\/p>\n<p>A liga\u00e7\u00e3o cultural destas ta\u00e7as com Maiorca \u00e9 profunda, j\u00e1 que os golfinhos s\u00e3o s\u00edmbolo da alegria e do esp\u00edrito livre que caracteriza esta bela ilha. Estas recorda\u00e7\u00f5es de Maiorca s\u00e3o uma excelente op\u00e7\u00e3o para quem procura recordar a sua viagem ou levar um peda\u00e7o do Mediterr\u00e2neo consigo. Na Ol\u00e9 Mosaic, o seu distribuidor de aut\u00eanticas recorda\u00e7\u00f5es de Maiorca por grosso, garantimos a qualidade e originalidade em cada pe\u00e7a, tornando estas ta\u00e7as uma escolha ideal para lojas de presentes tur\u00edsticos que desejem oferecer produtos verdadeiramente representativos da cultura local.<\/p>\n","protected":false},"excerpt":{"rendered":"<p>Ta\u00e7as de coco de 13 x 6 cm, decoradas com um encantador motivo de golfinho que evoca a ess\u00eancia de Maiorca. Cada ta\u00e7a apresenta um design vibrante com diferentes cores: azul, rosa, amarelo e transparente, que real\u00e7am o acabamento brilhante da superf\u00edcie. A t\u00e9cnica de pintura \u00e0 m\u00e3o destaca a figura do golfinho sobre um fundo de cor, adicionando um toque art\u00edstico e distintivo. S\u00e3o perfeitas para servir aperitivos ou como elementos decorativos.<\/p>\n","protected":false},"featured_media":13804,"template":"","meta":{"_acf_changed":false},"product_brand":[],"product_cat":[513],"product_tag":[516],"class_list":{"0":"post-31226","1":"product","2":"type-product","3":"status-publish","4":"has-post-thumbnail","6":"product_cat-bols","7":"product_tag-animais","8":"pa_ciudad-mallorca","9":"pa_motivo-golfinhos","10":"pa_pais-espana","12":"first","13":"instock","14":"shipping-taxable","15":"product-type-simple"},"acf":[],"_links":{"self":[{"href":"https:\/\/olemosaic.orbitalia.org\/pt-pt\/wp-json\/wp\/v2\/product\/31226","targetHints":{"allow":["GET"]}}],"collection":[{"href":"https:\/\/olemosaic.orbitalia.org\/pt-pt\/wp-json\/wp\/v2\/product"}],"about":[{"href":"https:\/\/olemosaic.orbitalia.org\/pt-pt\/wp-json\/wp\/v2\/types\/product"}],"wp:featuredmedia":[{"embeddable":true,"href":"https:\/\/olemosaic.orbitalia.org\/pt-pt\/wp-json\/wp\/v2\/media\/13804"}],"wp:attachment":[{"href":"https:\/\/olemosaic.orbitalia.org\/pt-pt\/wp-json\/wp\/v2\/media?parent=31226"}],"wp:term":[{"taxonomy":"product_brand","embeddable":true,"href":"https:\/\/olemosaic.orbitalia.org\/pt-pt\/wp-json\/wp\/v2\/product_brand?post=31226"},{"taxonomy":"product_cat","embeddable":true,"href":"https:\/\/olemosaic.orbitalia.org\/pt-pt\/wp-json\/wp\/v2\/product_cat?post=31226"},{"taxonomy":"product_tag","embeddable":true,"href":"https:\/\/olemosaic.orbitalia.org\/pt-pt\/wp-json\/wp\/v2\/product_tag?post=31226"}],"curies":[{"name":"wp","href":"https:\/\/api.w.org\/{rel}","templated":true}]}}