{"id":31222,"date":"2025-02-20T23:31:28","date_gmt":"2025-02-20T22:31:28","guid":{"rendered":"https:\/\/olemosaic.orbitalia.org\/producto\/4-bols-de-coco-de-13-x-6-cm-isla-gran-canaria-2\/"},"modified":"2025-07-25T18:53:54","modified_gmt":"2025-07-25T16:53:54","slug":"4-tacas-de-coco-de-13-x-6-cm-ilha-gran-canaria-2","status":"publish","type":"product","link":"https:\/\/olemosaic.orbitalia.org\/pt-pt\/produto\/4-tacas-de-coco-de-13-x-6-cm-ilha-gran-canaria-2\/","title":{"rendered":"4 Ta\u00e7as de coco de 13 x 6 cm. Ilha. Oceano. Gran Canaria."},"content":{"rendered":"<p>Este conjunto de quatro ta\u00e7as de coco decorativas de 13 x 6 cm \u00e9 uma aut\u00eantica homenagem \u00e0 beleza natural de Gran Canaria. Cada ta\u00e7a apresenta um design \u00fanico, elaborado com cores vibrantes que evocam a ess\u00eancia da ilha: azuis profundos que recordam o oceano, laranjas e vermelhos quentes, juntamente com elegantes tons dourados que conferem um toque de sofistica\u00e7\u00e3o. O acabamento texturizado de cada pe\u00e7a, que evoca as ondas do mar, adiciona uma dimens\u00e3o art\u00edstica e sensorial, tornando cada ta\u00e7a verdadeiramente especial.<\/p>\n<p>Cada uma destas ta\u00e7as possui uma placa distintiva com a inscri\u00e7\u00e3o &#8220;Gran Canaria&#8221;, tornando-as o souvenir perfeito para capturar a cultura e o encanto desta bela ilha. Ideais como centro de mesa ou para armazenar pequenos objetos, estas ta\u00e7as conferem calor e cor a qualquer espa\u00e7o, tornando-as elementos decorativos funcionais e atraentes.<\/p>\n<p>Na Ol\u00e9 Mosaic, como distribuidores de souvenirs, oferecemos artigos aut\u00eanticos que refletem a riqueza cultural das regi\u00f5es. Este conjunto de ta\u00e7as de coco \u00e9 uma op\u00e7\u00e3o excecional para as lojas de presentes tur\u00edsticos que procuram produtos \u00fanicos e significativos. N\u00e3o s\u00f3 representam o artesanato can\u00e1rio, como tamb\u00e9m s\u00e3o ideais para os turistas que desejam levar um peda\u00e7o de Gran Canaria para casa.<\/p>\n","protected":false},"excerpt":{"rendered":"<p>Ta\u00e7as decorativas de coco de 13 x 6 cm, inspiradas na ess\u00eancia de Gran Canaria. Cada ta\u00e7a apresenta um design \u00fanico em cores vibrantes como azul, laranja, dourado e vermelho, com um acabamento texturizado que recorda as ondas do oceano. Com a inscri\u00e7\u00e3o &#8220;Gran Canaria&#8221;, estes artigos s\u00e3o ideais como centros de mesa ou para guardar pequenos objetos, conferindo um toque de calor e cor a qualquer espa\u00e7o. Souvenirs perfeitos que capturam a beleza can\u00e1ria.<\/p>\n","protected":false},"featured_media":10643,"template":"","meta":{"_acf_changed":false},"product_brand":[],"product_cat":[513],"product_tag":[],"class_list":{"0":"post-31222","1":"product","2":"type-product","3":"status-publish","4":"has-post-thumbnail","6":"product_cat-bols","7":"pa_ciudad-gran-canaria","8":"pa_motivo-ilhas","9":"pa_pais-espana","11":"first","12":"instock","13":"shipping-taxable","14":"product-type-simple"},"acf":[],"_links":{"self":[{"href":"https:\/\/olemosaic.orbitalia.org\/pt-pt\/wp-json\/wp\/v2\/product\/31222","targetHints":{"allow":["GET"]}}],"collection":[{"href":"https:\/\/olemosaic.orbitalia.org\/pt-pt\/wp-json\/wp\/v2\/product"}],"about":[{"href":"https:\/\/olemosaic.orbitalia.org\/pt-pt\/wp-json\/wp\/v2\/types\/product"}],"wp:featuredmedia":[{"embeddable":true,"href":"https:\/\/olemosaic.orbitalia.org\/pt-pt\/wp-json\/wp\/v2\/media\/10643"}],"wp:attachment":[{"href":"https:\/\/olemosaic.orbitalia.org\/pt-pt\/wp-json\/wp\/v2\/media?parent=31222"}],"wp:term":[{"taxonomy":"product_brand","embeddable":true,"href":"https:\/\/olemosaic.orbitalia.org\/pt-pt\/wp-json\/wp\/v2\/product_brand?post=31222"},{"taxonomy":"product_cat","embeddable":true,"href":"https:\/\/olemosaic.orbitalia.org\/pt-pt\/wp-json\/wp\/v2\/product_cat?post=31222"},{"taxonomy":"product_tag","embeddable":true,"href":"https:\/\/olemosaic.orbitalia.org\/pt-pt\/wp-json\/wp\/v2\/product_tag?post=31222"}],"curies":[{"name":"wp","href":"https:\/\/api.w.org\/{rel}","templated":true}]}}