{"id":31221,"date":"2025-02-20T23:31:28","date_gmt":"2025-02-20T22:31:28","guid":{"rendered":"https:\/\/olemosaic.orbitalia.org\/producto\/4-bols-de-coco-de-13-x-6-cm-caballito-de-mar-gran-canaria\/"},"modified":"2025-07-25T20:10:52","modified_gmt":"2025-07-25T18:10:52","slug":"4-tacas-de-coco-de-13-x-6-cm-cavalo-marinho-gran-canaria","status":"publish","type":"product","link":"https:\/\/olemosaic.orbitalia.org\/pt-pt\/produto\/4-tacas-de-coco-de-13-x-6-cm-cavalo-marinho-gran-canaria\/","title":{"rendered":"4 Ta\u00e7as de coco de 13 x 6 cm. Cavalo-marinho. Gran Canaria."},"content":{"rendered":"<p>Este conjunto de quatro ta\u00e7as de coco de 13 x 6 cm, decoradas com o emblem\u00e1tico cavalo-marinho, \u00e9 uma aut\u00eantica recorda\u00e7\u00e3o de Gran Canaria que captura a ess\u00eancia do arquip\u00e9lago can\u00e1rio. Cada ta\u00e7a apresenta uma vibrante combina\u00e7\u00e3o de cores brilhantes, que variam entre tonalidades verdes e douradas at\u00e9 vermelhos intensos, conseguidos atrav\u00e9s de uma t\u00e9cnica de pintura artesanal que real\u00e7a a sua originalidade e singularidade. Os cavalos-marinhos, s\u00edmbolo da vida marinha e da beleza do ambiente can\u00e1rio, est\u00e3o meticulosamente ilustrados em cada pe\u00e7a, proporcionando um encanto e atrativo visual excecionais.<\/p>\n<p>Leves e resistentes, estas ta\u00e7as n\u00e3o s\u00e3o apenas perfeitas como elementos decorativos, mas tamb\u00e9m resultam ideais para servir aperitivos, adicionando um toque can\u00e1rio a qualquer ocasi\u00e3o especial. O seu design muito especial e o uso de materiais naturais tornam-nas um presente aut\u00eantico para turistas que procuram levar um peda\u00e7o da cultura can\u00e1ria para casa. A Ol\u00e9 Mosaic orgulha-se de oferecer recorda\u00e7\u00f5es de Gran Canaria por grosso, garantindo qualidade e tradi\u00e7\u00e3o em cada uma das nossas pe\u00e7as. Este conjunto de ta\u00e7as de coco \u00e9 a op\u00e7\u00e3o perfeita para lojas de presentes tur\u00edsticos que procuram um produto que combine est\u00e9tica e funcionalidade, real\u00e7ando o valor cultural e a autenticidade das recorda\u00e7\u00f5es can\u00e1rias.<\/p>\n","protected":false},"excerpt":{"rendered":"<p>Ta\u00e7as de coco de 13 x 6 cm, decoradas com o emblem\u00e1tico cavalo-marinho, t\u00edpicos de Gran Canaria. Cada ta\u00e7a apresenta um design vibrante com cores que variam entre tonalidades verdes e douradas, at\u00e9 vermelhos intensos, criados atrav\u00e9s de uma t\u00e9cnica de pintura que ressalta a sua originalidade. Estes objetos, leves e resistentes, s\u00e3o perfeitos como elemento decorativo ou para servir aperitivos, adicionando um toque can\u00e1rio a qualquer ocasi\u00e3o.<\/p>\n","protected":false},"featured_media":10652,"template":"","meta":{"_acf_changed":false},"product_brand":[],"product_cat":[513],"product_tag":[516],"class_list":{"0":"post-31221","1":"product","2":"type-product","3":"status-publish","4":"has-post-thumbnail","6":"product_cat-bols","7":"product_tag-animais","8":"pa_ciudad-gran-canaria","9":"pa_motivo-cavalos-marinhos","10":"pa_pais-espana","12":"first","13":"instock","14":"shipping-taxable","15":"product-type-simple"},"acf":[],"_links":{"self":[{"href":"https:\/\/olemosaic.orbitalia.org\/pt-pt\/wp-json\/wp\/v2\/product\/31221","targetHints":{"allow":["GET"]}}],"collection":[{"href":"https:\/\/olemosaic.orbitalia.org\/pt-pt\/wp-json\/wp\/v2\/product"}],"about":[{"href":"https:\/\/olemosaic.orbitalia.org\/pt-pt\/wp-json\/wp\/v2\/types\/product"}],"wp:featuredmedia":[{"embeddable":true,"href":"https:\/\/olemosaic.orbitalia.org\/pt-pt\/wp-json\/wp\/v2\/media\/10652"}],"wp:attachment":[{"href":"https:\/\/olemosaic.orbitalia.org\/pt-pt\/wp-json\/wp\/v2\/media?parent=31221"}],"wp:term":[{"taxonomy":"product_brand","embeddable":true,"href":"https:\/\/olemosaic.orbitalia.org\/pt-pt\/wp-json\/wp\/v2\/product_brand?post=31221"},{"taxonomy":"product_cat","embeddable":true,"href":"https:\/\/olemosaic.orbitalia.org\/pt-pt\/wp-json\/wp\/v2\/product_cat?post=31221"},{"taxonomy":"product_tag","embeddable":true,"href":"https:\/\/olemosaic.orbitalia.org\/pt-pt\/wp-json\/wp\/v2\/product_tag?post=31221"}],"curies":[{"name":"wp","href":"https:\/\/api.w.org\/{rel}","templated":true}]}}