{"id":31219,"date":"2025-02-20T23:31:28","date_gmt":"2025-02-20T22:31:28","guid":{"rendered":"https:\/\/olemosaic.orbitalia.org\/producto\/4-bols-de-coco-de-13-x-6-cm-salamandra-3\/"},"modified":"2025-07-25T20:09:41","modified_gmt":"2025-07-25T18:09:41","slug":"4-tacas-de-coco-de-13-x-6-cm-salamandra-3","status":"publish","type":"product","link":"https:\/\/olemosaic.orbitalia.org\/pt-pt\/produto\/4-tacas-de-coco-de-13-x-6-cm-salamandra-3\/","title":{"rendered":"4 Ta\u00e7as de coco de 13 x 6 cm. Salamandra. Padr\u00e3o cora\u00e7\u00f5es."},"content":{"rendered":"<p>Este conjunto de quatro ta\u00e7as de coco de 13 x 6 cm \u00e9 uma celebra\u00e7\u00e3o da cor e do artesanato, ideal para conferir um toque vibrante a qualquer casa. Cada ta\u00e7a destaca-se pelas suas cores intensas e variadas: azul, vermelho, laranja e f\u00facsia, que se entrela\u00e7am num design festivo e alegre. No centro de cada pe\u00e7a, uma elegante salamandra, com a sua silhueta cuidadosamente pintada, encontra-se rodeada por um padr\u00e3o de cora\u00e7\u00f5es que refor\u00e7a a liga\u00e7\u00e3o com o folclore espanhol e o seu simbolismo de boa sorte e alegria.<\/p>\n<p>Elaboradas artesanalmente, estas ta\u00e7as n\u00e3o s\u00e3o apenas funcionais, perfeitas para servir aperitivos ou como elementos decorativos, mas tamb\u00e9m representam uma heran\u00e7a cultural \u00fanica, refletindo a rica tradi\u00e7\u00e3o da cer\u00e2mica e do artesanato espanh\u00f3is. O uso do coco no seu fabrico n\u00e3o s\u00f3 confere leveza, como tamb\u00e9m enriquece cada ta\u00e7a com uma textura natural que contrasta com os tons vibrantes da pintura.<\/p>\n<p>Este conjunto de ta\u00e7as de coco \u00e9 um souvenir de qualidade, representativo da cultura espanhola, ideal para turistas que procuram recorda\u00e7\u00f5es aut\u00eanticas. Na Ol\u00e9 Mosaic, como grossistas de produtos artesanais, oferecemos estas pe\u00e7as \u00fanicas que encantar\u00e3o quem deseje levar um peda\u00e7o da cultura espanhola para as suas casas. Perfeitas para lojas de presentes tur\u00edsticos que procuram artigos distintivos e aut\u00eanticos, estes souvenirs s\u00e3o um excelente investimento para qualquer neg\u00f3cio.<\/p>\n","protected":false},"excerpt":{"rendered":"<p>Ta\u00e7as de coco de 13 x 6 cm decoradas com um design vibrante de salamandras, ideais para dar um toque colorido \u00e0 sua casa. Cada ta\u00e7a apresenta um fundo chamativo em tons azul, vermelho, laranja e f\u00facsia, com um padr\u00e3o de cora\u00e7\u00f5es que rodeia uma elegante salamandra pintada no centro. Elaboradas artesanalmente, estas ta\u00e7as s\u00e3o perfeitas para servir aperitivos ou como elementos decorativos que evocam o folclore espanhol.<\/p>\n","protected":false},"featured_media":10660,"template":"","meta":{"_acf_changed":false},"product_brand":[],"product_cat":[513],"product_tag":[516],"class_list":{"0":"post-31219","1":"product","2":"type-product","3":"status-publish","4":"has-post-thumbnail","6":"product_cat-bols","7":"product_tag-animais","8":"pa_motivo-salamandras","10":"first","11":"instock","12":"shipping-taxable","13":"product-type-simple"},"acf":[],"_links":{"self":[{"href":"https:\/\/olemosaic.orbitalia.org\/pt-pt\/wp-json\/wp\/v2\/product\/31219","targetHints":{"allow":["GET"]}}],"collection":[{"href":"https:\/\/olemosaic.orbitalia.org\/pt-pt\/wp-json\/wp\/v2\/product"}],"about":[{"href":"https:\/\/olemosaic.orbitalia.org\/pt-pt\/wp-json\/wp\/v2\/types\/product"}],"wp:featuredmedia":[{"embeddable":true,"href":"https:\/\/olemosaic.orbitalia.org\/pt-pt\/wp-json\/wp\/v2\/media\/10660"}],"wp:attachment":[{"href":"https:\/\/olemosaic.orbitalia.org\/pt-pt\/wp-json\/wp\/v2\/media?parent=31219"}],"wp:term":[{"taxonomy":"product_brand","embeddable":true,"href":"https:\/\/olemosaic.orbitalia.org\/pt-pt\/wp-json\/wp\/v2\/product_brand?post=31219"},{"taxonomy":"product_cat","embeddable":true,"href":"https:\/\/olemosaic.orbitalia.org\/pt-pt\/wp-json\/wp\/v2\/product_cat?post=31219"},{"taxonomy":"product_tag","embeddable":true,"href":"https:\/\/olemosaic.orbitalia.org\/pt-pt\/wp-json\/wp\/v2\/product_tag?post=31219"}],"curies":[{"name":"wp","href":"https:\/\/api.w.org\/{rel}","templated":true}]}}