{"id":31175,"date":"2025-02-20T23:31:27","date_gmt":"2025-02-20T22:31:27","guid":{"rendered":"https:\/\/olemosaic.orbitalia.org\/producto\/4-bols-de-coco-de-13-x-6-cm-sardina-lisboa-3\/"},"modified":"2025-07-25T18:42:22","modified_gmt":"2025-07-25T16:42:22","slug":"4-tacas-de-coco-de-13-x-6-cm-sardinha-lisboa-3","status":"publish","type":"product","link":"https:\/\/olemosaic.orbitalia.org\/pt-pt\/produto\/4-tacas-de-coco-de-13-x-6-cm-sardinha-lisboa-3\/","title":{"rendered":"4 Ta\u00e7as de coco de 13 x 6 cm. Sardinha. Lisboa. Padr\u00e3o rede de pesca."},"content":{"rendered":"<p>Este conjunto de 4 ta\u00e7as de coco \u00e9 uma op\u00e7\u00e3o encantadora e vibrante, ideal para quem procura levar um peda\u00e7o de Lisboa para casa. Cada ta\u00e7a, de 13 x 6 cm, \u00e9 inspirada na rica tradi\u00e7\u00e3o piscat\u00f3ria da cidade e apresenta um design colorido que evoca o ambiente mar\u00edtimo portugu\u00eas. Os tons azul, laranja, vermelho e dourado entrela\u00e7am-se num padr\u00e3o delicado que imita as redes de pesca, criando um efeito visual atraente. No centro de cada ta\u00e7a, encontrar\u00e1 uma sardinha com efeito pintado \u00e0 m\u00e3o, o que acrescenta um toque de autenticidade e singularidade a cada pe\u00e7a.<\/p>\n<p>Estas ta\u00e7as n\u00e3o s\u00f3 s\u00e3o perfeitas para servir aperitivos, como tamb\u00e9m funcionam como elementos decorativos que real\u00e7am qualquer mesa com um estilo n\u00e1utico e costeiro. A liga\u00e7\u00e3o cultural destas ta\u00e7as com a tradi\u00e7\u00e3o piscat\u00f3ria de Lisboa torna este conjunto num verdadeiro souvenir representativo, que recorda aos turistas a vibrante vida costeira da cidade.<\/p>\n<p>Na Ol\u00e9 Mosaic, especializamo-nos na distribui\u00e7\u00e3o de souvenirs por grosso, oferecendo produtos aut\u00eanticos que refletem a riqueza cultural espanhola e portuguesa. Este conjunto de ta\u00e7as de coco \u00e9 uma excelente escolha para lojas de presentes tur\u00edsticos que procuram oferecer aos seus clientes recorda\u00e7\u00f5es \u00fanicas e significativas de Lisboa. Com a nossa gama de produtos, garantimos qualidade e originalidade em cada pe\u00e7a.<\/p>\n","protected":false},"excerpt":{"rendered":"<p>Conjunto de 4 ta\u00e7as de coco com um design vibrante, cada uma de 13 x 6 cm. Inspiradas na tradi\u00e7\u00e3o piscat\u00f3ria de Lisboa, estas ta\u00e7as apresentam um jogo de cores muito atraente: azul, laranja, vermelho e dourado, com um padr\u00e3o delicado que simula redes de pesca. Cada ta\u00e7a \u00e9 adornada com uma ilustra\u00e7\u00e3o de sardinha, design artesanal, pintado \u00e0 m\u00e3o, no centro, criando uma pe\u00e7a \u00fanica e decorativa, ideal para servir aperitivos ou como elemento ornamental.<\/p>\n","protected":false},"featured_media":10639,"template":"","meta":{"_acf_changed":false},"product_brand":[],"product_cat":[513],"product_tag":[516],"class_list":{"0":"post-31175","1":"product","2":"type-product","3":"status-publish","4":"has-post-thumbnail","6":"product_cat-bols","7":"product_tag-animais","8":"pa_ciudad-lisboa","9":"pa_motivo-sardinhas","10":"pa_pais-portugal","12":"first","13":"instock","14":"shipping-taxable","15":"product-type-simple"},"acf":[],"_links":{"self":[{"href":"https:\/\/olemosaic.orbitalia.org\/pt-pt\/wp-json\/wp\/v2\/product\/31175","targetHints":{"allow":["GET"]}}],"collection":[{"href":"https:\/\/olemosaic.orbitalia.org\/pt-pt\/wp-json\/wp\/v2\/product"}],"about":[{"href":"https:\/\/olemosaic.orbitalia.org\/pt-pt\/wp-json\/wp\/v2\/types\/product"}],"wp:featuredmedia":[{"embeddable":true,"href":"https:\/\/olemosaic.orbitalia.org\/pt-pt\/wp-json\/wp\/v2\/media\/10639"}],"wp:attachment":[{"href":"https:\/\/olemosaic.orbitalia.org\/pt-pt\/wp-json\/wp\/v2\/media?parent=31175"}],"wp:term":[{"taxonomy":"product_brand","embeddable":true,"href":"https:\/\/olemosaic.orbitalia.org\/pt-pt\/wp-json\/wp\/v2\/product_brand?post=31175"},{"taxonomy":"product_cat","embeddable":true,"href":"https:\/\/olemosaic.orbitalia.org\/pt-pt\/wp-json\/wp\/v2\/product_cat?post=31175"},{"taxonomy":"product_tag","embeddable":true,"href":"https:\/\/olemosaic.orbitalia.org\/pt-pt\/wp-json\/wp\/v2\/product_tag?post=31175"}],"curies":[{"name":"wp","href":"https:\/\/api.w.org\/{rel}","templated":true}]}}