{"id":31173,"date":"2025-02-20T23:31:26","date_gmt":"2025-02-20T22:31:26","guid":{"rendered":"https:\/\/olemosaic.orbitalia.org\/producto\/4-bols-de-coco-de-13-x-6-cm-delfin-menorca\/"},"modified":"2025-07-25T20:31:11","modified_gmt":"2025-07-25T18:31:11","slug":"4-tacas-de-coco-de-13-x-6-cm-golfinho-menorca","status":"publish","type":"product","link":"https:\/\/olemosaic.orbitalia.org\/pt-pt\/produto\/4-tacas-de-coco-de-13-x-6-cm-golfinho-menorca\/","title":{"rendered":"4 Ta\u00e7as de coco de 13 x 6 cm. Golfinho. Menorca."},"content":{"rendered":"<p>Este conjunto de 4 ta\u00e7as de coco decoradas com motivos de golfinhos \u00e9 uma aut\u00eantica joia inspirada na beleza do mar Mediterr\u00e2neo, concretamente em Menorca. Cada ta\u00e7a, de 13 x 6 cm, apresenta um design \u00fanico e vibrante, ideal para servir aperitivos ou como elemento decorativo no lar. As cores azul, rosa, amarelo e branco entrela\u00e7am-se num contraste atraente que evoca a tranquilidade e a frescura das \u00e1guas mediterr\u00e2nicas. No centro de cada ta\u00e7a, um golfinho pintado \u00e0 m\u00e3o destaca-se, simbolizando a liga\u00e7\u00e3o com a rica vida marinha da regi\u00e3o, o que as torna um souvenir muito representativo de Menorca. Este motivo detalhado em cada pe\u00e7a n\u00e3o s\u00f3 acrescenta um toque distintivo, como tamb\u00e9m celebra o artesanato local.<\/p>\n<p>A autenticidade destas ta\u00e7as de coco torna-as o presente perfeito para quem procura guardar as suas recorda\u00e7\u00f5es de viagem ou para aqueles que desejam adicionar um toque de encanto mediterr\u00e2nico \u00e0 sua casa. Na Ol\u00e9 Mosaic, somos distribuidores de souvenirs \u00fanicos e de qualidade, e estas ta\u00e7as s\u00e3o uma excelente op\u00e7\u00e3o para lojas de presentes tur\u00edsticos que desejem oferecer produtos que capturem a ess\u00eancia de Menorca. Com este conjunto, o cliente n\u00e3o s\u00f3 adquirir\u00e1 um souvenir, mas uma pe\u00e7a da rica cultura mediterr\u00e2nica.<\/p>\n","protected":false},"excerpt":{"rendered":"<p>Conjunto de 4 ta\u00e7as de coco de 13 x 6 cm decoradas com motivos coloridos de golfinhos, inspirados na beleza de Menorca. Cada ta\u00e7a apresenta um design \u00fanico com elementos em azul, rosa, amarelo e branco, criando um contraste atraente que evoca o mar Mediterr\u00e2neo. O motivo do golfinho, design artesanal, pintado \u00e0 m\u00e3o, no centro, acrescenta um toque distintivo, ideal para servir aperitivos ou como elemento decorativo em qualquer casa.<\/p>\n","protected":false},"featured_media":13801,"template":"","meta":{"_acf_changed":false},"product_brand":[],"product_cat":[513],"product_tag":[516],"class_list":{"0":"post-31173","1":"product","2":"type-product","3":"status-publish","4":"has-post-thumbnail","6":"product_cat-bols","7":"product_tag-animais","8":"pa_ciudad-menorca","9":"pa_motivo-golfinhos","10":"pa_pais-espana","12":"first","13":"instock","14":"shipping-taxable","15":"product-type-simple"},"acf":[],"_links":{"self":[{"href":"https:\/\/olemosaic.orbitalia.org\/pt-pt\/wp-json\/wp\/v2\/product\/31173","targetHints":{"allow":["GET"]}}],"collection":[{"href":"https:\/\/olemosaic.orbitalia.org\/pt-pt\/wp-json\/wp\/v2\/product"}],"about":[{"href":"https:\/\/olemosaic.orbitalia.org\/pt-pt\/wp-json\/wp\/v2\/types\/product"}],"wp:featuredmedia":[{"embeddable":true,"href":"https:\/\/olemosaic.orbitalia.org\/pt-pt\/wp-json\/wp\/v2\/media\/13801"}],"wp:attachment":[{"href":"https:\/\/olemosaic.orbitalia.org\/pt-pt\/wp-json\/wp\/v2\/media?parent=31173"}],"wp:term":[{"taxonomy":"product_brand","embeddable":true,"href":"https:\/\/olemosaic.orbitalia.org\/pt-pt\/wp-json\/wp\/v2\/product_brand?post=31173"},{"taxonomy":"product_cat","embeddable":true,"href":"https:\/\/olemosaic.orbitalia.org\/pt-pt\/wp-json\/wp\/v2\/product_cat?post=31173"},{"taxonomy":"product_tag","embeddable":true,"href":"https:\/\/olemosaic.orbitalia.org\/pt-pt\/wp-json\/wp\/v2\/product_tag?post=31173"}],"curies":[{"name":"wp","href":"https:\/\/api.w.org\/{rel}","templated":true}]}}