{"id":31170,"date":"2025-02-20T23:31:26","date_gmt":"2025-02-20T22:31:26","guid":{"rendered":"https:\/\/olemosaic.orbitalia.org\/producto\/4-bols-de-coco-de-13-x-6-cm-sardina-lisboa-2\/"},"modified":"2025-07-25T19:26:33","modified_gmt":"2025-07-25T17:26:33","slug":"4-tacas-de-coco-de-13-x-6-cm-sardinha-lisboa-2","status":"publish","type":"product","link":"https:\/\/olemosaic.orbitalia.org\/pt-pt\/produto\/4-tacas-de-coco-de-13-x-6-cm-sardinha-lisboa-2\/","title":{"rendered":"4 Ta\u00e7as de coco de 13 x 6 cm. Sardinha. Lisboa. Cora\u00e7\u00f5es e flores."},"content":{"rendered":"<p>Este conjunto de 4 ta\u00e7as de coco de 13 x 6 cm \u00e9 uma representa\u00e7\u00e3o espetacular da rica cultura portuguesa, ideal para quem procura lembran\u00e7as aut\u00eanticas de Lisboa. Cada ta\u00e7a \u00e9 decorada \u00e0 m\u00e3o com motivos chamativos que evocam a arte dos azulejos tradicionais, destacando ilustra\u00e7\u00f5es de sardinhas e flores vibrantes. A paleta de cores \u00e9 cativante, combinando tons de azul, amarelo e rosa, juntamente com delicadas formas de cora\u00e7\u00f5es que adicionam um toque de alegria.<\/p>\n<p>Os designs \u00fanicos de cada ta\u00e7a tornam-nas pe\u00e7as decorativas perfeitas, ideais para servir aperitivos ou como elementos decorativos em qualquer casa. A forma cl\u00e1ssica e os detalhes pitorescos refletem a tradi\u00e7\u00e3o de Lisboa, onde a sardinha \u00e9 um s\u00edmbolo cultural profundamente enraizado, especialmente durante as festividades de Santo Ant\u00f3nio. Este conjunto de ta\u00e7as n\u00e3o \u00e9 apenas funcional, mas tamb\u00e9m atua como uma recorda\u00e7\u00e3o evocativa da beleza e da arte de rua da capital portuguesa.<\/p>\n<p>Na Ol\u00e9 Mosaic, orgulhamo-nos de oferecer uma vasta gama de lembran\u00e7as de Lisboa, e estas ta\u00e7as de coco s\u00e3o uma excelente op\u00e7\u00e3o para lojas de presentes tur\u00edsticos que procuram produtos aut\u00eanticos e atraentes. Como distribuidores de lembran\u00e7as por grosso, garantimos qualidade e autenticidade em cada pe\u00e7a, tornando estas ta\u00e7as uma compra ideal para quem deseja levar um peda\u00e7o de Portugal para os seus lares.<\/p>\n","protected":false},"excerpt":{"rendered":"<p>Ta\u00e7as de coco de 13 x 6 cm decoradas com motivos coloridos, representando sardinhas e flores, inspiradas na tradi\u00e7\u00e3o lisboeta. Cada ta\u00e7a, com um design artesanal \u00fanico, pintado \u00e0 m\u00e3o, combina formas de cora\u00e7\u00f5es e flores em tons vibrantes, como azuis, amarelos e rosas, criando um apelo visual. Ideais como elemento decorativo ou para servir aperitivos, estas ta\u00e7as refletem a cultura e a arte do azulejo portugu\u00eas.<\/p>\n","protected":false},"featured_media":10696,"template":"","meta":{"_acf_changed":false},"product_brand":[],"product_cat":[513],"product_tag":[516],"class_list":{"0":"post-31170","1":"product","2":"type-product","3":"status-publish","4":"has-post-thumbnail","6":"product_cat-bols","7":"product_tag-animais","8":"pa_ciudad-lisboa","9":"pa_motivo-sardinhas","10":"pa_pais-portugal","12":"first","13":"instock","14":"shipping-taxable","15":"product-type-simple"},"acf":[],"_links":{"self":[{"href":"https:\/\/olemosaic.orbitalia.org\/pt-pt\/wp-json\/wp\/v2\/product\/31170","targetHints":{"allow":["GET"]}}],"collection":[{"href":"https:\/\/olemosaic.orbitalia.org\/pt-pt\/wp-json\/wp\/v2\/product"}],"about":[{"href":"https:\/\/olemosaic.orbitalia.org\/pt-pt\/wp-json\/wp\/v2\/types\/product"}],"wp:featuredmedia":[{"embeddable":true,"href":"https:\/\/olemosaic.orbitalia.org\/pt-pt\/wp-json\/wp\/v2\/media\/10696"}],"wp:attachment":[{"href":"https:\/\/olemosaic.orbitalia.org\/pt-pt\/wp-json\/wp\/v2\/media?parent=31170"}],"wp:term":[{"taxonomy":"product_brand","embeddable":true,"href":"https:\/\/olemosaic.orbitalia.org\/pt-pt\/wp-json\/wp\/v2\/product_brand?post=31170"},{"taxonomy":"product_cat","embeddable":true,"href":"https:\/\/olemosaic.orbitalia.org\/pt-pt\/wp-json\/wp\/v2\/product_cat?post=31170"},{"taxonomy":"product_tag","embeddable":true,"href":"https:\/\/olemosaic.orbitalia.org\/pt-pt\/wp-json\/wp\/v2\/product_tag?post=31170"}],"curies":[{"name":"wp","href":"https:\/\/api.w.org\/{rel}","templated":true}]}}