{"id":31120,"date":"2025-02-20T23:31:25","date_gmt":"2025-02-20T22:31:25","guid":{"rendered":"https:\/\/olemosaic.orbitalia.org\/producto\/plato-de-ceramica-de-10-cm-barcelona-azul\/"},"modified":"2025-07-25T19:11:26","modified_gmt":"2025-07-25T17:11:26","slug":"prato-de-ceramica-de-10-cm-barcelona-azul","status":"publish","type":"product","link":"https:\/\/olemosaic.orbitalia.org\/pt-pt\/produto\/prato-de-ceramica-de-10-cm-barcelona-azul\/","title":{"rendered":"Prato de cer\u00e2mica de 10 cm. Barcelona. Azul."},"content":{"rendered":"<p>Este colorido prato de cer\u00e2mica de 10 cm \u00e9 uma recorda\u00e7\u00e3o maravilhosa de Barcelona que capta a ess\u00eancia art\u00edstica desta emblem\u00e1tica cidade. Decorado com uma representa\u00e7\u00e3o vibrante da Sagrada Fam\u00edlia, o prato destaca-se pelo seu design com mosaicos em tons de azul, vermelho e amarelo, que evocam a singular arquitetura modernista de Antoni Gaud\u00ed. Al\u00e9m da Sagrada Fam\u00edlia, o prato inclui ilustra\u00e7\u00f5es de outros elementos arquitet\u00f3nicos famosos da cidade, tudo num estilo contempor\u00e2neo e atraente que encantar\u00e1 tanto turistas como residentes. A palavra &#8220;Barcelona&#8221; est\u00e1 elegantemente escrita na parte superior, acrescentando um toque pessoal que refor\u00e7a o seu car\u00e1ter aut\u00f3ctone.<\/p>\n<p>Este prato n\u00e3o \u00e9 apenas uma pe\u00e7a decorativa, mas uma aut\u00eantica recorda\u00e7\u00e3o da rica heran\u00e7a cultural de Barcelona, ideal para quem procura levar consigo um peda\u00e7o da sua hist\u00f3ria. Na Ol\u00e9 Mosaic, orgulhamo-nos de oferecer recorda\u00e7\u00f5es de cer\u00e2mica aut\u00eanticas e representativas, perfeitas para lojas de presentes tur\u00edsticos que desejem proporcionar aos seus clientes um valor cultural e art\u00edstico inigual\u00e1vel. Este prato de cer\u00e2mica \u00e9 uma excelente op\u00e7\u00e3o para quem procura recorda\u00e7\u00f5es de qualidade que encapsulem a magia de Barcelona, garantindo uma experi\u00eancia inesquec\u00edvel.<\/p>\n","protected":false},"excerpt":{"rendered":"<p>Prato de cer\u00e2mica de 10 cm decorado com uma representa\u00e7\u00e3o vibrante de Barcelona. Este prato colorido apresenta um design repleto de mosaicos que ilustra a emblem\u00e1tica Sagrada Fam\u00edlia, juntamente com outras caracter\u00edsticas arquitet\u00f3nicas da cidade, real\u00e7adas em tons de azul, vermelho e amarelo. Com a palavra &#8220;Barcelona&#8221; na parte superior, \u00e9 uma recorda\u00e7\u00e3o perfeita que capta a ess\u00eancia art\u00edstica e cultural desta ic\u00f3nica cidade espanhola.<\/p>\n","protected":false},"featured_media":12098,"template":"","meta":{"_acf_changed":false},"product_brand":[],"product_cat":[629],"product_tag":[515],"class_list":{"0":"post-31120","1":"product","2":"type-product","3":"status-publish","4":"has-post-thumbnail","6":"product_cat-pratos-decorativos","7":"product_tag-ceramica","8":"pa_ciudad-barcelona","9":"pa_pais-espana","11":"first","12":"instock","13":"shipping-taxable","14":"product-type-simple"},"acf":[],"_links":{"self":[{"href":"https:\/\/olemosaic.orbitalia.org\/pt-pt\/wp-json\/wp\/v2\/product\/31120","targetHints":{"allow":["GET"]}}],"collection":[{"href":"https:\/\/olemosaic.orbitalia.org\/pt-pt\/wp-json\/wp\/v2\/product"}],"about":[{"href":"https:\/\/olemosaic.orbitalia.org\/pt-pt\/wp-json\/wp\/v2\/types\/product"}],"wp:featuredmedia":[{"embeddable":true,"href":"https:\/\/olemosaic.orbitalia.org\/pt-pt\/wp-json\/wp\/v2\/media\/12098"}],"wp:attachment":[{"href":"https:\/\/olemosaic.orbitalia.org\/pt-pt\/wp-json\/wp\/v2\/media?parent=31120"}],"wp:term":[{"taxonomy":"product_brand","embeddable":true,"href":"https:\/\/olemosaic.orbitalia.org\/pt-pt\/wp-json\/wp\/v2\/product_brand?post=31120"},{"taxonomy":"product_cat","embeddable":true,"href":"https:\/\/olemosaic.orbitalia.org\/pt-pt\/wp-json\/wp\/v2\/product_cat?post=31120"},{"taxonomy":"product_tag","embeddable":true,"href":"https:\/\/olemosaic.orbitalia.org\/pt-pt\/wp-json\/wp\/v2\/product_tag?post=31120"}],"curies":[{"name":"wp","href":"https:\/\/api.w.org\/{rel}","templated":true}]}}