{"id":31119,"date":"2025-02-20T23:31:24","date_gmt":"2025-02-20T22:31:24","guid":{"rendered":"https:\/\/olemosaic.orbitalia.org\/producto\/gallo-figura-de-resina-de-14-cm-pintada-a-mano\/"},"modified":"2025-07-25T19:07:55","modified_gmt":"2025-07-25T17:07:55","slug":"galo-figura-de-resina-de-14-cm-pintada-a-mao","status":"publish","type":"product","link":"https:\/\/olemosaic.orbitalia.org\/pt-pt\/produto\/galo-figura-de-resina-de-14-cm-pintada-a-mao\/","title":{"rendered":"Galo. Figura de mosaico de 14 cm."},"content":{"rendered":"<p>Este colorido Galo de Barcelos \u00e9 uma aut\u00eantica joia do artesanato portugu\u00eas, fabricado em resina de alta qualidade e pintado \u00e0 m\u00e3o, o que assegura que cada pe\u00e7a seja \u00fanica. Com 14 cm de altura, este galo destaca-se pelo seu design vibrante, inspirado na rica tradi\u00e7\u00e3o folcl\u00f3rica de Portugal. A sua superf\u00edcie, decorada com um mosaico de tons brilhantes, capta a aten\u00e7\u00e3o e confere um ar festivo a qualquer espa\u00e7o. Os pormenores intrincados em vermelho, amarelo, azul e verde n\u00e3o s\u00f3 s\u00e3o visualmente cativantes, como tamb\u00e9m refletem a simbologia de boa sorte que o Galo de Barcelos representa, tornando-o uma recorda\u00e7\u00e3o significativa e especial.<\/p>\n<p>Este souvenir n\u00e3o serve apenas como decora\u00e7\u00e3o, mas torna-se tamb\u00e9m um s\u00edmbolo de boa fortuna, recordando a quem o possui a magia da cultura portuguesa. Ideal para turistas que procuram um presente aut\u00eantico e representativo da sua viagem, este galo \u00e9 muito mais do que um simples adorno; \u00e9 um peda\u00e7o de hist\u00f3ria e tradi\u00e7\u00e3o que capta a ess\u00eancia de Portugal. Na Ol\u00e9 Mosaic, como grossistas de souvenirs, oferecemos este Galo de Barcelos dentro de uma vasta gama de produtos que celebram a cultura e o artesanato locais. Este artigo vibrante \u00e9 uma excelente op\u00e7\u00e3o para lojas de presentes tur\u00edsticos, garantindo satisfa\u00e7\u00e3o tanto na decora\u00e7\u00e3o como no significado cultural.<\/p>\n","protected":false},"excerpt":{"rendered":"<p>Figura de galo de 14 cm, design artesanal, pintado \u00e0 m\u00e3o, que se destaca pelo seu design colorido inspirado na tradi\u00e7\u00e3o portuguesa. Esta pe\u00e7a apresenta uma requintada combina\u00e7\u00e3o de tonalidades brilhantes em mosaico, com detalhes que representam o famoso Galo de Barcelos, s\u00edmbolo de boa sorte. O seu acabamento brilhante e a variedade de cores tornam-no um elemento decorativo vibrante, ideal como recorda\u00e7\u00e3o para os amantes da cultura e da arte folcl\u00f3rica.<\/p>\n","protected":false},"featured_media":8764,"template":"","meta":{"_acf_changed":false},"product_brand":[],"product_cat":[552],"product_tag":[516],"class_list":{"0":"post-31119","1":"product","2":"type-product","3":"status-publish","4":"has-post-thumbnail","6":"product_cat-numeros","7":"product_tag-animais","8":"pa_motivo-galos","10":"first","11":"instock","12":"shipping-taxable","13":"product-type-simple"},"acf":[],"_links":{"self":[{"href":"https:\/\/olemosaic.orbitalia.org\/pt-pt\/wp-json\/wp\/v2\/product\/31119","targetHints":{"allow":["GET"]}}],"collection":[{"href":"https:\/\/olemosaic.orbitalia.org\/pt-pt\/wp-json\/wp\/v2\/product"}],"about":[{"href":"https:\/\/olemosaic.orbitalia.org\/pt-pt\/wp-json\/wp\/v2\/types\/product"}],"wp:featuredmedia":[{"embeddable":true,"href":"https:\/\/olemosaic.orbitalia.org\/pt-pt\/wp-json\/wp\/v2\/media\/8764"}],"wp:attachment":[{"href":"https:\/\/olemosaic.orbitalia.org\/pt-pt\/wp-json\/wp\/v2\/media?parent=31119"}],"wp:term":[{"taxonomy":"product_brand","embeddable":true,"href":"https:\/\/olemosaic.orbitalia.org\/pt-pt\/wp-json\/wp\/v2\/product_brand?post=31119"},{"taxonomy":"product_cat","embeddable":true,"href":"https:\/\/olemosaic.orbitalia.org\/pt-pt\/wp-json\/wp\/v2\/product_cat?post=31119"},{"taxonomy":"product_tag","embeddable":true,"href":"https:\/\/olemosaic.orbitalia.org\/pt-pt\/wp-json\/wp\/v2\/product_tag?post=31119"}],"curies":[{"name":"wp","href":"https:\/\/api.w.org\/{rel}","templated":true}]}}