{"id":31118,"date":"2025-02-20T23:31:24","date_gmt":"2025-02-20T22:31:24","guid":{"rendered":"https:\/\/olemosaic.orbitalia.org\/producto\/bulldog-figura-de-resina-de-5-cm-pintada-a-mano\/"},"modified":"2025-07-25T20:06:58","modified_gmt":"2025-07-25T18:06:58","slug":"bulldog-figura-de-resina-de-5-cm-pintada-a-mao","status":"publish","type":"product","link":"https:\/\/olemosaic.orbitalia.org\/pt-pt\/produto\/bulldog-figura-de-resina-de-5-cm-pintada-a-mao\/","title":{"rendered":"Bulldog. Figura de mosaico de 5 cm."},"content":{"rendered":"<p>Este colorido bulldog de resina \u00e9 uma recorda\u00e7\u00e3o encantadora, ideal para quem deseja levar para casa um peda\u00e7o da vibrante cultura espanhola. Com uma altura de 5 cm, esta figura \u00e9 meticulosamente pintada \u00e0 m\u00e3o com efeito artesanal, o que garante que cada pe\u00e7a seja \u00fanica. O seu design, composto por um mosaico de tonalidades brilhantes, cria um efeito visual cativante, real\u00e7ando a simp\u00e1tica figura do bulldog. Os detalhes art\u00edsticos, desde a express\u00e3o brincalhona do seu rosto at\u00e9 \u00e0s suaves curvaturas do seu corpo, s\u00e3o uma aut\u00eantica homenagem \u00e0 popularidade desta ra\u00e7a na arte contempor\u00e2nea espanhola.<\/p>\n<p>O uso de cores vibrantes e um acabamento de resina de alta qualidade tornam-no um objeto decorativo que acrescenta um toque alegre a qualquer ambiente. \u00c9 perfeito tanto para colecionadores como para quem procura um presente especial que evoque um momento memor\u00e1vel da sua visita. Este bulldog \u00e9 mais do que uma simples recorda\u00e7\u00e3o; \u00e9 uma celebra\u00e7\u00e3o da alegria e do estilo caracter\u00edsticos das vibrantes cidades espanholas. Na Ol\u00e9 Mosaic, como distribuidores de souvenirs por grosso, oferecemos produtos que destacam a autenticidade e o valor cultural, e esta figura de bulldog \u00e9 uma excelente op\u00e7\u00e3o para lojas de presentes tur\u00edsticos. Sem d\u00favida, uma recorda\u00e7\u00e3o representativa que encantar\u00e1 os seus clientes.<\/p>\n","protected":false},"excerpt":{"rendered":"<p>Figura de bulldog de 5 cm, design artesanal, pintado \u00e0 m\u00e3o, com um design vibrante e colorido. Esta recorda\u00e7\u00e3o encantadora, inspirada na popularidade do bulldog na arte contempor\u00e2nea, apresenta um atraente mosaico de tons brilhantes que real\u00e7am a sua figura. Os seus pormenores minuciosos conferem-lhe um toque alegre e decorativo, ideal para colecionadores ou como presente, evocando o estilo art\u00edstico de diversas cidades espanholas.<\/p>\n","protected":false},"featured_media":11052,"template":"","meta":{"_acf_changed":false},"product_brand":[],"product_cat":[552],"product_tag":[],"class_list":{"0":"post-31118","1":"product","2":"type-product","3":"status-publish","4":"has-post-thumbnail","6":"product_cat-numeros","7":"pa_motivo-bulldogs","9":"first","10":"instock","11":"shipping-taxable","12":"product-type-simple"},"acf":[],"_links":{"self":[{"href":"https:\/\/olemosaic.orbitalia.org\/pt-pt\/wp-json\/wp\/v2\/product\/31118","targetHints":{"allow":["GET"]}}],"collection":[{"href":"https:\/\/olemosaic.orbitalia.org\/pt-pt\/wp-json\/wp\/v2\/product"}],"about":[{"href":"https:\/\/olemosaic.orbitalia.org\/pt-pt\/wp-json\/wp\/v2\/types\/product"}],"wp:featuredmedia":[{"embeddable":true,"href":"https:\/\/olemosaic.orbitalia.org\/pt-pt\/wp-json\/wp\/v2\/media\/11052"}],"wp:attachment":[{"href":"https:\/\/olemosaic.orbitalia.org\/pt-pt\/wp-json\/wp\/v2\/media?parent=31118"}],"wp:term":[{"taxonomy":"product_brand","embeddable":true,"href":"https:\/\/olemosaic.orbitalia.org\/pt-pt\/wp-json\/wp\/v2\/product_brand?post=31118"},{"taxonomy":"product_cat","embeddable":true,"href":"https:\/\/olemosaic.orbitalia.org\/pt-pt\/wp-json\/wp\/v2\/product_cat?post=31118"},{"taxonomy":"product_tag","embeddable":true,"href":"https:\/\/olemosaic.orbitalia.org\/pt-pt\/wp-json\/wp\/v2\/product_tag?post=31118"}],"curies":[{"name":"wp","href":"https:\/\/api.w.org\/{rel}","templated":true}]}}