{"id":31116,"date":"2025-02-20T22:31:24","date_gmt":"2025-02-20T22:31:24","guid":{"rendered":"https:\/\/olemosaic.orbitalia.org\/producto\/colgante-de-madera-pez\/"},"modified":"2025-07-25T19:41:47","modified_gmt":"2025-07-25T17:41:47","slug":"pendente-de-madeira-peixe","status":"publish","type":"product","link":"https:\/\/olemosaic.orbitalia.org\/pt-pt\/produto\/pendente-de-madeira-peixe\/","title":{"rendered":"Pendente de madeira. Peixe."},"content":{"rendered":"<p>Este pendente de madeira com forma de peixe \u00e9 uma pe\u00e7a decorativa ideal para conferir um toque marinheiro a qualquer espa\u00e7o. Fabricado com pe\u00e7as de madeira natural en tons claros, o seu design minimalista \u00e9 cuidadosamente elaborado, intercalando elementos que evocam a ess\u00eancia do mar. A figura central, um peixe de elegante cor branca, confere um ar fresco e relaxante, perfeito para ambientes que procuram serenidade e liga\u00e7\u00e3o com a natureza. Este pendente combina o calor da madeira com um toque contempor\u00e2neo, tornando-o um objeto distintivo que se adapta \u00e0 decora\u00e7\u00e3o de interiores modernos e tradicionais.<\/p>\n<p>A sua liga\u00e7\u00e3o cultural com a tradi\u00e7\u00e3o mar\u00edtima real\u00e7a o amor pelo mar e pela natureza que caracteriza muitas regi\u00f5es costeiras, o que o torna uma excelente recorda\u00e7\u00e3o para os turistas que desejam levar um pedacinho da costa. Este pendente ergue-se como uma recorda\u00e7\u00e3o aut\u00eantica das f\u00e9rias, evocando as brisas marinhas e a paz que se sente frente ao oceano.<\/p>\n<p>Na Ol\u00e9 Mosaic, destacamo-nos na distribui\u00e7\u00e3o de recorda\u00e7\u00f5es por grosso, e este pendente de peixe \u00e9 uma op\u00e7\u00e3o ideal para lojas de presentes tur\u00edsticos que procuram oferecer produtos \u00fanicos e aut\u00eanticos. \u00c9 uma recorda\u00e7\u00e3o que, sem d\u00favida, captar\u00e1 a aten\u00e7\u00e3o de quem procura um detalhe especial que reflita o seu amor pelo mar e pela natureza.<\/p>\n","protected":false},"excerpt":{"rendered":"<p>Pendente de madeira com forma de peixe, ideal para decorar espa\u00e7os com um toque mar\u00edtimo. Este elegante e minimalista pendente \u00e9 elaborado com pe\u00e7as de madeira natural em tons claros, intercaladas com elementos decorativos que evocam a ess\u00eancia do mar. A figura central, em cor branca, representa um peixe e confere um ar fresco e relaxante. Perfeito para os amantes do mar e da natureza que procuram um detalhe distintivo para o seu lar.<\/p>\n","protected":false},"featured_media":9631,"template":"","meta":{"_acf_changed":false},"product_brand":[],"product_cat":[794],"product_tag":[516],"class_list":{"0":"post-31116","1":"product","2":"type-product","3":"status-publish","4":"has-post-thumbnail","6":"product_cat-pendentes","7":"product_tag-animais","8":"pa_motivo-peixes","10":"first","11":"instock","12":"shipping-taxable","13":"product-type-simple"},"acf":[],"_links":{"self":[{"href":"https:\/\/olemosaic.orbitalia.org\/pt-pt\/wp-json\/wp\/v2\/product\/31116","targetHints":{"allow":["GET"]}}],"collection":[{"href":"https:\/\/olemosaic.orbitalia.org\/pt-pt\/wp-json\/wp\/v2\/product"}],"about":[{"href":"https:\/\/olemosaic.orbitalia.org\/pt-pt\/wp-json\/wp\/v2\/types\/product"}],"wp:featuredmedia":[{"embeddable":true,"href":"https:\/\/olemosaic.orbitalia.org\/pt-pt\/wp-json\/wp\/v2\/media\/9631"}],"wp:attachment":[{"href":"https:\/\/olemosaic.orbitalia.org\/pt-pt\/wp-json\/wp\/v2\/media?parent=31116"}],"wp:term":[{"taxonomy":"product_brand","embeddable":true,"href":"https:\/\/olemosaic.orbitalia.org\/pt-pt\/wp-json\/wp\/v2\/product_brand?post=31116"},{"taxonomy":"product_cat","embeddable":true,"href":"https:\/\/olemosaic.orbitalia.org\/pt-pt\/wp-json\/wp\/v2\/product_cat?post=31116"},{"taxonomy":"product_tag","embeddable":true,"href":"https:\/\/olemosaic.orbitalia.org\/pt-pt\/wp-json\/wp\/v2\/product_tag?post=31116"}],"curies":[{"name":"wp","href":"https:\/\/api.w.org\/{rel}","templated":true}]}}