{"id":31114,"date":"2025-02-20T23:31:24","date_gmt":"2025-02-20T22:31:24","guid":{"rendered":"https:\/\/olemosaic.orbitalia.org\/producto\/colgante-de-madera-estrella-2\/"},"modified":"2025-07-25T18:38:25","modified_gmt":"2025-07-25T16:38:25","slug":"pendente-de-madeira-estrela-azul","status":"publish","type":"product","link":"https:\/\/olemosaic.orbitalia.org\/pt-pt\/produto\/pendente-de-madeira-estrela-azul\/","title":{"rendered":"Pendente de madeira. Estrela. Azul."},"content":{"rendered":"<p>Este pendente de madeira com forma de estrela \u00e9 uma recorda\u00e7\u00e3o encantadora, ideal para quem deseja levar um toque costeiro para os seus lares. Com a sua cor azul vibrante, esta pe\u00e7a destaca-se como um s\u00edmbolo evocativo do mar Mediterr\u00e2neo, perfeito para decorar qualquer canto da casa e criar um ambiente relaxante. O design combina a estrela com delicados motivos marinhos, como conchas e elementos de madeira, montados de forma equilibrada, o que confere um aspeto natural e harmonioso. As texturas das conchas e a suavidade do acabamento da madeira geram uma liga\u00e7\u00e3o sensorial com a costa, recordando a brisa marinha e as ondas.<\/p>\n<p>Este pendente encapsula a ess\u00eancia do litoral espanhol, sendo perfeito para turistas que procuram recorda\u00e7\u00f5es que representem as suas experi\u00eancias na praia. Al\u00e9m disso, a estrela azul simboliza a calma e a paz do ambiente mar\u00edtimo, tornando-o uma excelente op\u00e7\u00e3o para quem deseja adicionar um ar de ver\u00e3o aos seus espa\u00e7os. Na Ol\u00e9 Mosaic, dedicamo-nos \u00e0 distribui\u00e7\u00e3o de recorda\u00e7\u00f5es por grosso, assegurando que cada pe\u00e7a seja aut\u00eantica e reflita a cultura costeira. Este pendente de estrela \u00e9 uma escolha perfeita para lojas de presentes tur\u00edsticos que procuram artigos decorativos com significado e apelo cultural.<\/p>\n","protected":false},"excerpt":{"rendered":"<p>Pendente de madeira com forma de estrela, ideal para decorar espa\u00e7os com um toque costeiro. Este encantador objeto apresenta uma estrela azulada juntamente com motivos marinhos como conchas e elementos de madeira, montados de forma equilibrada. O seu design natural real\u00e7a a ess\u00eancia do mar e \u00e9 perfeito para adicionar um ar relaxante a qualquer canto da casa, evocando as praias do Mediterr\u00e2neo.<\/p>\n","protected":false},"featured_media":9636,"template":"","meta":{"_acf_changed":false},"product_brand":[],"product_cat":[794],"product_tag":[516],"class_list":{"0":"post-31114","1":"product","2":"type-product","3":"status-publish","4":"has-post-thumbnail","6":"product_cat-pendentes","7":"product_tag-animais","8":"pa_motivo-estrelas","10":"first","11":"instock","12":"shipping-taxable","13":"product-type-simple"},"acf":[],"_links":{"self":[{"href":"https:\/\/olemosaic.orbitalia.org\/pt-pt\/wp-json\/wp\/v2\/product\/31114","targetHints":{"allow":["GET"]}}],"collection":[{"href":"https:\/\/olemosaic.orbitalia.org\/pt-pt\/wp-json\/wp\/v2\/product"}],"about":[{"href":"https:\/\/olemosaic.orbitalia.org\/pt-pt\/wp-json\/wp\/v2\/types\/product"}],"wp:featuredmedia":[{"embeddable":true,"href":"https:\/\/olemosaic.orbitalia.org\/pt-pt\/wp-json\/wp\/v2\/media\/9636"}],"wp:attachment":[{"href":"https:\/\/olemosaic.orbitalia.org\/pt-pt\/wp-json\/wp\/v2\/media?parent=31114"}],"wp:term":[{"taxonomy":"product_brand","embeddable":true,"href":"https:\/\/olemosaic.orbitalia.org\/pt-pt\/wp-json\/wp\/v2\/product_brand?post=31114"},{"taxonomy":"product_cat","embeddable":true,"href":"https:\/\/olemosaic.orbitalia.org\/pt-pt\/wp-json\/wp\/v2\/product_cat?post=31114"},{"taxonomy":"product_tag","embeddable":true,"href":"https:\/\/olemosaic.orbitalia.org\/pt-pt\/wp-json\/wp\/v2\/product_tag?post=31114"}],"curies":[{"name":"wp","href":"https:\/\/api.w.org\/{rel}","templated":true}]}}