{"id":31113,"date":"2025-02-20T23:31:23","date_gmt":"2025-02-20T22:31:23","guid":{"rendered":"https:\/\/olemosaic.orbitalia.org\/producto\/colgante-de-madera-flores\/"},"modified":"2025-07-25T19:21:12","modified_gmt":"2025-07-25T17:21:12","slug":"pendente-de-madeira-flores","status":"publish","type":"product","link":"https:\/\/olemosaic.orbitalia.org\/pt-pt\/produto\/pendente-de-madeira-flores\/","title":{"rendered":"Pendente de madeira. Flores."},"content":{"rendered":"<p>Este pendente decorativo de madeira \u00e9 uma pe\u00e7a encantadora que adiciona um toque costeiro e fresco a qualquer canto da sua casa. Com um design que combina motivos florais e estrelas-do-mar, este adorno \u00e9 cuidadosamente elaborado em tons suaves de branco e azul, evocando a serenidade e a beleza do mar. A disposi\u00e7\u00e3o dos seus elementos, com pe\u00e7as de madeira entrela\u00e7adas, real\u00e7a o seu apelo visual, criando um efeito din\u00e2mico e alegre que captura a ess\u00eancia do ambiente de ver\u00e3o.<\/p>\n<p>Os detalhes pintados \u00e0 m\u00e3o das estrelas-do-mar, com a sua cor azul vibrante, contrastam na perfei\u00e7\u00e3o com as texturas brancas da madeira, gerando uma sensa\u00e7\u00e3o de calma e frescura que ressoa com a vida mar\u00edtima. Este pendente n\u00e3o serve apenas como um belo detalhe decorativo, mas tamb\u00e9m simboliza a liga\u00e7\u00e3o cultural com as tradi\u00e7\u00f5es costeiras de Espanha e Portugal, onde o mar desempenha um papel fundamental na vida quotidiana e na cultura local.<\/p>\n<p>Perfeito para quem procura recorda\u00e7\u00f5es que representem a beleza do litoral, este pendente \u00e9 uma excelente adi\u00e7\u00e3o para lojas de presentes tur\u00edsticos. Na Ol\u00e9 Mosaic, como grossista de recorda\u00e7\u00f5es aut\u00eanticas, oferecemos produtos que celebram a riqueza cultural de la regi\u00e3o, tornando este pendente uma recorda\u00e7\u00e3o ideal para qualquer visitante que deseje levar um pedacinho da costa para casa.<\/p>\n","protected":false},"excerpt":{"rendered":"<p>Pendente decorativo de madeira com motivos florais e estrelas-do-mar, perfeito para adicionar um toque costeiro a qualquer espa\u00e7o. Este artigo combina elementos em tons de branco e azul, apresentando pe\u00e7as de madeira entrela\u00e7adas com estrelas-do-mar com efeito pintado \u00e0 m\u00e3o. O seu design fresco e alegre evoca a ess\u00eancia do mar, tornando-o um detalhe decorativo ideal para o lar ou para criar um ambiente de ver\u00e3o.<\/p>\n","protected":false},"featured_media":9640,"template":"","meta":{"_acf_changed":false},"product_brand":[],"product_cat":[794],"product_tag":[516],"class_list":{"0":"post-31113","1":"product","2":"type-product","3":"status-publish","4":"has-post-thumbnail","6":"product_cat-pendentes","7":"product_tag-animais","8":"pa_motivo-flores","10":"first","11":"instock","12":"shipping-taxable","13":"product-type-simple"},"acf":[],"_links":{"self":[{"href":"https:\/\/olemosaic.orbitalia.org\/pt-pt\/wp-json\/wp\/v2\/product\/31113","targetHints":{"allow":["GET"]}}],"collection":[{"href":"https:\/\/olemosaic.orbitalia.org\/pt-pt\/wp-json\/wp\/v2\/product"}],"about":[{"href":"https:\/\/olemosaic.orbitalia.org\/pt-pt\/wp-json\/wp\/v2\/types\/product"}],"wp:featuredmedia":[{"embeddable":true,"href":"https:\/\/olemosaic.orbitalia.org\/pt-pt\/wp-json\/wp\/v2\/media\/9640"}],"wp:attachment":[{"href":"https:\/\/olemosaic.orbitalia.org\/pt-pt\/wp-json\/wp\/v2\/media?parent=31113"}],"wp:term":[{"taxonomy":"product_brand","embeddable":true,"href":"https:\/\/olemosaic.orbitalia.org\/pt-pt\/wp-json\/wp\/v2\/product_brand?post=31113"},{"taxonomy":"product_cat","embeddable":true,"href":"https:\/\/olemosaic.orbitalia.org\/pt-pt\/wp-json\/wp\/v2\/product_cat?post=31113"},{"taxonomy":"product_tag","embeddable":true,"href":"https:\/\/olemosaic.orbitalia.org\/pt-pt\/wp-json\/wp\/v2\/product_tag?post=31113"}],"curies":[{"name":"wp","href":"https:\/\/api.w.org\/{rel}","templated":true}]}}