{"id":31110,"date":"2025-02-20T22:31:23","date_gmt":"2025-02-20T22:31:23","guid":{"rendered":"https:\/\/olemosaic.orbitalia.org\/producto\/colgante-de-madera-buhos\/"},"modified":"2025-07-25T18:45:10","modified_gmt":"2025-07-25T16:45:10","slug":"penduricalho-de-madeira-corujas","status":"publish","type":"product","link":"https:\/\/olemosaic.orbitalia.org\/pt-pt\/produto\/penduricalho-de-madeira-corujas\/","title":{"rendered":"Penduricalho de madeira. Corujas."},"content":{"rendered":"<p>Este penduricalho de madeira decorado com corujas \u00e9 uma pe\u00e7a encantadora que trar\u00e1 um toque r\u00fastico e natural a qualquer espa\u00e7o. Desenhado com v\u00e1rias pe\u00e7as de madeira em tons claros, inclui ador\u00e1veis corujas de cer\u00e2mica azul, que se destacam pelos seus detalhes visuais distintivos, como os seus grandes olhos, que parecem observar tudo. As formas irregulares das pe\u00e7as de madeira criam um efeito din\u00e2mico que real\u00e7a a qualidade artesanal do produto, fazendo deste penduricalho um elemento decorativo \u00fanico que evoca a tranquilidade da natureza.<\/p>\n<p>Este penduricalho n\u00e3o \u00e9 apenas um atraente elemento decorativo, mas tamb\u00e9m uma maravilhosa recorda\u00e7\u00e3o que liga \u00e0 rica tradi\u00e7\u00e3o do artesanato em muitas regi\u00f5es. As corujas, s\u00edmbolo de sabedoria e mist\u00e9rio em diversas culturas, tornaram-se um motivo popular que reflete a liga\u00e7\u00e3o entre a natureza e a criatividade humana. \u00c9 perfeito para aqueles turistas que procuram uma recorda\u00e7\u00e3o aut\u00eantica, carregada de significado cultural e estilo.<\/p>\n<p>Na Ol\u00e9 Mosaic, somos distribuidores de recorda\u00e7\u00f5es por grosso e este penduricalho \u00e9 uma excelente op\u00e7\u00e3o para lojas de presentes tur\u00edsticos que desejem oferecer produtos que se destaquem pelo seu design e qualidade. Com este penduricalho de madeira de corujas, os seus clientes levar\u00e3o um peda\u00e7o de cultura e estilo r\u00fastico.<\/p>\n","protected":false},"excerpt":{"rendered":"<p>Penduricalho de madeira decorado com corujas, ideal para trazer um toque r\u00fastico e natural a qualquer espa\u00e7o. O design combina pe\u00e7as de madeira em tons claros com uma ave de cer\u00e2mica azul, representando corujas com detalhes distintivos. A combina\u00e7\u00e3o de formas irregulares e a t\u00e9cnica artesanal real\u00e7a a qualidade do produto, tornando-o um elemento decorativo \u00fanico que evoca a tranquilidade da natureza. Perfeito para quem procura uma recorda\u00e7\u00e3o com car\u00e1cter e estilo.<\/p>\n","protected":false},"featured_media":9638,"template":"","meta":{"_acf_changed":false},"product_brand":[],"product_cat":[794],"product_tag":[516],"class_list":{"0":"post-31110","1":"product","2":"type-product","3":"status-publish","4":"has-post-thumbnail","6":"product_cat-pendentes","7":"product_tag-animais","8":"pa_motivo-corujas","10":"first","11":"instock","12":"shipping-taxable","13":"product-type-simple"},"acf":[],"_links":{"self":[{"href":"https:\/\/olemosaic.orbitalia.org\/pt-pt\/wp-json\/wp\/v2\/product\/31110","targetHints":{"allow":["GET"]}}],"collection":[{"href":"https:\/\/olemosaic.orbitalia.org\/pt-pt\/wp-json\/wp\/v2\/product"}],"about":[{"href":"https:\/\/olemosaic.orbitalia.org\/pt-pt\/wp-json\/wp\/v2\/types\/product"}],"wp:featuredmedia":[{"embeddable":true,"href":"https:\/\/olemosaic.orbitalia.org\/pt-pt\/wp-json\/wp\/v2\/media\/9638"}],"wp:attachment":[{"href":"https:\/\/olemosaic.orbitalia.org\/pt-pt\/wp-json\/wp\/v2\/media?parent=31110"}],"wp:term":[{"taxonomy":"product_brand","embeddable":true,"href":"https:\/\/olemosaic.orbitalia.org\/pt-pt\/wp-json\/wp\/v2\/product_brand?post=31110"},{"taxonomy":"product_cat","embeddable":true,"href":"https:\/\/olemosaic.orbitalia.org\/pt-pt\/wp-json\/wp\/v2\/product_cat?post=31110"},{"taxonomy":"product_tag","embeddable":true,"href":"https:\/\/olemosaic.orbitalia.org\/pt-pt\/wp-json\/wp\/v2\/product_tag?post=31110"}],"curies":[{"name":"wp","href":"https:\/\/api.w.org\/{rel}","templated":true}]}}