{"id":31109,"date":"2025-02-20T22:31:23","date_gmt":"2025-02-20T22:31:23","guid":{"rendered":"https:\/\/olemosaic.orbitalia.org\/producto\/colgante-de-madera-estrella\/"},"modified":"2025-07-25T18:49:35","modified_gmt":"2025-07-25T16:49:35","slug":"penduricalho-de-madeira-estrela","status":"publish","type":"product","link":"https:\/\/olemosaic.orbitalia.org\/pt-pt\/produto\/penduricalho-de-madeira-estrela\/","title":{"rendered":"Penduricalho de madeira. Estrela."},"content":{"rendered":"<p>Este penduricalho de madeira com forma de estrela \u00e9 um artigo requintado que captura a ess\u00eancia das praias do sul de Espanha, ideal para quem procura um toque natural e mar\u00edtimo para o seu lar. Elaborado com madeira clara de alta qualidade, apresenta um design minimalista que combina elementos decorativos como conchas marinhas e uma estrela num elegante tom branco, evocando a tranquilidade e frescura de um dia na costa. Cada elemento est\u00e1 cuidadosamente disposto, criando um equil\u00edbrio que atrai a aten\u00e7\u00e3o e proporciona uma sensa\u00e7\u00e3o de relaxamento em qualquer espa\u00e7o.<\/p>\n<p>A forma de estrela representa a liga\u00e7\u00e3o com o mar e a navega\u00e7\u00e3o, um s\u00edmbolo crucial na cultura costeira espanhola, que reflete o estilo de vida mediterr\u00e2nico. Este penduricalho real\u00e7a a autenticidade da tradi\u00e7\u00e3o decorativa mar\u00edtima e \u00e9 a recorda\u00e7\u00e3o perfeita para os turistas que desejam levar uma lembran\u00e7a significativa das suas f\u00e9rias na costa.<\/p>\n<p>Na Ol\u00e9 Mosaic, dedicamo-nos \u00e0 distribui\u00e7\u00e3o de recorda\u00e7\u00f5es por grosso, oferecendo artigos funcionais e representativos da cultura local. Este penduricalho de madeira n\u00e3o \u00e9 apenas uma pe\u00e7a decorativa excecional, mas tamb\u00e9m uma excelente op\u00e7\u00e3o para lojas de presentes tur\u00edsticos que procuram produtos com relev\u00e2ncia cultural e est\u00e9tica. Com a sua autenticidade e apelo est\u00e9tico, este penduricalho ir\u00e1 certamente apaixonar os visitantes, levando um pedacinho do vibrante litoral espanhol para as suas casas.<\/p>\n","protected":false},"excerpt":{"rendered":"<p>Penduricalho de madeira com forma de estrela, ideal para decorar qualquer espa\u00e7o com um toque natural e mar\u00edtimo. Este elegante artigo apresenta uma combina\u00e7\u00e3o de pe\u00e7as de madeira clara e um design minimalista, com elementos decorativos como conchas e uma estrela branca. Perfeito para evocar a ess\u00eancia das praias do sul de Espanha, este penduricalho traz um ar fresco e relaxado a qualquer lar.<\/p>\n","protected":false},"featured_media":9632,"template":"","meta":{"_acf_changed":false},"product_brand":[],"product_cat":[794],"product_tag":[516],"class_list":{"0":"post-31109","1":"product","2":"type-product","3":"status-publish","4":"has-post-thumbnail","6":"product_cat-pendentes","7":"product_tag-animais","8":"pa_motivo-estrelas","10":"first","11":"instock","12":"shipping-taxable","13":"product-type-simple"},"acf":[],"_links":{"self":[{"href":"https:\/\/olemosaic.orbitalia.org\/pt-pt\/wp-json\/wp\/v2\/product\/31109","targetHints":{"allow":["GET"]}}],"collection":[{"href":"https:\/\/olemosaic.orbitalia.org\/pt-pt\/wp-json\/wp\/v2\/product"}],"about":[{"href":"https:\/\/olemosaic.orbitalia.org\/pt-pt\/wp-json\/wp\/v2\/types\/product"}],"wp:featuredmedia":[{"embeddable":true,"href":"https:\/\/olemosaic.orbitalia.org\/pt-pt\/wp-json\/wp\/v2\/media\/9632"}],"wp:attachment":[{"href":"https:\/\/olemosaic.orbitalia.org\/pt-pt\/wp-json\/wp\/v2\/media?parent=31109"}],"wp:term":[{"taxonomy":"product_brand","embeddable":true,"href":"https:\/\/olemosaic.orbitalia.org\/pt-pt\/wp-json\/wp\/v2\/product_brand?post=31109"},{"taxonomy":"product_cat","embeddable":true,"href":"https:\/\/olemosaic.orbitalia.org\/pt-pt\/wp-json\/wp\/v2\/product_cat?post=31109"},{"taxonomy":"product_tag","embeddable":true,"href":"https:\/\/olemosaic.orbitalia.org\/pt-pt\/wp-json\/wp\/v2\/product_tag?post=31109"}],"curies":[{"name":"wp","href":"https:\/\/api.w.org\/{rel}","templated":true}]}}