{"id":31061,"date":"2025-02-20T23:31:22","date_gmt":"2025-02-20T22:31:22","guid":{"rendered":"https:\/\/olemosaic.orbitalia.org\/producto\/colgador-de-ceramica-golondrina-2\/"},"modified":"2025-07-25T19:21:13","modified_gmt":"2025-07-25T17:21:13","slug":"cabide-de-ceramica-andorinha-2","status":"publish","type":"product","link":"https:\/\/olemosaic.orbitalia.org\/pt-pt\/produto\/cabide-de-ceramica-andorinha-2\/","title":{"rendered":"Cabide de cer\u00e2mica. Andorinha. V\u00e1rias cores."},"content":{"rendered":"<p>Este cabide de cer\u00e2mica em forma de andorinha \u00e9 uma pe\u00e7a decorativa aut\u00eantica que presta homenagem ao folclore espanhol, ideal para quem procura souvenirs representativos de Espanha. Fabricado com cer\u00e2mica de alta qualidade e pintado \u00e0 m\u00e3o, o cabide destaca-se pela sua vibrante paleta de cores, que inclui tons de azul, amarelo, vermelho e verde. O seu design apresenta um delicado motivo floral que simboliza a alegria da primavera, adicionando um toque de frescura e vitalidade a qualquer espa\u00e7o.<\/p>\n<p>A andorinha, uma ave que \u00e9 s\u00edmbolo de boa sorte e felicidade na cultura hisp\u00e2nica, est\u00e1 representada num estilo que evoca a t\u00e9cnica tradicional da cer\u00e2mica andaluza, real\u00e7ando o esplendor do artesanato local. Este cabide n\u00e3o \u00e9 apenas um objeto funcional, mas tamb\u00e9m uma bela recorda\u00e7\u00e3o da rica heran\u00e7a cultural da regi\u00e3o. Colocado na parede de uma casa, constitui um detalhe encantador que pode transformar qualquer divis\u00e3o, oferecendo um ar de calor e autenticidade.<\/p>\n<p>Na Ol\u00e9 Mosaic, somos especialistas na distribui\u00e7\u00e3o de souvenirs de cer\u00e2mica por grosso. Este cabide de andorinha \u00e9 uma op\u00e7\u00e3o excelente para lojas de presentes tur\u00edsticos que procuram captar a ess\u00eancia das tradi\u00e7\u00f5es espanholas, oferecendo aos seus clientes uma recorda\u00e7\u00e3o \u00fanica e cheia de significado. Com o seu design atraente e a sua liga\u00e7\u00e3o cultural, torna-se o souvenir perfeito para que os turistas recordem a sua passagem por terras espanholas.<\/p>\n","protected":false},"excerpt":{"rendered":"<p>Cabide de cer\u00e2mica em forma de andorinha, uma pe\u00e7a decorativa de design artesanal, pintada \u00e0 m\u00e3o, que captura a ess\u00eancia do folclore espanhol. Este atraente cabide, colorido e vibrante, apresenta um delicado design floral em tons de azul, amarelo, vermelho e verde, que simboliza a alegria da primavera. Perfeito para adornar qualquer parede, evoca a t\u00e9cnica tradicional da cer\u00e2mica andaluza e torna-se um detalhe encantador para o lar.<\/p>\n","protected":false},"featured_media":11237,"template":"","meta":{"_acf_changed":false},"product_brand":[],"product_cat":[792],"product_tag":[516,515],"class_list":{"0":"post-31061","1":"product","2":"type-product","3":"status-publish","4":"has-post-thumbnail","6":"product_cat-cabides","7":"product_tag-animais","8":"product_tag-ceramica","9":"pa_motivo-andorinhas","11":"first","12":"instock","13":"shipping-taxable","14":"product-type-simple"},"acf":[],"_links":{"self":[{"href":"https:\/\/olemosaic.orbitalia.org\/pt-pt\/wp-json\/wp\/v2\/product\/31061","targetHints":{"allow":["GET"]}}],"collection":[{"href":"https:\/\/olemosaic.orbitalia.org\/pt-pt\/wp-json\/wp\/v2\/product"}],"about":[{"href":"https:\/\/olemosaic.orbitalia.org\/pt-pt\/wp-json\/wp\/v2\/types\/product"}],"wp:featuredmedia":[{"embeddable":true,"href":"https:\/\/olemosaic.orbitalia.org\/pt-pt\/wp-json\/wp\/v2\/media\/11237"}],"wp:attachment":[{"href":"https:\/\/olemosaic.orbitalia.org\/pt-pt\/wp-json\/wp\/v2\/media?parent=31061"}],"wp:term":[{"taxonomy":"product_brand","embeddable":true,"href":"https:\/\/olemosaic.orbitalia.org\/pt-pt\/wp-json\/wp\/v2\/product_brand?post=31061"},{"taxonomy":"product_cat","embeddable":true,"href":"https:\/\/olemosaic.orbitalia.org\/pt-pt\/wp-json\/wp\/v2\/product_cat?post=31061"},{"taxonomy":"product_tag","embeddable":true,"href":"https:\/\/olemosaic.orbitalia.org\/pt-pt\/wp-json\/wp\/v2\/product_tag?post=31061"}],"curies":[{"name":"wp","href":"https:\/\/api.w.org\/{rel}","templated":true}]}}