{"id":31058,"date":"2025-02-20T23:31:21","date_gmt":"2025-02-20T22:31:21","guid":{"rendered":"https:\/\/olemosaic.orbitalia.org\/producto\/colgador-de-ceramica-golondrina-lisboa-2\/"},"modified":"2025-07-25T18:37:58","modified_gmt":"2025-07-25T16:37:58","slug":"cabide-de-ceramica-andorinha-lisboa-2","status":"publish","type":"product","link":"https:\/\/olemosaic.orbitalia.org\/pt-pt\/produto\/cabide-de-ceramica-andorinha-lisboa-2\/","title":{"rendered":"Cabide de cer\u00e2mica. Andorinha. Colorido. Lisboa."},"content":{"rendered":"<p>Este cabide de cer\u00e2mica em forma de andorinha \u00e9 uma encantadora pe\u00e7a decorativa inspirada na vibrante cidade de Lisboa. O seu design, que evoca o folclore portugu\u00eas, apresenta uma alegre andorinha, s\u00edmbolo universal de renova\u00e7\u00e3o e felicidade. O acabamento pintado \u00e0 m\u00e3o destaca-se pelas suas cores vivas, com tons de vermelho, azul, amarelo e verde. Cada andorinha est\u00e1 adornada com motivos florais e geom\u00e9tricos, que contrastam fascinantemente com os detalhes em preto que real\u00e7am a sua forma estilizada e din\u00e2mica. Este cabide n\u00e3o \u00e9 apenas um elemento decorativo vers\u00e1til que embelezar\u00e1 qualquer canto da casa, mas tamb\u00e9m uma recorda\u00e7\u00e3o aut\u00eantica da rica cultura portuguesa.<\/p>\n<p>Os turistas que procuram souvenirs aut\u00eanticos sentir-se-\u00e3o atra\u00eddos por esta representa\u00e7\u00e3o de um elemento tradicional, que transporta consigo a alegria de Lisboa e serve como um peda\u00e7o da sua experi\u00eancia cultural. Na Ol\u00e9 Mosaic, especializamo-nos na distribui\u00e7\u00e3o de souvenirs por grosso, oferecendo cabides de cer\u00e2mica de Lisboa que combinam arte e tradi\u00e7\u00e3o. Este cabide de andorinha \u00e9 uma op\u00e7\u00e3o ideal para lojas de presentes tur\u00edsticos que desejem oferecer produtos \u00fanicos e representativos que capturem a ess\u00eancia de Portugal. Como grossistas de souvenirs, garantimos a qualidade e a autenticidade que os seus clientes procuram.<\/p>\n","protected":false},"excerpt":{"rendered":"<p>Cabide de cer\u00e2mica em forma de andorinha, inspirado na vibrante Lisboa. Este design encantador destaca-se pelo seu colorido e alegria, com um acabamento de design artesanal, pintado \u00e0 m\u00e3o, que apresenta motivos florais em tons de vermelho, azul, amarelo e verde. Representa a andorinha, s\u00edmbolo de alegria e renova\u00e7\u00e3o, e est\u00e1 adornado com detalhes em preto que real\u00e7am a sua forma estilizada. Ideal para decorar qualquer espa\u00e7o e adicionar um toque tradicional portugu\u00eas.<\/p>\n","protected":false},"featured_media":11238,"template":"","meta":{"_acf_changed":false},"product_brand":[],"product_cat":[792],"product_tag":[516,515],"class_list":{"0":"post-31058","1":"product","2":"type-product","3":"status-publish","4":"has-post-thumbnail","6":"product_cat-cabides","7":"product_tag-animais","8":"product_tag-ceramica","9":"pa_ciudad-lisboa","10":"pa_motivo-andorinhas","11":"pa_pais-portugal","13":"first","14":"instock","15":"shipping-taxable","16":"product-type-simple"},"acf":[],"_links":{"self":[{"href":"https:\/\/olemosaic.orbitalia.org\/pt-pt\/wp-json\/wp\/v2\/product\/31058","targetHints":{"allow":["GET"]}}],"collection":[{"href":"https:\/\/olemosaic.orbitalia.org\/pt-pt\/wp-json\/wp\/v2\/product"}],"about":[{"href":"https:\/\/olemosaic.orbitalia.org\/pt-pt\/wp-json\/wp\/v2\/types\/product"}],"wp:featuredmedia":[{"embeddable":true,"href":"https:\/\/olemosaic.orbitalia.org\/pt-pt\/wp-json\/wp\/v2\/media\/11238"}],"wp:attachment":[{"href":"https:\/\/olemosaic.orbitalia.org\/pt-pt\/wp-json\/wp\/v2\/media?parent=31058"}],"wp:term":[{"taxonomy":"product_brand","embeddable":true,"href":"https:\/\/olemosaic.orbitalia.org\/pt-pt\/wp-json\/wp\/v2\/product_brand?post=31058"},{"taxonomy":"product_cat","embeddable":true,"href":"https:\/\/olemosaic.orbitalia.org\/pt-pt\/wp-json\/wp\/v2\/product_cat?post=31058"},{"taxonomy":"product_tag","embeddable":true,"href":"https:\/\/olemosaic.orbitalia.org\/pt-pt\/wp-json\/wp\/v2\/product_tag?post=31058"}],"curies":[{"name":"wp","href":"https:\/\/api.w.org\/{rel}","templated":true}]}}