{"id":31056,"date":"2025-02-20T23:31:21","date_gmt":"2025-02-20T22:31:21","guid":{"rendered":"https:\/\/olemosaic.orbitalia.org\/producto\/colgador-de-ceramica-golondrina-mosaico-7\/"},"modified":"2025-07-25T18:42:32","modified_gmt":"2025-07-25T16:42:32","slug":"cabide-de-ceramica-andorinha-mosaico-7","status":"publish","type":"product","link":"https:\/\/olemosaic.orbitalia.org\/pt-pt\/produto\/cabide-de-ceramica-andorinha-mosaico-7\/","title":{"rendered":"Cabide de cer\u00e2mica. Andorinha. Mosaico. Folclore espanhol."},"content":{"rendered":"<p>Este cabide de cer\u00e2mica com forma de andorinha \u00e9 uma aut\u00eantica obra-prima do artesanato espanhol, ideal para quem procura uma recorda\u00e7\u00e3o que combine est\u00e9tica e valor cultural. O design requintado, pintado \u00e0 m\u00e3o, apresenta um vibrante mosaico de cores com tons azuis, verdes e vermelhos que evocam os padr\u00f5es tradicionais da cer\u00e2mica espanhola. A andorinha, s\u00edmbolo da primavera e da boa sorte, parece estar em pleno voo, adicionando dinamismo e alegria a qualquer espa\u00e7o.<\/p>\n<p>Os intrincados detalhes do mosaico refletem a rica heran\u00e7a folcl\u00f3rica de diversas regi\u00f5es de Espanha, tornando este cabide uma representa\u00e7\u00e3o visual da cultura espanhola. Cada sec\u00e7\u00e3o do mosaico \u00e9 meticulosamente elaborada, capturando a ess\u00eancia da arte cer\u00e2mica que perdurou ao longo dos s\u00e9culos. Esta pe\u00e7a \u00e9 mais do que um simples objeto decorativo; \u00e9 uma recorda\u00e7\u00e3o da nossa liga\u00e7\u00e3o com a natureza e a boa fortuna.<\/p>\n<p>Na Ol\u00e9 Mosaic, especializamo-nos na distribui\u00e7\u00e3o por grosso de recorda\u00e7\u00f5es aut\u00eanticas, e este cabide de andorinha \u00e9 uma excelente op\u00e7\u00e3o para lojas de presentes tur\u00edsticos que desejem oferecer produtos que n\u00e3o s\u00f3 embelezam, mas tamb\u00e9m contam uma hist\u00f3ria. \u00c9 o presente perfeito para turistas que procuram levar para casa um peda\u00e7o do encantador folclore espanhol.<\/p>\n","protected":false},"excerpt":{"rendered":"<p>Cabide de cer\u00e2mica com forma de andorinha, decorado com um vibrante mosaico de cores e padr\u00f5es tradicionais. Este elemento decorativo, de design artesanal, pintado \u00e0 m\u00e3o, representa a beleza da arte cer\u00e2mica espanhola, com intrincados detalhes que evocam o folclore de diversas regi\u00f5es. A andorinha, s\u00edmbolo da primavera e da boa sorte, apresenta-se numa atraente combina\u00e7\u00e3o de azuis, verdes e vermelhos, ideal para adicionar um toque artesanal e cultural a qualquer espa\u00e7o.<\/p>\n","protected":false},"featured_media":11233,"template":"","meta":{"_acf_changed":false},"product_brand":[],"product_cat":[792],"product_tag":[516,515],"class_list":{"0":"post-31056","1":"product","2":"type-product","3":"status-publish","4":"has-post-thumbnail","6":"product_cat-cabides","7":"product_tag-animais","8":"product_tag-ceramica","9":"pa_motivo-andorinhas","11":"first","12":"instock","13":"shipping-taxable","14":"product-type-simple"},"acf":[],"_links":{"self":[{"href":"https:\/\/olemosaic.orbitalia.org\/pt-pt\/wp-json\/wp\/v2\/product\/31056","targetHints":{"allow":["GET"]}}],"collection":[{"href":"https:\/\/olemosaic.orbitalia.org\/pt-pt\/wp-json\/wp\/v2\/product"}],"about":[{"href":"https:\/\/olemosaic.orbitalia.org\/pt-pt\/wp-json\/wp\/v2\/types\/product"}],"wp:featuredmedia":[{"embeddable":true,"href":"https:\/\/olemosaic.orbitalia.org\/pt-pt\/wp-json\/wp\/v2\/media\/11233"}],"wp:attachment":[{"href":"https:\/\/olemosaic.orbitalia.org\/pt-pt\/wp-json\/wp\/v2\/media?parent=31056"}],"wp:term":[{"taxonomy":"product_brand","embeddable":true,"href":"https:\/\/olemosaic.orbitalia.org\/pt-pt\/wp-json\/wp\/v2\/product_brand?post=31056"},{"taxonomy":"product_cat","embeddable":true,"href":"https:\/\/olemosaic.orbitalia.org\/pt-pt\/wp-json\/wp\/v2\/product_cat?post=31056"},{"taxonomy":"product_tag","embeddable":true,"href":"https:\/\/olemosaic.orbitalia.org\/pt-pt\/wp-json\/wp\/v2\/product_tag?post=31056"}],"curies":[{"name":"wp","href":"https:\/\/api.w.org\/{rel}","templated":true}]}}