{"id":31054,"date":"2025-02-20T23:31:21","date_gmt":"2025-02-20T22:31:21","guid":{"rendered":"https:\/\/olemosaic.orbitalia.org\/producto\/colgador-de-ceramica-golondrina-lisboa-mosaico-6\/"},"modified":"2025-07-25T19:42:57","modified_gmt":"2025-07-25T17:42:57","slug":"cabide-de-ceramica-andorinha-lisboa-mosaico-6","status":"publish","type":"product","link":"https:\/\/olemosaic.orbitalia.org\/pt-pt\/produto\/cabide-de-ceramica-andorinha-lisboa-mosaico-6\/","title":{"rendered":"Cabide de cer\u00e2mica. Andorinha. Lisboa. Mosaico."},"content":{"rendered":"<p>Este cabide de cer\u00e2mica com forma de andorinha \u00e9 um reflexo vibrante da ess\u00eancia cultural de Lisboa, uma lembran\u00e7a que captura a beleza e o colorido dos mosaicos tradicionais portugueses. Confecionado em cer\u00e2mica pintada \u00e0 m\u00e3o, este elegante artigo apresenta um design cativante que combina padr\u00f5es geom\u00e9tricos e florais numa paleta de tons vermelhos, azuis e amarelos. Cada detalhe da andorinha est\u00e1 meticulosamente elaborado para transmitir uma sensa\u00e7\u00e3o de liberdade e alegria, simbolizando o esp\u00edrito vibrante que caracteriza a capital lusa.<\/p>\n<p>As curvas suaves da figura evocam o voo elegante desta ave, enquanto os intrincados designs da sua superf\u00edcie prestam homenagem \u00e0 rica tradi\u00e7\u00e3o dos azulejos lisboetas. Este cabide n\u00e3o \u00e9 apenas um acess\u00f3rio decorativo perfeito para qualquer casa, mas tamb\u00e9m serve como uma excelente recorda\u00e7\u00e3o das tradi\u00e7\u00f5es culturais de Portugal, tornando-se uma lembran\u00e7a aut\u00eantica que enriquece qualquer cole\u00e7\u00e3o.<\/p>\n<p>Na Ol\u00e9 Mosaic, como grossista de lembran\u00e7as, oferecemos este cabide de cer\u00e2mica como uma op\u00e7\u00e3o excecional para lojas de presentes tur\u00edsticos que desejem oferecer produtos aut\u00eanticos e representativos da cultura portuguesa. Com cada pe\u00e7a, garantimos qualidade e singularidade, ideal para aqueles que procuram capturar a ess\u00eancia de Lisboa num belo objeto decorativo.<\/p>\n","protected":false},"excerpt":{"rendered":"<p>Cabide de cer\u00e2mica com forma de andorinha, inspirado nos coloridos mosaicos de Lisboa. Este elegante artigo, realizado em cer\u00e2mica de design artesanal, pintado \u00e0 m\u00e3o, apresenta um design vibrante com uma variedade de motivos geom\u00e9tricos e florais em tons vermelhos, azuis e amarelos. A figura da andorinha simboliza a liberdade e a alegria, tornando este cabide num acess\u00f3rio decorativo perfeito que evoca a rica tradi\u00e7\u00e3o cultural de Portugal e a beleza dos seus azulejos.<\/p>\n","protected":false},"featured_media":11218,"template":"","meta":{"_acf_changed":false},"product_brand":[],"product_cat":[792],"product_tag":[516,515],"class_list":{"0":"post-31054","1":"product","2":"type-product","3":"status-publish","4":"has-post-thumbnail","6":"product_cat-cabides","7":"product_tag-animais","8":"product_tag-ceramica","9":"pa_ciudad-lisboa","10":"pa_motivo-andorinhas","11":"pa_pais-portugal","13":"first","14":"instock","15":"shipping-taxable","16":"product-type-simple"},"acf":[],"_links":{"self":[{"href":"https:\/\/olemosaic.orbitalia.org\/pt-pt\/wp-json\/wp\/v2\/product\/31054","targetHints":{"allow":["GET"]}}],"collection":[{"href":"https:\/\/olemosaic.orbitalia.org\/pt-pt\/wp-json\/wp\/v2\/product"}],"about":[{"href":"https:\/\/olemosaic.orbitalia.org\/pt-pt\/wp-json\/wp\/v2\/types\/product"}],"wp:featuredmedia":[{"embeddable":true,"href":"https:\/\/olemosaic.orbitalia.org\/pt-pt\/wp-json\/wp\/v2\/media\/11218"}],"wp:attachment":[{"href":"https:\/\/olemosaic.orbitalia.org\/pt-pt\/wp-json\/wp\/v2\/media?parent=31054"}],"wp:term":[{"taxonomy":"product_brand","embeddable":true,"href":"https:\/\/olemosaic.orbitalia.org\/pt-pt\/wp-json\/wp\/v2\/product_brand?post=31054"},{"taxonomy":"product_cat","embeddable":true,"href":"https:\/\/olemosaic.orbitalia.org\/pt-pt\/wp-json\/wp\/v2\/product_cat?post=31054"},{"taxonomy":"product_tag","embeddable":true,"href":"https:\/\/olemosaic.orbitalia.org\/pt-pt\/wp-json\/wp\/v2\/product_tag?post=31054"}],"curies":[{"name":"wp","href":"https:\/\/api.w.org\/{rel}","templated":true}]}}