{"id":31053,"date":"2025-02-20T23:31:21","date_gmt":"2025-02-20T22:31:21","guid":{"rendered":"https:\/\/olemosaic.orbitalia.org\/producto\/colgador-de-ceramica-golondrina-lisboa-mosaico-5\/"},"modified":"2025-07-25T18:34:13","modified_gmt":"2025-07-25T16:34:13","slug":"cabide-de-ceramica-andorinha-lisboa-mosaico-5","status":"publish","type":"product","link":"https:\/\/olemosaic.orbitalia.org\/pt-pt\/produto\/cabide-de-ceramica-andorinha-lisboa-mosaico-5\/","title":{"rendered":"Cabide de cer\u00e2mica. Andorinha. Lisboa. Mosaico. Trencad\u00eds."},"content":{"rendered":"<p>Este cabide de cer\u00e2mica com forma de andorinha \u00e9 uma bela recorda\u00e7\u00e3o que captura a ess\u00eancia vibrante de Lisboa e a sua rica tradi\u00e7\u00e3o de mosaicos. Elaborado com esmero, este elemento decorativo apresenta um padr\u00e3o colorido de azulejos que combina tons vibrantes como o azul, o vermelho, o verde e o amarelo, evocando a t\u00e9cnica do trencad\u00eds, t\u00e3o caracter\u00edstica da cultura portuguesa. A aten\u00e7\u00e3o ao detalhe no acabamento pintado \u00e0 m\u00e3o garante que cada pe\u00e7a seja \u00fanica, real\u00e7ando a mestria dos artes\u00e3os locais e a autenticidade do folclore da regi\u00e3o.<\/p>\n<p>A andorinha, um s\u00edmbolo de amor e felicidade, n\u00e3o s\u00f3 serve como um atraente elemento decorativo, como tamb\u00e9m representa os la\u00e7os familiares e a nostalgia, o que a torna uma espl\u00eandida recorda\u00e7\u00e3o de Lisboa. O seu design \u00e9 ideal para quem deseja levar um peda\u00e7o da cultura portuguesa para as suas casas, seja como cabide funcional ou como pe\u00e7a ornamental numa parede.<\/p>\n<p>Na Ol\u00e9 Mosaic, compreendemos a import\u00e2ncia das recorda\u00e7\u00f5es aut\u00eanticas que ligam os turistas \u00e0 tradi\u00e7\u00e3o local. Este cabide de cer\u00e2mica \u00e9 uma escolha excelente para as lojas de presentes tur\u00edsticos que procuram oferecer produtos distintivos e culturais, consolidando a sua relev\u00e2ncia no mercado de lembran\u00e7as de Lisboa. Descubra a beleza dos mosaicos portugueses com esta encantadora andorinha!<\/p>\n","protected":false},"excerpt":{"rendered":"<p>Cabide de cer\u00e2mica com forma de andorinha, inspirado na colorida tradi\u00e7\u00e3o dos azulejos lisboetas. Este belo cabide est\u00e1 desenhado com um variado padr\u00e3o de azulejos em tons vibrantes como o azul, o vermelho, o verde e o amarelo, imitando a t\u00e9cnica do trencad\u00eds. O seu acabamento de design artesanal, pintado \u00e0 m\u00e3o, real\u00e7a a riqueza do folclore portugu\u00eas, sendo um adorno encantador para qualquer casa. Ideal para quem deseja levar um peda\u00e7o de Lisboa.<\/p>\n","protected":false},"featured_media":11224,"template":"","meta":{"_acf_changed":false},"product_brand":[],"product_cat":[792],"product_tag":[516,515],"class_list":{"0":"post-31053","1":"product","2":"type-product","3":"status-publish","4":"has-post-thumbnail","6":"product_cat-cabides","7":"product_tag-animais","8":"product_tag-ceramica","9":"pa_ciudad-lisboa","10":"pa_motivo-andorinhas","11":"pa_pais-portugal","13":"first","14":"instock","15":"shipping-taxable","16":"product-type-simple"},"acf":[],"_links":{"self":[{"href":"https:\/\/olemosaic.orbitalia.org\/pt-pt\/wp-json\/wp\/v2\/product\/31053","targetHints":{"allow":["GET"]}}],"collection":[{"href":"https:\/\/olemosaic.orbitalia.org\/pt-pt\/wp-json\/wp\/v2\/product"}],"about":[{"href":"https:\/\/olemosaic.orbitalia.org\/pt-pt\/wp-json\/wp\/v2\/types\/product"}],"wp:featuredmedia":[{"embeddable":true,"href":"https:\/\/olemosaic.orbitalia.org\/pt-pt\/wp-json\/wp\/v2\/media\/11224"}],"wp:attachment":[{"href":"https:\/\/olemosaic.orbitalia.org\/pt-pt\/wp-json\/wp\/v2\/media?parent=31053"}],"wp:term":[{"taxonomy":"product_brand","embeddable":true,"href":"https:\/\/olemosaic.orbitalia.org\/pt-pt\/wp-json\/wp\/v2\/product_brand?post=31053"},{"taxonomy":"product_cat","embeddable":true,"href":"https:\/\/olemosaic.orbitalia.org\/pt-pt\/wp-json\/wp\/v2\/product_cat?post=31053"},{"taxonomy":"product_tag","embeddable":true,"href":"https:\/\/olemosaic.orbitalia.org\/pt-pt\/wp-json\/wp\/v2\/product_tag?post=31053"}],"curies":[{"name":"wp","href":"https:\/\/api.w.org\/{rel}","templated":true}]}}