{"id":31052,"date":"2025-02-20T23:31:20","date_gmt":"2025-02-20T22:31:20","guid":{"rendered":"https:\/\/olemosaic.orbitalia.org\/producto\/colgador-de-ceramica-golondrina-mosaico-5\/"},"modified":"2025-07-25T18:42:30","modified_gmt":"2025-07-25T16:42:30","slug":"cabide-de-ceramica-andorinha-mosaico-5","status":"publish","type":"product","link":"https:\/\/olemosaic.orbitalia.org\/pt-pt\/produto\/cabide-de-ceramica-andorinha-mosaico-5\/","title":{"rendered":"Cabide de cer\u00e2mica. Andorinha. Mosaico. Espanha."},"content":{"rendered":"<p>Este cabide de cer\u00e2mica com forma de andorinha \u00e9 um belo acess\u00f3rio decorativo que captura a ess\u00eancia da arte espanhola com o seu vibrante design em mosaico. Cada pe\u00e7a, cuidadosamente pintada \u00e0 m\u00e3o, mostra uma variedade de padr\u00f5es tradicionais que evocam a rica heran\u00e7a cultural de Espanha. Predominam os tons coloridos de azul, vermelho e verde, que se entrela\u00e7am para formar um motivo atraente que trar\u00e1 um ar alegre e aut\u00eantico a qualquer espa\u00e7o. A forma distinta da andorinha n\u00e3o s\u00f3 simboliza a chegada da primavera, como tamb\u00e9m serve como uma recorda\u00e7\u00e3o representativa do calor e da beleza da vida no Mediterr\u00e2neo.<\/p>\n<p>Este cabide \u00e9 uma excelente op\u00e7\u00e3o tanto pela sua funcionalidade como pela sua est\u00e9tica, ideal para pendurar em paredes de casas, escrit\u00f3rios ou lojas de presentes tur\u00edsticos. O seu design atraente torna-o uma lembran\u00e7a perfeita para quem procura levar um pedacinho de Espanha. Na Ol\u00e9 Mosaic, orgulhamo-nos de oferecer lembran\u00e7as aut\u00eanticas que refletem o artesanato local. Este cabide de cer\u00e2mica \u00e9 ideal para lojas de recorda\u00e7\u00f5es que desejem oferecer produtos \u00fanicos e de alta qualidade, perfeitos para celebrar la cultura espanhola. Com a sua combina\u00e7\u00e3o de arte e utilidade, este cabide de andorinha destaca-se como uma excelente lembran\u00e7a de cer\u00e2mica que encantar\u00e1 todos.<\/p>\n","protected":false},"excerpt":{"rendered":"<p>Cabide de cer\u00e2mica com forma de andorinha, desenhado com um mosaico colorido que evoca os padr\u00f5es tradicionais da cer\u00e2mica espanhola. Este belo acess\u00f3rio decorativo destaca-se pela sua t\u00e9cnica de design artesanal, pintado \u00e0 m\u00e3o, que ilumina cada detalhe com cores vibrantes como o azul, o vermelho e o verde. Ideal para pendurar em qualquer espa\u00e7o, este cabide combina arte e funcionalidade, adicionando um toque aut\u00eantico e encantador \u00e0 decora\u00e7\u00e3o da casa.<\/p>\n","protected":false},"featured_media":11223,"template":"","meta":{"_acf_changed":false},"product_brand":[],"product_cat":[792],"product_tag":[516,515],"class_list":{"0":"post-31052","1":"product","2":"type-product","3":"status-publish","4":"has-post-thumbnail","6":"product_cat-cabides","7":"product_tag-animais","8":"product_tag-ceramica","9":"pa_motivo-andorinhas","11":"first","12":"instock","13":"shipping-taxable","14":"product-type-simple"},"acf":[],"_links":{"self":[{"href":"https:\/\/olemosaic.orbitalia.org\/pt-pt\/wp-json\/wp\/v2\/product\/31052","targetHints":{"allow":["GET"]}}],"collection":[{"href":"https:\/\/olemosaic.orbitalia.org\/pt-pt\/wp-json\/wp\/v2\/product"}],"about":[{"href":"https:\/\/olemosaic.orbitalia.org\/pt-pt\/wp-json\/wp\/v2\/types\/product"}],"wp:featuredmedia":[{"embeddable":true,"href":"https:\/\/olemosaic.orbitalia.org\/pt-pt\/wp-json\/wp\/v2\/media\/11223"}],"wp:attachment":[{"href":"https:\/\/olemosaic.orbitalia.org\/pt-pt\/wp-json\/wp\/v2\/media?parent=31052"}],"wp:term":[{"taxonomy":"product_brand","embeddable":true,"href":"https:\/\/olemosaic.orbitalia.org\/pt-pt\/wp-json\/wp\/v2\/product_brand?post=31052"},{"taxonomy":"product_cat","embeddable":true,"href":"https:\/\/olemosaic.orbitalia.org\/pt-pt\/wp-json\/wp\/v2\/product_cat?post=31052"},{"taxonomy":"product_tag","embeddable":true,"href":"https:\/\/olemosaic.orbitalia.org\/pt-pt\/wp-json\/wp\/v2\/product_tag?post=31052"}],"curies":[{"name":"wp","href":"https:\/\/api.w.org\/{rel}","templated":true}]}}