{"id":31045,"date":"2025-02-20T23:31:20","date_gmt":"2025-02-20T22:31:20","guid":{"rendered":"https:\/\/olemosaic.orbitalia.org\/producto\/colgador-de-ceramica-golondrina-lisboa-mosaico-4\/"},"modified":"2025-07-25T18:42:32","modified_gmt":"2025-07-25T16:42:32","slug":"cabide-de-ceramica-andorinha-lisboa-mosaico-4","status":"publish","type":"product","link":"https:\/\/olemosaic.orbitalia.org\/pt-pt\/produto\/cabide-de-ceramica-andorinha-lisboa-mosaico-4\/","title":{"rendered":"Cabide de cer\u00e2mica. Andorinha. Lisboa. Mosaico. Azulejos portugueses."},"content":{"rendered":"<p>Este cabide de cer\u00e2mica em forma de andorinha \u00e9 uma recorda\u00e7\u00e3o encantadora que captura a ess\u00eancia art\u00edstica de Lisboa. Inspirado nos ic\u00f3nicos mosaicos portugueses, este atrativo adorno apresenta um design vibrante e cheio de vida, com padr\u00f5es de azulejos pintados \u00e0 m\u00e3o em tons azuis, vermelhos, amarelos e verdes. A andorinha, s\u00edmbolo de boa fortuna e alegria, confere um toque de folclore e tradi\u00e7\u00e3o a qualquer espa\u00e7o, tornando-se um elemento decorativo \u00fanico e funcional. Cada detalhe do seu design presta homenagem \u00e0 rica heran\u00e7a cultural de Portugal, onde os azulejos s\u00e3o uma forma de arte muito apreciada, t\u00edpica da arquitetura lisboeta.<\/p>\n<p>Colocado estrategicamente na parede ou numa porta, este cabide n\u00e3o \u00e9 apenas pr\u00e1tico, mas tamb\u00e9m atua como um lembrete visual da beleza de Lisboa e da sua vibrante cultura. Ideal para turistas que procuram recorda\u00e7\u00f5es aut\u00eanticas e representativas, este cabide de cer\u00e2mica \u00e9 uma excelente op\u00e7\u00e3o para lojas de presentes tur\u00edsticos. Na Ol\u00e9 Mosaic, como grossistas de souvenirs, oferecemos produtos que combinam design, autenticidade e um profundo valor cultural, fazendo de cada pe\u00e7a uma celebra\u00e7\u00e3o do melhor da tradi\u00e7\u00e3o portuguesa.<\/p>\n","protected":false},"excerpt":{"rendered":"<p>Cabide de cer\u00e2mica em forma de andorinha, inspirado nos coloridos mosaicos de Lisboa. Este atrativo adorno apresenta um design \u00fanico com uma variedade de padr\u00f5es de azulejos pintados \u00e0 m\u00e3o, com tons vibrantes como o azul, o vermelho, o amarelo e o verde, que evocam a tradi\u00e7\u00e3o art\u00edstica portuguesa. Ideal para adicionar um toque de folclore a qualquer espa\u00e7o, este cabide combina est\u00e9tica e funcionalidade, tornando-se um elemento decorativo precioso.<\/p>\n","protected":false},"featured_media":11234,"template":"","meta":{"_acf_changed":false},"product_brand":[],"product_cat":[792],"product_tag":[516,515],"class_list":{"0":"post-31045","1":"product","2":"type-product","3":"status-publish","4":"has-post-thumbnail","6":"product_cat-cabides","7":"product_tag-animais","8":"product_tag-ceramica","9":"pa_ciudad-lisboa","10":"pa_motivo-andorinhas","11":"pa_pais-portugal","13":"first","14":"instock","15":"shipping-taxable","16":"product-type-simple"},"acf":[],"_links":{"self":[{"href":"https:\/\/olemosaic.orbitalia.org\/pt-pt\/wp-json\/wp\/v2\/product\/31045","targetHints":{"allow":["GET"]}}],"collection":[{"href":"https:\/\/olemosaic.orbitalia.org\/pt-pt\/wp-json\/wp\/v2\/product"}],"about":[{"href":"https:\/\/olemosaic.orbitalia.org\/pt-pt\/wp-json\/wp\/v2\/types\/product"}],"wp:featuredmedia":[{"embeddable":true,"href":"https:\/\/olemosaic.orbitalia.org\/pt-pt\/wp-json\/wp\/v2\/media\/11234"}],"wp:attachment":[{"href":"https:\/\/olemosaic.orbitalia.org\/pt-pt\/wp-json\/wp\/v2\/media?parent=31045"}],"wp:term":[{"taxonomy":"product_brand","embeddable":true,"href":"https:\/\/olemosaic.orbitalia.org\/pt-pt\/wp-json\/wp\/v2\/product_brand?post=31045"},{"taxonomy":"product_cat","embeddable":true,"href":"https:\/\/olemosaic.orbitalia.org\/pt-pt\/wp-json\/wp\/v2\/product_cat?post=31045"},{"taxonomy":"product_tag","embeddable":true,"href":"https:\/\/olemosaic.orbitalia.org\/pt-pt\/wp-json\/wp\/v2\/product_tag?post=31045"}],"curies":[{"name":"wp","href":"https:\/\/api.w.org\/{rel}","templated":true}]}}