{"id":31044,"date":"2025-02-20T23:31:20","date_gmt":"2025-02-20T22:31:20","guid":{"rendered":"https:\/\/olemosaic.orbitalia.org\/producto\/colgador-de-ceramica-golondrina-lisboa-mosaico-3\/"},"modified":"2025-07-25T22:13:21","modified_gmt":"2025-07-25T20:13:21","slug":"cabide-de-ceramica-andorinha-lisboa-mosaico-3","status":"publish","type":"product","link":"https:\/\/olemosaic.orbitalia.org\/pt-pt\/produto\/cabide-de-ceramica-andorinha-lisboa-mosaico-3\/","title":{"rendered":"Cabide de cer\u00e2mica. Andorinha. Lisboa. Mosaico. Efeito visual."},"content":{"rendered":"<p>Este cabide de cer\u00e2mica em forma de andorinha \u00e9 uma encantadora recorda\u00e7\u00e3o inspirada nos vibrantes mosaicos de Lisboa. Elaborado artesanalmente, apresenta um design colorido que combina uma variedade de padr\u00f5es t\u00edpicos portugueses, pintados \u00e0 m\u00e3o com grande aten\u00e7\u00e3o ao detalhe. As tonalidades azuis, vermelhas e verdes entrela\u00e7am-se para criar um efeito visual distintivo, evocando a rica hist\u00f3ria e cultura da cidade. Este elegante cabide n\u00e3o \u00e9 apenas funcional, mas tamb\u00e9m atua como uma pe\u00e7a decorativa \u00fanica que confere um toque de aut\u00eantica tradi\u00e7\u00e3o portuguesa a qualquer casa. As andorinhas, s\u00edmbolos de fortuna e esperan\u00e7a, representam tamb\u00e9m a emblem\u00e1tica liga\u00e7\u00e3o de Lisboa com o mar e as viagens. Na Ol\u00e9 Mosaic, especializamo-nos na distribui\u00e7\u00e3o de artigos de cer\u00e2mica por grosso, oferecendo produtos aut\u00eanticos que narram hist\u00f3rias culturais. Este cabide de cer\u00e2mica de andorinha \u00e9 uma excelente op\u00e7\u00e3o para lojas de presentes tur\u00edsticos que procuram souvenirs representativos da cultura portuguesa. Adicionar este cabide ao seu invent\u00e1rio n\u00e3o s\u00f3 diversifica a sua oferta, como tamb\u00e9m satisfaz os turistas em busca de recorda\u00e7\u00f5es aut\u00eanticas de Lisboa.<\/p>\n","protected":false},"excerpt":{"rendered":"<p>Cabide de cer\u00e2mica em forma de andorinha, inspirado nos vibrantes mosaicos de Lisboa. Este produto artesanal apresenta um design colorido com uma variedade de padr\u00f5es t\u00edpicos portugueses, pintados \u00e0 m\u00e3o. Os tons azuis, vermelhos e verdes criam um efeito visual distintivo, evocando a rica hist\u00f3ria e cultura da cidade. Ideal para decorar paredes e conferir um toque de autenticidade e tradi\u00e7\u00e3o a qualquer casa.<\/p>\n","protected":false},"featured_media":11232,"template":"","meta":{"_acf_changed":false},"product_brand":[],"product_cat":[792],"product_tag":[516,515],"class_list":{"0":"post-31044","1":"product","2":"type-product","3":"status-publish","4":"has-post-thumbnail","6":"product_cat-cabides","7":"product_tag-animais","8":"product_tag-ceramica","9":"pa_ciudad-lisboa","10":"pa_motivo-andorinhas","11":"pa_pais-portugal","13":"first","14":"instock","15":"shipping-taxable","16":"product-type-simple"},"acf":[],"_links":{"self":[{"href":"https:\/\/olemosaic.orbitalia.org\/pt-pt\/wp-json\/wp\/v2\/product\/31044","targetHints":{"allow":["GET"]}}],"collection":[{"href":"https:\/\/olemosaic.orbitalia.org\/pt-pt\/wp-json\/wp\/v2\/product"}],"about":[{"href":"https:\/\/olemosaic.orbitalia.org\/pt-pt\/wp-json\/wp\/v2\/types\/product"}],"wp:featuredmedia":[{"embeddable":true,"href":"https:\/\/olemosaic.orbitalia.org\/pt-pt\/wp-json\/wp\/v2\/media\/11232"}],"wp:attachment":[{"href":"https:\/\/olemosaic.orbitalia.org\/pt-pt\/wp-json\/wp\/v2\/media?parent=31044"}],"wp:term":[{"taxonomy":"product_brand","embeddable":true,"href":"https:\/\/olemosaic.orbitalia.org\/pt-pt\/wp-json\/wp\/v2\/product_brand?post=31044"},{"taxonomy":"product_cat","embeddable":true,"href":"https:\/\/olemosaic.orbitalia.org\/pt-pt\/wp-json\/wp\/v2\/product_cat?post=31044"},{"taxonomy":"product_tag","embeddable":true,"href":"https:\/\/olemosaic.orbitalia.org\/pt-pt\/wp-json\/wp\/v2\/product_tag?post=31044"}],"curies":[{"name":"wp","href":"https:\/\/api.w.org\/{rel}","templated":true}]}}