{"id":31043,"date":"2025-02-20T23:31:20","date_gmt":"2025-02-20T22:31:20","guid":{"rendered":"https:\/\/olemosaic.orbitalia.org\/producto\/colgador-de-ceramica-golondrina-lisboa\/"},"modified":"2025-07-25T18:49:11","modified_gmt":"2025-07-25T16:49:11","slug":"cabide-de-ceramica-andorinha-lisboa","status":"publish","type":"product","link":"https:\/\/olemosaic.orbitalia.org\/pt-pt\/produto\/cabide-de-ceramica-andorinha-lisboa\/","title":{"rendered":"Cabide de cer\u00e2mica. Andorinha. Lisboa."},"content":{"rendered":"<p>Este cabide de cer\u00e2mica em forma de andorinha \u00e9 uma encantadora recorda\u00e7\u00e3o de Lisboa, desenhado para conferir um toque vibrante e art\u00edstico a qualquer espa\u00e7o. Elaborado por artes\u00e3os talentosos, apresenta um colorido design pintado \u00e0 m\u00e3o que cativa com os seus variados motivos florais e geom\u00e9tricos numa brilhante paleta de azuis, vermelhos, amarelos e verdes. A silhueta estilizada da andorinha, que simboliza a primavera e os novos come\u00e7os, evoca a alegria e a vitalidade da cultura lisboeta.<\/p>\n<p>Cada detalhe deste cabide reflete a rica tradi\u00e7\u00e3o da cer\u00e2mica portuguesa, destacando a mestria e criatividade dos seus criadores. Os delicados padr\u00f5es que adornam a sua superf\u00edcie, combinados com a suavidade das linhas da andorinha, fazem deste produto uma aut\u00eantica obra de arte que n\u00e3o s\u00f3 cumpre uma fun\u00e7\u00e3o decorativa, mas tamb\u00e9m estabelece uma liga\u00e7\u00e3o emocional com a hist\u00f3ria de Lisboa e a sua vibrante cultura.<\/p>\n<p>Este cabide de cer\u00e2mica \u00e9 uma excelente op\u00e7\u00e3o para turistas que procuram recorda\u00e7\u00f5es de Lisboa que confiram um car\u00e1cter \u00fanico \u00e0 sua casa. Na Ol\u00e9 Mosaic, como grossistas de recorda\u00e7\u00f5es aut\u00eanticas, oferecemos uma vasta gama de produtos que refletem a tradi\u00e7\u00e3o e o artesanato de Espanha e Portugal, assegurando que cada artigo seja uma recorda\u00e7\u00e3o representativa que perdure no tempo.<\/p>\n","protected":false},"excerpt":{"rendered":"<p>Cabide de cer\u00e2mica em forma de andorinha, inspirado na vibrante cultura de Lisboa. Este distintivo acess\u00f3rio decorativo apresenta um colorido design artesanal, pintado \u00e0 m\u00e3o, com diversos motivos florais e geom\u00e9tricos em tons azuis, vermelhos, amarelos e verdes. A silhueta estilizada da andorinha, s\u00edmbolo da primavera e dos novos come\u00e7os, confere um toque art\u00edstico e alegre a qualquer ambiente. Ideal para dar um toque \u00fanico aos seus espa\u00e7os.<\/p>\n","protected":false},"featured_media":11240,"template":"","meta":{"_acf_changed":false},"product_brand":[],"product_cat":[792],"product_tag":[516,515],"class_list":{"0":"post-31043","1":"product","2":"type-product","3":"status-publish","4":"has-post-thumbnail","6":"product_cat-cabides","7":"product_tag-animais","8":"product_tag-ceramica","9":"pa_ciudad-lisboa","10":"pa_motivo-andorinhas","11":"pa_pais-portugal","13":"first","14":"instock","15":"shipping-taxable","16":"product-type-simple"},"acf":[],"_links":{"self":[{"href":"https:\/\/olemosaic.orbitalia.org\/pt-pt\/wp-json\/wp\/v2\/product\/31043","targetHints":{"allow":["GET"]}}],"collection":[{"href":"https:\/\/olemosaic.orbitalia.org\/pt-pt\/wp-json\/wp\/v2\/product"}],"about":[{"href":"https:\/\/olemosaic.orbitalia.org\/pt-pt\/wp-json\/wp\/v2\/types\/product"}],"wp:featuredmedia":[{"embeddable":true,"href":"https:\/\/olemosaic.orbitalia.org\/pt-pt\/wp-json\/wp\/v2\/media\/11240"}],"wp:attachment":[{"href":"https:\/\/olemosaic.orbitalia.org\/pt-pt\/wp-json\/wp\/v2\/media?parent=31043"}],"wp:term":[{"taxonomy":"product_brand","embeddable":true,"href":"https:\/\/olemosaic.orbitalia.org\/pt-pt\/wp-json\/wp\/v2\/product_brand?post=31043"},{"taxonomy":"product_cat","embeddable":true,"href":"https:\/\/olemosaic.orbitalia.org\/pt-pt\/wp-json\/wp\/v2\/product_cat?post=31043"},{"taxonomy":"product_tag","embeddable":true,"href":"https:\/\/olemosaic.orbitalia.org\/pt-pt\/wp-json\/wp\/v2\/product_tag?post=31043"}],"curies":[{"name":"wp","href":"https:\/\/api.w.org\/{rel}","templated":true}]}}