{"id":31011,"date":"2025-02-20T23:31:19","date_gmt":"2025-02-20T22:31:19","guid":{"rendered":"https:\/\/olemosaic.orbitalia.org\/producto\/colgador-de-ceramica-golondrina-mosaico-3\/"},"modified":"2025-07-25T19:31:31","modified_gmt":"2025-07-25T17:31:31","slug":"pendurador-de-ceramica-andorinha-mosaico-3","status":"publish","type":"product","link":"https:\/\/olemosaic.orbitalia.org\/pt-pt\/produto\/pendurador-de-ceramica-andorinha-mosaico-3\/","title":{"rendered":"Pendurador de cer\u00e2mica. Andorinha. Mosaico. Azulejos espanh\u00f3is."},"content":{"rendered":"<p>Este pendurador de cer\u00e2mica com forma de andorinha \u00e9 um distintivo da arte cer\u00e2mica espanhola. Pintado \u00e0 m\u00e3o, apresenta um cativante mosaico de cores vibrantes e padr\u00f5es t\u00edpicos que evocam a rica tradi\u00e7\u00e3o artesanal da regi\u00e3o mediterr\u00e2nea. Com uma requintada combina\u00e7\u00e3o de azulejos em tons vermelhos, amarelos, verdes e azuis, cada detalhe do design presta homenagem \u00e0 beleza da cer\u00e2mica andaluza, conhecida pela sua singularidade e riqueza cultural.<\/p>\n<p>A andorinha, s\u00edmbolo de liberdade e chegada da primavera, n\u00e3o s\u00f3 embeleza qualquer espa\u00e7o, como tamb\u00e9m se liga ao cora\u00e7\u00e3o da cultura espanhola, representando um v\u00ednculo com a natureza e a celebra\u00e7\u00e3o da vida ao ar livre. Ideal tanto para pendurar numa parede como para integrar numa decora\u00e7\u00e3o mais ampla, o seu encantador design adiciona um toque \u00fanico e cheio de significado a casas e locais comerciais.<\/p>\n<p>Na Ol\u00e9 Mosaic, somos especialistas na distribui\u00e7\u00e3o de souvenirs de cer\u00e2mica, e oferecemos penduradores de andorinha aut\u00eanticos que capturam a ess\u00eancia da tradi\u00e7\u00e3o espanhola. Este artigo \u00e9 uma excelente op\u00e7\u00e3o para lojas de presentes tur\u00edsticos que procuram produtos genu\u00ednos e culturalmente relevantes. Cada pe\u00e7a \u00e9 uma recorda\u00e7\u00e3o perfeita de Espanha, ideal para os turistas que desejam levar um peda\u00e7o da rica heran\u00e7a cultural do pa\u00eds.<\/p>\n","protected":false},"excerpt":{"rendered":"<p>Pendurador de cer\u00e2mica com forma de andorinha, decorado com um mosaico vibrante de cores e padr\u00f5es t\u00edpicos da cer\u00e2mica espanhola. Esta pe\u00e7a singular, feita \u00e0 m\u00e3o, apresenta uma requintada combina\u00e7\u00e3o de azulejos em tons vermelhos, amarelos, verdes e azuis que evocam a arte tradicional mediterr\u00e2nea. Ideal para adornar qualquer espa\u00e7o, o seu design simboliza a liberdade e a chegada da primavera, adicionando um toque \u00fanico e cultural \u00e0 sua decora\u00e7\u00e3o.<\/p>\n","protected":false},"featured_media":11225,"template":"","meta":{"_acf_changed":false},"product_brand":[],"product_cat":[792],"product_tag":[516,515],"class_list":{"0":"post-31011","1":"product","2":"type-product","3":"status-publish","4":"has-post-thumbnail","6":"product_cat-cabides","7":"product_tag-animais","8":"product_tag-ceramica","9":"pa_motivo-andorinhas","11":"first","12":"instock","13":"shipping-taxable","14":"product-type-simple"},"acf":[],"_links":{"self":[{"href":"https:\/\/olemosaic.orbitalia.org\/pt-pt\/wp-json\/wp\/v2\/product\/31011","targetHints":{"allow":["GET"]}}],"collection":[{"href":"https:\/\/olemosaic.orbitalia.org\/pt-pt\/wp-json\/wp\/v2\/product"}],"about":[{"href":"https:\/\/olemosaic.orbitalia.org\/pt-pt\/wp-json\/wp\/v2\/types\/product"}],"wp:featuredmedia":[{"embeddable":true,"href":"https:\/\/olemosaic.orbitalia.org\/pt-pt\/wp-json\/wp\/v2\/media\/11225"}],"wp:attachment":[{"href":"https:\/\/olemosaic.orbitalia.org\/pt-pt\/wp-json\/wp\/v2\/media?parent=31011"}],"wp:term":[{"taxonomy":"product_brand","embeddable":true,"href":"https:\/\/olemosaic.orbitalia.org\/pt-pt\/wp-json\/wp\/v2\/product_brand?post=31011"},{"taxonomy":"product_cat","embeddable":true,"href":"https:\/\/olemosaic.orbitalia.org\/pt-pt\/wp-json\/wp\/v2\/product_cat?post=31011"},{"taxonomy":"product_tag","embeddable":true,"href":"https:\/\/olemosaic.orbitalia.org\/pt-pt\/wp-json\/wp\/v2\/product_tag?post=31011"}],"curies":[{"name":"wp","href":"https:\/\/api.w.org\/{rel}","templated":true}]}}