{"id":31009,"date":"2025-02-20T23:31:19","date_gmt":"2025-02-20T22:31:19","guid":{"rendered":"https:\/\/olemosaic.orbitalia.org\/producto\/colgador-de-ceramica-golondrina-mosaico\/"},"modified":"2025-07-25T18:43:59","modified_gmt":"2025-07-25T16:43:59","slug":"pendurador-de-ceramica-andorinha-mosaico","status":"publish","type":"product","link":"https:\/\/olemosaic.orbitalia.org\/pt-pt\/produto\/pendurador-de-ceramica-andorinha-mosaico\/","title":{"rendered":"Pendurador de cer\u00e2mica. Andorinha. Mosaico"},"content":{"rendered":"<p>Este pendurador de cer\u00e2mica com forma de andorinha \u00e9 uma joia decorativa que evoca a rica tradi\u00e7\u00e3o artesanal de Espanha. Com um design vibrante e colorido, esta pe\u00e7a \u00e9 elaborada em cer\u00e2mica com efeito pintado \u00e0 m\u00e3o e apresenta padr\u00f5es intrincados em tons azuis, vermelhos e amarelos que simbolizam a alegria e a frescura da primavera. A andorinha, um s\u00edmbolo de liberdade e renova\u00e7\u00e3o, \u00e9 um motivo muito apreciado na cultura espanhola, que evoca a chegada do ver\u00e3o e os dias ensolarados.<\/p>\n<p>Cada detalhe deste pendurador \u00e9 uma amostra do talento dos artes\u00e3os locais, que garantem que cada pe\u00e7a seja \u00fanica e aut\u00eantica. Os padr\u00f5es de mosaico que adornam o corpo da andorinha refletem a heran\u00e7a da cer\u00e2mica espanhola, uma excelente recorda\u00e7\u00e3o dos belos azulejos que se encontram em ruas e pra\u00e7as de diversas cidades do pa\u00eds.<\/p>\n<p>Perfeito para decorar qualquer canto da casa, este pendurador adiciona um toque art\u00edstico e um ar festivo ao seu ambiente. Na Ol\u00e9 Mosaic, orgulhamo-nos de oferecer recorda\u00e7\u00f5es que n\u00e3o servem apenas como souvenir, mas que tamb\u00e9m celebram a riqueza cultural de Espanha. Este pendurador de andorinha \u00e9 uma op\u00e7\u00e3o ideal para lojas de presentes tur\u00edsticos que procuram oferecer produtos aut\u00eanticos, representativos e de alta qualidade.<\/p>\n","protected":false},"excerpt":{"rendered":"<p>Pendurador de cer\u00e2mica com forma de andorinha, decorado com um vibrante mosaico de cores. Este atraente artigo apresenta designs intrincados em tons azuis, vermelhos e amarelos que evocam a rica tradi\u00e7\u00e3o artesanal espanhola. Cada pe\u00e7a aparenta ser pintada \u00e0 m\u00e3o, o que destaca a sua autenticidade e o cuidado colocado nos detalhes. Ideal para adicionar um toque art\u00edstico a qualquer casa, simbolizando a liberdade e a chegada da primavera.<\/p>\n","protected":false},"featured_media":11219,"template":"","meta":{"_acf_changed":false},"product_brand":[],"product_cat":[792],"product_tag":[516,515],"class_list":{"0":"post-31009","1":"product","2":"type-product","3":"status-publish","4":"has-post-thumbnail","6":"product_cat-cabides","7":"product_tag-animais","8":"product_tag-ceramica","9":"pa_motivo-andorinhas","11":"first","12":"instock","13":"shipping-taxable","14":"product-type-simple"},"acf":[],"_links":{"self":[{"href":"https:\/\/olemosaic.orbitalia.org\/pt-pt\/wp-json\/wp\/v2\/product\/31009","targetHints":{"allow":["GET"]}}],"collection":[{"href":"https:\/\/olemosaic.orbitalia.org\/pt-pt\/wp-json\/wp\/v2\/product"}],"about":[{"href":"https:\/\/olemosaic.orbitalia.org\/pt-pt\/wp-json\/wp\/v2\/types\/product"}],"wp:featuredmedia":[{"embeddable":true,"href":"https:\/\/olemosaic.orbitalia.org\/pt-pt\/wp-json\/wp\/v2\/media\/11219"}],"wp:attachment":[{"href":"https:\/\/olemosaic.orbitalia.org\/pt-pt\/wp-json\/wp\/v2\/media?parent=31009"}],"wp:term":[{"taxonomy":"product_brand","embeddable":true,"href":"https:\/\/olemosaic.orbitalia.org\/pt-pt\/wp-json\/wp\/v2\/product_brand?post=31009"},{"taxonomy":"product_cat","embeddable":true,"href":"https:\/\/olemosaic.orbitalia.org\/pt-pt\/wp-json\/wp\/v2\/product_cat?post=31009"},{"taxonomy":"product_tag","embeddable":true,"href":"https:\/\/olemosaic.orbitalia.org\/pt-pt\/wp-json\/wp\/v2\/product_tag?post=31009"}],"curies":[{"name":"wp","href":"https:\/\/api.w.org\/{rel}","templated":true}]}}