{"id":30994,"date":"2025-02-20T23:31:18","date_gmt":"2025-02-20T22:31:18","guid":{"rendered":"https:\/\/olemosaic.orbitalia.org\/producto\/cenicero-de-ceramica-de-9-cm-toros-blanco\/"},"modified":"2025-07-25T19:03:49","modified_gmt":"2025-07-25T17:03:49","slug":"cinzeiro-de-ceramica-de-9-cm-touros-branco","status":"publish","type":"product","link":"https:\/\/olemosaic.orbitalia.org\/pt-pt\/produto\/cinzeiro-de-ceramica-de-9-cm-touros-branco\/","title":{"rendered":"Cinzeiro de cer\u00e2mica de 9 cm. Touros. Branco"},"content":{"rendered":"<p>Este cinzeiro de cer\u00e2mica de 9 cm \u00e9 uma aut\u00eantica representa\u00e7\u00e3o da rica tradi\u00e7\u00e3o espanhola, apresentado num branco brilhante que real\u00e7a a sua eleg\u00e2ncia e simplicidade. O design, meticulosamente pintado \u00e0 m\u00e3o, incorpora vibrantes motivos de touros que evocam a famosa tauromaquia, um s\u00edmbolo profundamente enraizado na cultura espanhola. As coloridas cenas taurom\u00e1quicas, emolduradas por flores exuberantes, criam um mosaico visual cheio de vida e dinamismo, ideal para quem deseja levar um peda\u00e7o de Espanha para sua casa.<\/p>\n<p>O acabamento cer\u00e2mico n\u00e3o s\u00f3 confere um toque de sofistica\u00e7\u00e3o, como tamb\u00e9m reflete a dedica\u00e7\u00e3o e o artesanato dos artes\u00e3os locais, garantindo que cada pe\u00e7a seja \u00fanica. Este cinzeiro, mais do que um simples acess\u00f3rio, torna-se um elemento de conversa que celebra o folclore espanhol, sendo uma excelente recorda\u00e7\u00e3o para turistas que procuram objetos com aut\u00eantico valor cultural.<\/p>\n<p>Na Ol\u00e9 Mosaic, especialistas na distribui\u00e7\u00e3o de recorda\u00e7\u00f5es por grosso, este cinzeiro de cer\u00e2mica \u00e9 uma op\u00e7\u00e3o perfeita para lojas de presentes tur\u00edsticos. Ao escolher os nossos produtos, garante que oferece aos seus clientes artigos que encarnam a ess\u00eancia da tradi\u00e7\u00e3o espanhola, tornando-os tesouros que perdurar\u00e3o no tempo.<\/p>\n","protected":false},"excerpt":{"rendered":"<p>Cinzeiro de cer\u00e2mica de 9 cm, adornado com motivos taurom\u00e1quicos que evocam a tradi\u00e7\u00e3o espanhola. Este design apresenta um acabamento branco brilhante, real\u00e7ado por detalhes pict\u00f3ricos coloridos, como flores e cenas de touros, pintados \u00e0 m\u00e3o com t\u00e9cnica de mosaico. Ideal para adicionar um toque cultural a qualquer espa\u00e7o, este cinzeiro combina eleg\u00e2ncia e o folclore caracter\u00edstico de Espanha, tornando-se uma excelente recorda\u00e7\u00e3o.<\/p>\n","protected":false},"featured_media":8530,"template":"","meta":{"_acf_changed":false},"product_brand":[],"product_cat":[564],"product_tag":[516,515],"class_list":{"0":"post-30994","1":"product","2":"type-product","3":"status-publish","4":"has-post-thumbnail","6":"product_cat-cinzeiros","7":"product_tag-animais","8":"product_tag-ceramica","9":"pa_motivo-touros","11":"first","12":"instock","13":"shipping-taxable","14":"product-type-simple"},"acf":[],"_links":{"self":[{"href":"https:\/\/olemosaic.orbitalia.org\/pt-pt\/wp-json\/wp\/v2\/product\/30994","targetHints":{"allow":["GET"]}}],"collection":[{"href":"https:\/\/olemosaic.orbitalia.org\/pt-pt\/wp-json\/wp\/v2\/product"}],"about":[{"href":"https:\/\/olemosaic.orbitalia.org\/pt-pt\/wp-json\/wp\/v2\/types\/product"}],"wp:featuredmedia":[{"embeddable":true,"href":"https:\/\/olemosaic.orbitalia.org\/pt-pt\/wp-json\/wp\/v2\/media\/8530"}],"wp:attachment":[{"href":"https:\/\/olemosaic.orbitalia.org\/pt-pt\/wp-json\/wp\/v2\/media?parent=30994"}],"wp:term":[{"taxonomy":"product_brand","embeddable":true,"href":"https:\/\/olemosaic.orbitalia.org\/pt-pt\/wp-json\/wp\/v2\/product_brand?post=30994"},{"taxonomy":"product_cat","embeddable":true,"href":"https:\/\/olemosaic.orbitalia.org\/pt-pt\/wp-json\/wp\/v2\/product_cat?post=30994"},{"taxonomy":"product_tag","embeddable":true,"href":"https:\/\/olemosaic.orbitalia.org\/pt-pt\/wp-json\/wp\/v2\/product_tag?post=30994"}],"curies":[{"name":"wp","href":"https:\/\/api.w.org\/{rel}","templated":true}]}}