{"id":30993,"date":"2025-02-20T23:31:18","date_gmt":"2025-02-20T22:31:18","guid":{"rendered":"https:\/\/olemosaic.orbitalia.org\/producto\/cenicero-de-ceramica-de-9-cm-salamandra-y-flores-barcelona-blanco\/"},"modified":"2025-07-25T19:09:34","modified_gmt":"2025-07-25T17:09:34","slug":"cinzeiro-de-ceramica-de-9-cm-salamandra-e-flores-barcelona-branco","status":"publish","type":"product","link":"https:\/\/olemosaic.orbitalia.org\/pt-pt\/produto\/cinzeiro-de-ceramica-de-9-cm-salamandra-e-flores-barcelona-branco\/","title":{"rendered":"Cinzeiro de cer\u00e2mica de 9 cm. Salamandra e flores. Barcelona. Branco"},"content":{"rendered":"<p>Este cinzeiro de cer\u00e2mica de 9 cm \u00e9 uma pe\u00e7a artesanal que capta a ess\u00eancia vibrante de Barcelona, fruto da rica heran\u00e7a art\u00edstica da cidade. Com um design encantador que apresenta uma salamandra entre coloridos motivos florais, este cinzeiro pintado \u00e0 m\u00e3o destaca-se pelo seu atraente fundo branco que acentua as cores vivas em tonalidades de vermelho, amarelo, azul e verde, inspirados no famoso trencad\u00eds do arquiteto Antoni Gaud\u00ed. A salamandra, um s\u00edmbolo ic\u00f3nico na obra de Gaud\u00ed, real\u00e7a a liga\u00e7\u00e3o cultural com a modernidade e a natureza que define a cidade.<\/p>\n<p>A base deste elegante cinzeiro est\u00e1 decorada com a inscri\u00e7\u00e3o &#8220;Barcelona&#8221;, tornando-o uma recorda\u00e7\u00e3o perfeita e representativa da metr\u00f3pole catal\u00e3. Esta recorda\u00e7\u00e3o n\u00e3o \u00e9 apenas um artigo funcional, mas tamb\u00e9m uma obra de arte que celebra o patrim\u00f3nio cultural e o esp\u00edrito inovador de Barcelona. O seu design \u00fanico torna-o uma excelente op\u00e7\u00e3o para turistas que procuram uma recorda\u00e7\u00e3o aut\u00eantica que reflita a beleza e criatividade desta cidade cosmopolita.<\/p>\n<p>Na Ol\u00e9 Mosaic, somos distribuidores de recorda\u00e7\u00f5es por grosso, oferecendo produtos como este cinzeiro de cer\u00e2mica, que n\u00e3o s\u00f3 s\u00e3o \u00fateis, como tamb\u00e9m aut\u00eanticos e emblem\u00e1ticos. Ideal para lojas de presentes tur\u00edsticos, este cinzeiro de cer\u00e2mica de Barcelona apresenta-se como uma op\u00e7\u00e3o inigual\u00e1vel para quem deseja levar consigo um peda\u00e7o da rica cultura moderna da cidade.<\/p>\n","protected":false},"excerpt":{"rendered":"<p>Cinzeiro de cer\u00e2mica de 9 cm com um design vibrante que representa uma salamandra e flores, inspirado na arquitetura de Barcelona. Este elegante cinzeiro, de design artesanal, pintado \u00e0 m\u00e3o sobre um fundo branco, real\u00e7a os coloridos motivos florais em tons de vermelho, amarelo, azul e verde, com detalhes que evocam o famoso trencad\u00eds de Gaud\u00ed. Na sua base, apresenta a palavra &#8220;Barcelona&#8221;, o que o torna uma recorda\u00e7\u00e3o atraente e representativa da cidade.<\/p>\n","protected":false},"featured_media":8074,"template":"","meta":{"_acf_changed":false},"product_brand":[],"product_cat":[564],"product_tag":[516,515],"class_list":{"0":"post-30993","1":"product","2":"type-product","3":"status-publish","4":"has-post-thumbnail","6":"product_cat-cinzeiros","7":"product_tag-animais","8":"product_tag-ceramica","9":"pa_ciudad-barcelona","10":"pa_motivo-salamandras","11":"pa_pais-espana","13":"first","14":"instock","15":"shipping-taxable","16":"product-type-simple"},"acf":[],"_links":{"self":[{"href":"https:\/\/olemosaic.orbitalia.org\/pt-pt\/wp-json\/wp\/v2\/product\/30993","targetHints":{"allow":["GET"]}}],"collection":[{"href":"https:\/\/olemosaic.orbitalia.org\/pt-pt\/wp-json\/wp\/v2\/product"}],"about":[{"href":"https:\/\/olemosaic.orbitalia.org\/pt-pt\/wp-json\/wp\/v2\/types\/product"}],"wp:featuredmedia":[{"embeddable":true,"href":"https:\/\/olemosaic.orbitalia.org\/pt-pt\/wp-json\/wp\/v2\/media\/8074"}],"wp:attachment":[{"href":"https:\/\/olemosaic.orbitalia.org\/pt-pt\/wp-json\/wp\/v2\/media?parent=30993"}],"wp:term":[{"taxonomy":"product_brand","embeddable":true,"href":"https:\/\/olemosaic.orbitalia.org\/pt-pt\/wp-json\/wp\/v2\/product_brand?post=30993"},{"taxonomy":"product_cat","embeddable":true,"href":"https:\/\/olemosaic.orbitalia.org\/pt-pt\/wp-json\/wp\/v2\/product_cat?post=30993"},{"taxonomy":"product_tag","embeddable":true,"href":"https:\/\/olemosaic.orbitalia.org\/pt-pt\/wp-json\/wp\/v2\/product_tag?post=30993"}],"curies":[{"name":"wp","href":"https:\/\/api.w.org\/{rel}","templated":true}]}}