{"id":30951,"date":"2025-02-20T22:31:17","date_gmt":"2025-02-20T22:31:17","guid":{"rendered":"https:\/\/olemosaic.orbitalia.org\/producto\/cenicero-de-ceramica-de-8-cm-patio-blanco\/"},"modified":"2025-07-25T19:50:14","modified_gmt":"2025-07-25T17:50:14","slug":"cinzeiro-de-ceramica-de-8-cm-patio-branco","status":"publish","type":"product","link":"https:\/\/olemosaic.orbitalia.org\/pt-pt\/produto\/cinzeiro-de-ceramica-de-8-cm-patio-branco\/","title":{"rendered":"Cinzeiro de cer\u00e2mica de 8 cm. P\u00e1tio. Branco"},"content":{"rendered":"<p>Este cinzeiro de cer\u00e2mica de 8 cm \u00e9 uma pe\u00e7a decorativa e funcional que captura a ess\u00eancia do flamenco espanhol, ideal para adicionar um toque andaluz a qualquer lar. Com um design vibrante que apresenta uma bailarina de flamenco exibindo um espetacular vestido vermelho com bolinhas brancas e um elegante chap\u00e9u cordob\u00eas, este cinzeiro reflete a paix\u00e3o e a arte da cultura flamenca. A representa\u00e7\u00e3o completa-se com um encantador cen\u00e1rio de flores e uma varanda t\u00edpica andaluza, evocando a beleza dos p\u00e1tios espanh\u00f3is.<\/p>\n<p>O fundo branco do cinzeiro real\u00e7a os detalhes coloridos, criando um contraste visual atraente que far\u00e1 com que esta pe\u00e7a se destaque em qualquer espa\u00e7o. A qualidade da cer\u00e2mica garante durabilidade, enquanto o seu design pitoresco o torna um maravilhoso souvenir, oferecendo uma liga\u00e7\u00e3o imediata com a tradi\u00e7\u00e3o cultural do sul de Espanha.<\/p>\n<p>Na Ol\u00e9 Mosaic especializamo-nos na distribui\u00e7\u00e3o de souvenirs por grosso, e este cinzeiro \u00e9 uma excelente op\u00e7\u00e3o para lojas de presentes tur\u00edsticos que procuram produtos aut\u00eanticos e representativos. Como grossistas de souvenirs andaluzes, fornecemos artigos que n\u00e3o s\u00f3 decoram, mas tamb\u00e9m celebram o rico patrim\u00f3nio da regi\u00e3o.<\/p>\n","protected":false},"excerpt":{"rendered":"<p>Cinzeiro de cer\u00e2mica de 8 cm inspirado na cultura flamenca espanhola, perfeito para adicionar um toque andaluz a qualquer lar. O seu design apresenta uma cena vibrante: uma bailarina de flamenco com um vestido vermelho de bolinhas brancas e um chap\u00e9u cordob\u00eas, tudo isto rodeado por um cen\u00e1rio floral encantador e uma varanda t\u00edpica. O fundo branco real\u00e7a os detalhes coloridos, tornando este cinzeiro uma pe\u00e7a decorativa ideal e funcional.<\/p>\n","protected":false},"featured_media":8880,"template":"","meta":{"_acf_changed":false},"product_brand":[],"product_cat":[564],"product_tag":[515],"class_list":{"0":"post-30951","1":"product","2":"type-product","3":"status-publish","4":"has-post-thumbnail","6":"product_cat-cinzeiros","7":"product_tag-ceramica","8":"pa_motivo-patios","10":"first","11":"instock","12":"shipping-taxable","13":"product-type-simple"},"acf":[],"_links":{"self":[{"href":"https:\/\/olemosaic.orbitalia.org\/pt-pt\/wp-json\/wp\/v2\/product\/30951","targetHints":{"allow":["GET"]}}],"collection":[{"href":"https:\/\/olemosaic.orbitalia.org\/pt-pt\/wp-json\/wp\/v2\/product"}],"about":[{"href":"https:\/\/olemosaic.orbitalia.org\/pt-pt\/wp-json\/wp\/v2\/types\/product"}],"wp:featuredmedia":[{"embeddable":true,"href":"https:\/\/olemosaic.orbitalia.org\/pt-pt\/wp-json\/wp\/v2\/media\/8880"}],"wp:attachment":[{"href":"https:\/\/olemosaic.orbitalia.org\/pt-pt\/wp-json\/wp\/v2\/media?parent=30951"}],"wp:term":[{"taxonomy":"product_brand","embeddable":true,"href":"https:\/\/olemosaic.orbitalia.org\/pt-pt\/wp-json\/wp\/v2\/product_brand?post=30951"},{"taxonomy":"product_cat","embeddable":true,"href":"https:\/\/olemosaic.orbitalia.org\/pt-pt\/wp-json\/wp\/v2\/product_cat?post=30951"},{"taxonomy":"product_tag","embeddable":true,"href":"https:\/\/olemosaic.orbitalia.org\/pt-pt\/wp-json\/wp\/v2\/product_tag?post=30951"}],"curies":[{"name":"wp","href":"https:\/\/api.w.org\/{rel}","templated":true}]}}