{"id":30949,"date":"2025-02-20T23:31:17","date_gmt":"2025-02-20T22:31:17","guid":{"rendered":"https:\/\/olemosaic.orbitalia.org\/producto\/cenicero-de-ceramica-de-8-cm-mosaico-blanco\/"},"modified":"2025-07-25T20:32:02","modified_gmt":"2025-07-25T18:32:02","slug":"cinzeiro-de-ceramica-de-8-cm-mosaico-branco","status":"publish","type":"product","link":"https:\/\/olemosaic.orbitalia.org\/pt-pt\/produto\/cinzeiro-de-ceramica-de-8-cm-mosaico-branco\/","title":{"rendered":"Cinzeiro de cer\u00e2mica de 8 cm. Mosaico. Branco"},"content":{"rendered":"<p>Este cinzeiro de cer\u00e2mica de 8 cm \u00e9 uma representa\u00e7\u00e3o evocativa da arte da azulejaria, emblem\u00e1tica da cultura espanhola. O seu design vibrante apresenta um mosaico cativante que combina padr\u00f5es geom\u00e9tricos em tons brilhantes de vermelho, azul e laranja, todos cuidadosamente pintados \u00e0 m\u00e3o, o que garante que cada pe\u00e7a seja \u00fanica e aut\u00eantica. O fundo branco real\u00e7a a intensidade das cores, criando um contraste que atrai o olhar e confere um ar festivo a qualquer ambiente. Este cinzeiro n\u00e3o s\u00f3 cumpre a sua fun\u00e7\u00e3o pr\u00e1tica, como tamb\u00e9m atua como um elegante elemento decorativo, ideal para real\u00e7ar divis\u00f5es como salas, terra\u00e7os ou restaurantes.<\/p>\n<p>A cer\u00e2mica espanhola \u00e9 famosa pela sua rica tradi\u00e7\u00e3o e mestria artesanal, e este cinzeiro captura na perfei\u00e7\u00e3o essa heran\u00e7a, tornando-o um souvenir representativo e aut\u00eantico da cultura espanhola. \u00c9 um presente ideal para turistas que procuram levar um pedacinho de Espanha consigo, uma recorda\u00e7\u00e3o da sua visita e liga\u00e7\u00e3o com a arte local. Na Ol\u00e9 Mosaic, como grossistas de souvenirs de cer\u00e2mica, oferecemos esta pe\u00e7a \u00fanica que n\u00e3o s\u00f3 embeleza, mas tamb\u00e9m celebra a diversidade e o esplendor da cultura espanhola. Este cinzeiro de mosaico \u00e9, sem d\u00favida, uma escolha excelente para lojas que desejem oferecer souvenirs aut\u00eanticos e de qualidade.<\/p>\n","protected":false},"excerpt":{"rendered":"<p>Cinzeiro de cer\u00e2mica de 8 cm decorado com um vibrante mosaico que evoca o esp\u00edrito da arte da azulejaria t\u00edpica de Espanha. O seu design apresenta uma variedade de padr\u00f5es geom\u00e9tricos em cores vivas como vermelho, azul e laranja, cada um cuidadosamente desenhado de forma artesanal e pintado \u00e0 m\u00e3o para oferecer um toque aut\u00eantico. Este elegante cinzeiro torna-se uma pe\u00e7a decorativa ideal para qualquer ambiente, real\u00e7ando a est\u00e9tica tradicional dos mosaicos espanh\u00f3is.<\/p>\n","protected":false},"featured_media":8883,"template":"","meta":{"_acf_changed":false},"product_brand":[],"product_cat":[564],"product_tag":[515],"class_list":{"0":"post-30949","1":"product","2":"type-product","3":"status-publish","4":"has-post-thumbnail","6":"product_cat-cinzeiros","7":"product_tag-ceramica","8":"pa_motivo-mosaico","10":"first","11":"instock","12":"shipping-taxable","13":"product-type-simple"},"acf":[],"_links":{"self":[{"href":"https:\/\/olemosaic.orbitalia.org\/pt-pt\/wp-json\/wp\/v2\/product\/30949","targetHints":{"allow":["GET"]}}],"collection":[{"href":"https:\/\/olemosaic.orbitalia.org\/pt-pt\/wp-json\/wp\/v2\/product"}],"about":[{"href":"https:\/\/olemosaic.orbitalia.org\/pt-pt\/wp-json\/wp\/v2\/types\/product"}],"wp:featuredmedia":[{"embeddable":true,"href":"https:\/\/olemosaic.orbitalia.org\/pt-pt\/wp-json\/wp\/v2\/media\/8883"}],"wp:attachment":[{"href":"https:\/\/olemosaic.orbitalia.org\/pt-pt\/wp-json\/wp\/v2\/media?parent=30949"}],"wp:term":[{"taxonomy":"product_brand","embeddable":true,"href":"https:\/\/olemosaic.orbitalia.org\/pt-pt\/wp-json\/wp\/v2\/product_brand?post=30949"},{"taxonomy":"product_cat","embeddable":true,"href":"https:\/\/olemosaic.orbitalia.org\/pt-pt\/wp-json\/wp\/v2\/product_cat?post=30949"},{"taxonomy":"product_tag","embeddable":true,"href":"https:\/\/olemosaic.orbitalia.org\/pt-pt\/wp-json\/wp\/v2\/product_tag?post=30949"}],"curies":[{"name":"wp","href":"https:\/\/api.w.org\/{rel}","templated":true}]}}