{"id":30948,"date":"2025-02-20T23:31:17","date_gmt":"2025-02-20T22:31:17","guid":{"rendered":"https:\/\/olemosaic.orbitalia.org\/producto\/cenicero-de-ceramica-de-8-cm-flores-blanco\/"},"modified":"2025-07-25T19:01:11","modified_gmt":"2025-07-25T17:01:11","slug":"cinzeiro-de-ceramica-de-8-cm-flores-branco","status":"publish","type":"product","link":"https:\/\/olemosaic.orbitalia.org\/pt-pt\/produto\/cinzeiro-de-ceramica-de-8-cm-flores-branco\/","title":{"rendered":"Cinzeiro de cer\u00e2mica de 8 cm. Flores. Branco"},"content":{"rendered":"<p>Este cinzeiro de cer\u00e2mica de 8 cm \u00e9 uma elegante representa\u00e7\u00e3o da arte e da cultura mediterr\u00e2nica, ideal para quem procura recorda\u00e7\u00f5es \u00fanicas de Espanha. O seu design atraente apresenta uma base branca que real\u00e7a o vibrante mosaico de flores com efeito pintado \u00e0 m\u00e3o em tons coloridos de vermelho, amarelo, azul e verde, criando um efeito visual cativante. A decora\u00e7\u00e3o interior, rica em detalhes florais, captura a ess\u00eancia das paisagens mediterr\u00e2nicas, tornando esta pe\u00e7a n\u00e3o apenas um objeto funcional, mas uma obra de arte decorativa que alegrar\u00e1 qualquer espa\u00e7o.<\/p>\n<p>Este cinzeiro representa a tradi\u00e7\u00e3o artesanal da regi\u00e3o, onde o mosaico tem sido utilizado durante s\u00e9culos para adornar edif\u00edcios e objetos quotidianos. Os motivos florais s\u00e3o um s\u00edmbolo da diversidade e da beleza que caracterizam a vida na costa mediterr\u00e2nica, evocando o calor dos meses ensolarados e a frescura dos jardins.<\/p>\n<p>Na Ol\u00e9 Mosaic, orgulhamo-nos de oferecer recorda\u00e7\u00f5es aut\u00eanticas e de qualidade por grosso, perfeitas para lojas de presentes tur\u00edsticos. Este cinzeiro de cer\u00e2mica \u00e9 uma excelente op\u00e7\u00e3o para os turistas que procuram uma pe\u00e7a representativa e com um toque de cor, sendo um presente ideal para recordar a sua visita e levar um pedacinho da cultura espanhola.<\/p>\n","protected":false},"excerpt":{"rendered":"<p>Cinzeiro de cer\u00e2mica de 8 cm, decorado com um vibrante design floral. Este elegante cinzeiro apresenta uma base branca que real\u00e7a os coloridos mosaicos de flores vermelhas, amarelas, azuis e verdes, pintados \u00e0 m\u00e3o com esmero. A detalhada arte floral adorna o seu interior, criando uma pe\u00e7a distintiva que reflete o esp\u00edrito da cultura mediterr\u00e2nica. Ideal para adicionar um toque de cor e estilo a qualquer espa\u00e7o.<\/p>\n","protected":false},"featured_media":8882,"template":"","meta":{"_acf_changed":false},"product_brand":[],"product_cat":[564],"product_tag":[515],"class_list":{"0":"post-30948","1":"product","2":"type-product","3":"status-publish","4":"has-post-thumbnail","6":"product_cat-cinzeiros","7":"product_tag-ceramica","8":"pa_motivo-flores","10":"first","11":"instock","12":"shipping-taxable","13":"product-type-simple"},"acf":[],"_links":{"self":[{"href":"https:\/\/olemosaic.orbitalia.org\/pt-pt\/wp-json\/wp\/v2\/product\/30948","targetHints":{"allow":["GET"]}}],"collection":[{"href":"https:\/\/olemosaic.orbitalia.org\/pt-pt\/wp-json\/wp\/v2\/product"}],"about":[{"href":"https:\/\/olemosaic.orbitalia.org\/pt-pt\/wp-json\/wp\/v2\/types\/product"}],"wp:featuredmedia":[{"embeddable":true,"href":"https:\/\/olemosaic.orbitalia.org\/pt-pt\/wp-json\/wp\/v2\/media\/8882"}],"wp:attachment":[{"href":"https:\/\/olemosaic.orbitalia.org\/pt-pt\/wp-json\/wp\/v2\/media?parent=30948"}],"wp:term":[{"taxonomy":"product_brand","embeddable":true,"href":"https:\/\/olemosaic.orbitalia.org\/pt-pt\/wp-json\/wp\/v2\/product_brand?post=30948"},{"taxonomy":"product_cat","embeddable":true,"href":"https:\/\/olemosaic.orbitalia.org\/pt-pt\/wp-json\/wp\/v2\/product_cat?post=30948"},{"taxonomy":"product_tag","embeddable":true,"href":"https:\/\/olemosaic.orbitalia.org\/pt-pt\/wp-json\/wp\/v2\/product_tag?post=30948"}],"curies":[{"name":"wp","href":"https:\/\/api.w.org\/{rel}","templated":true}]}}