{"id":30947,"date":"2025-02-20T23:31:16","date_gmt":"2025-02-20T22:31:16","guid":{"rendered":"https:\/\/olemosaic.orbitalia.org\/producto\/cenicero-de-ceramica-de-8-cm-toros-blanco\/"},"modified":"2025-07-25T19:27:02","modified_gmt":"2025-07-25T17:27:02","slug":"cinzeiro-de-ceramica-de-8-cm-touros-branco","status":"publish","type":"product","link":"https:\/\/olemosaic.orbitalia.org\/pt-pt\/produto\/cinzeiro-de-ceramica-de-8-cm-touros-branco\/","title":{"rendered":"Cinzeiro de cer\u00e2mica de 8 cm. Touros. Branco"},"content":{"rendered":"<p>Este cinzeiro de cer\u00e2mica de 8 cm \u00e9 uma aut\u00eantica obra de arte que presta homenagem \u00e0 rica tradi\u00e7\u00e3o cultural espanhola. Com um vibrante mosaico de cores, o design apresenta um majestoso touro rodeado de flores brilhantes, tudo pintado \u00e0 m\u00e3o com a t\u00e9cnica do trencad\u00eds, que real\u00e7a a destreza artesanal. A base branca do cinzeiro proporciona um contraste perfeito, fazendo com que os tons intensos do mosaico se destaquem ainda mais, o que cria uma pe\u00e7a \u00fanica e cativante.<\/p>\n<p>O touro, s\u00edmbolo emblem\u00e1tico de Espanha, evoca a paix\u00e3o e o orgulho do folclore espanhol, representando a for\u00e7a e a beleza deste animal ic\u00f3nico. Ao seu lado, uma flor colorida irradia energia e vitalidade, ligando a obra \u00e0 tradi\u00e7\u00e3o festiva do pa\u00eds. Este cinzeiro n\u00e3o \u00e9 apenas funcional, mas tamb\u00e9m atua como uma recorda\u00e7\u00e3o aut\u00eantica e representativa da heran\u00e7a cultural e art\u00edstica de Espanha, ideal para quem procura um souvenir significativo e atraente.<\/p>\n<p>Na Ol\u00e9 Mosaic, especializamo-nos na distribui\u00e7\u00e3o de souvenirs por grosso, e este cinzeiro \u00e9 uma excelente op\u00e7\u00e3o para lojas de presentes tur\u00edsticos que desejem oferecer produtos que capturam a ess\u00eancia do folclore espanhol. Um imprescind\u00edvel para quem quer levar um peda\u00e7o da cultura espanhola para casa, este cinzeiro decorativo \u00e9 um presente perfeito para os amantes da arte e da tradi\u00e7\u00e3o.<\/p>\n","protected":false},"excerpt":{"rendered":"<p>Cinzeiro de cer\u00e2mica de 8 cm, decorado com um vibrante mosaico de cores que representa um touro e uma flor radiantes. Este atraente cinzeiro, de design artesanal e pintado \u00e0 m\u00e3o, destaca-se pelo seu design art\u00edstico inspirado na cultura espanhola, combinando elementos t\u00edpicos com a t\u00e9cnica do trencad\u00eds. A base branca real\u00e7a os tons intensos e a beleza do motivo, tornando-o um souvenir ideal que captura o esp\u00edrito do folclore espanhol.<\/p>\n","protected":false},"featured_media":8881,"template":"","meta":{"_acf_changed":false},"product_brand":[],"product_cat":[564],"product_tag":[516,515],"class_list":{"0":"post-30947","1":"product","2":"type-product","3":"status-publish","4":"has-post-thumbnail","6":"product_cat-cinzeiros","7":"product_tag-animais","8":"product_tag-ceramica","9":"pa_motivo-touros","11":"first","12":"instock","13":"shipping-taxable","14":"product-type-simple"},"acf":[],"_links":{"self":[{"href":"https:\/\/olemosaic.orbitalia.org\/pt-pt\/wp-json\/wp\/v2\/product\/30947","targetHints":{"allow":["GET"]}}],"collection":[{"href":"https:\/\/olemosaic.orbitalia.org\/pt-pt\/wp-json\/wp\/v2\/product"}],"about":[{"href":"https:\/\/olemosaic.orbitalia.org\/pt-pt\/wp-json\/wp\/v2\/types\/product"}],"wp:featuredmedia":[{"embeddable":true,"href":"https:\/\/olemosaic.orbitalia.org\/pt-pt\/wp-json\/wp\/v2\/media\/8881"}],"wp:attachment":[{"href":"https:\/\/olemosaic.orbitalia.org\/pt-pt\/wp-json\/wp\/v2\/media?parent=30947"}],"wp:term":[{"taxonomy":"product_brand","embeddable":true,"href":"https:\/\/olemosaic.orbitalia.org\/pt-pt\/wp-json\/wp\/v2\/product_brand?post=30947"},{"taxonomy":"product_cat","embeddable":true,"href":"https:\/\/olemosaic.orbitalia.org\/pt-pt\/wp-json\/wp\/v2\/product_cat?post=30947"},{"taxonomy":"product_tag","embeddable":true,"href":"https:\/\/olemosaic.orbitalia.org\/pt-pt\/wp-json\/wp\/v2\/product_tag?post=30947"}],"curies":[{"name":"wp","href":"https:\/\/api.w.org\/{rel}","templated":true}]}}