{"id":30936,"date":"2025-02-20T22:31:16","date_gmt":"2025-02-20T22:31:16","guid":{"rendered":"https:\/\/olemosaic.orbitalia.org\/producto\/cenicero-de-ceramica-de-8-cm-salamandra-barcelona-beige\/"},"modified":"2025-07-25T19:15:16","modified_gmt":"2025-07-25T17:15:16","slug":"cinzeiro-de-ceramica-de-8-cm-salamandra-barcelona-bege","status":"publish","type":"product","link":"https:\/\/olemosaic.orbitalia.org\/pt-pt\/produto\/cinzeiro-de-ceramica-de-8-cm-salamandra-barcelona-bege\/","title":{"rendered":"Cinzeiro de cer\u00e2mica de 8 cm. Salamandra. Barcelona. Bege"},"content":{"rendered":"<p>Este cinzeiro de cer\u00e2mica de 8 cm \u00e9 uma aut\u00eantica joia artesanal que evoca a criatividade e a cor de Barcelona. Inspirado na famosa salamandra de Gaud\u00ed, um s\u00edmbolo ic\u00f3nico da cidade, o cinzeiro apresenta um fundo branco brilhante adornado com um lagarto vibrante em tons verdes, azuis e vermelhos. A salamandra est\u00e1 decorada com mosaicos coloridos que refletem a singularidade do modernismo catal\u00e3o, enquanto pequenas flores estampadas em v\u00e1rias cores rodeiam o design, conferindo um toque alegre e fresco.<\/p>\n<p>A palavra &#8220;Barcelona&#8221; destaca-se na parte superior do cinzeiro, real\u00e7ando a sua liga\u00e7\u00e3o local e tornando-o uma recorda\u00e7\u00e3o ideal para aqueles que desejam levar um peda\u00e7o da cultura catal\u00e3. A borda do cinzeiro, terminada numa chamativa cor vermelha brilhante, adiciona um contraste atraente, tornando esta recorda\u00e7\u00e3o n\u00e3o apenas funcional, mas tamb\u00e9m uma pe\u00e7a decorativa que captura a ess\u00eancia art\u00edstica da cidade.<\/p>\n<p>Este cinzeiro representa n\u00e3o apenas um acess\u00f3rio quotidiano, mas tamb\u00e9m uma liga\u00e7\u00e3o emocional com Barcelona, um destino tur\u00edstico que inspira milh\u00f5es todos os anos. Na Ol\u00e9 Mosaic, especializamo-nos na distribui\u00e7\u00e3o de recorda\u00e7\u00f5es aut\u00eanticas, e este cinzeiro de cer\u00e2mica \u00e9 uma excelente op\u00e7\u00e3o para lojas de presentes tur\u00edsticos que procuram produtos culturais com hist\u00f3rias para contar. Ideal para quem deseja uma recorda\u00e7\u00e3o que seja simultaneamente \u00fatil e um lembrete visual da sua visita \u00e0 encantadora cidade de Barcelona.<\/p>\n","protected":false},"excerpt":{"rendered":"<p>Cinzeiro de cer\u00e2mica de 8 cm com um design colorido inspirado na famosa salamandra de Gaud\u00ed em Barcelona. Este encantador cinzeiro apresenta um fundo branco decorado com um lagarto vibrante em tons verdes, azuis e vermelhos, rodeado de flores estampadas em v\u00e1rias cores. A palavra &#8220;Barcelona&#8221; destaca-se na parte superior, adicionando um toque local. O seu acabamento em vermelho brilhante na borda real\u00e7a o seu apelo, tornando-o uma recorda\u00e7\u00e3o perfeita que evoca a arte e a cultura da cidade.<\/p>\n","protected":false},"featured_media":7558,"template":"","meta":{"_acf_changed":false},"product_brand":[],"product_cat":[564],"product_tag":[516,515],"class_list":{"0":"post-30936","1":"product","2":"type-product","3":"status-publish","4":"has-post-thumbnail","6":"product_cat-cinzeiros","7":"product_tag-animais","8":"product_tag-ceramica","9":"pa_ciudad-barcelona","10":"pa_motivo-salamandras","11":"pa_pais-espana","13":"first","14":"instock","15":"shipping-taxable","16":"product-type-simple"},"acf":[],"_links":{"self":[{"href":"https:\/\/olemosaic.orbitalia.org\/pt-pt\/wp-json\/wp\/v2\/product\/30936","targetHints":{"allow":["GET"]}}],"collection":[{"href":"https:\/\/olemosaic.orbitalia.org\/pt-pt\/wp-json\/wp\/v2\/product"}],"about":[{"href":"https:\/\/olemosaic.orbitalia.org\/pt-pt\/wp-json\/wp\/v2\/types\/product"}],"wp:featuredmedia":[{"embeddable":true,"href":"https:\/\/olemosaic.orbitalia.org\/pt-pt\/wp-json\/wp\/v2\/media\/7558"}],"wp:attachment":[{"href":"https:\/\/olemosaic.orbitalia.org\/pt-pt\/wp-json\/wp\/v2\/media?parent=30936"}],"wp:term":[{"taxonomy":"product_brand","embeddable":true,"href":"https:\/\/olemosaic.orbitalia.org\/pt-pt\/wp-json\/wp\/v2\/product_brand?post=30936"},{"taxonomy":"product_cat","embeddable":true,"href":"https:\/\/olemosaic.orbitalia.org\/pt-pt\/wp-json\/wp\/v2\/product_cat?post=30936"},{"taxonomy":"product_tag","embeddable":true,"href":"https:\/\/olemosaic.orbitalia.org\/pt-pt\/wp-json\/wp\/v2\/product_tag?post=30936"}],"curies":[{"name":"wp","href":"https:\/\/api.w.org\/{rel}","templated":true}]}}