{"id":30935,"date":"2025-02-20T23:31:16","date_gmt":"2025-02-20T22:31:16","guid":{"rendered":"https:\/\/olemosaic.orbitalia.org\/producto\/cenicero-de-ceramica-de-8-cm-lisboa-blanco\/"},"modified":"2025-07-25T18:33:33","modified_gmt":"2025-07-25T16:33:33","slug":"cinzeiro-de-ceramica-de-8-cm-lisboa-branco","status":"publish","type":"product","link":"https:\/\/olemosaic.orbitalia.org\/pt-pt\/produto\/cinzeiro-de-ceramica-de-8-cm-lisboa-branco\/","title":{"rendered":"Cinzeiro de cer\u00e2mica de 8 cm. Lisboa. Branco"},"content":{"rendered":"<p>Este cinzeiro de cer\u00e2mica de 8 cm \u00e9 uma recorda\u00e7\u00e3o vibrante de Lisboa que captura a ess\u00eancia della cidade atrav\u00e9s do seu elegante design pintado \u00e0 m\u00e3o. Com um fundo azul intenso que evoca os azulejos t\u00edpicos portugueses, a pe\u00e7a apresenta a imagem do famoso el\u00e9trico 28, um s\u00edmbolo ic\u00f3nico das ruas empedradas de Lisboa. Rodeado de edif\u00edcios emblem\u00e1ticos coloridos, o cinzeiro mostra detalhes arquitet\u00f3nicos que refletem a rica hist\u00f3ria e cultura que caracterizam a capital portuguesa.<\/p>\n<p>O el\u00e9trico, conhecido pela sua cor amarela distintiva, ganha protagonismo no design, complementado pelos tons quentes dos edif\u00edcios que evocam a alma deste lugar t\u00e3o singular. Este cinzeiro n\u00e3o serve apenas como um acess\u00f3rio funcional, mas tamb\u00e9m atua como uma lembran\u00e7a art\u00edstica de Lisboa, ideal para quem deseja levar um peda\u00e7o da sua viagem.<\/p>\n<p>Na Ol\u00e9 Mosaic, orgulhamo-nos de oferecer recorda\u00e7\u00f5es aut\u00eanticas que destacam a riqueza cultural de Espanha e Portugal. Este cinzeiro \u00e9 uma excelente op\u00e7\u00e3o para lojas de presentes tur\u00edsticos em busca de produtos distintivos e de qualidade. Perfeito para turistas, este cinzeiro de Lisboa combina utilidade e beleza, tornando-se uma recorda\u00e7\u00e3o memor\u00e1vel que enriquecer\u00e1 qualquer espa\u00e7o.<\/p>\n","protected":false},"excerpt":{"rendered":"<p>Cinzeiro de cer\u00e2mica de 8 cm, decorado com uma ilustra\u00e7\u00e3o colorida de Lisboa. Sobre um vibrante fundo azul, este cinzeiro apresenta o ic\u00f3nico el\u00e9trico 28, t\u00edpico da cidade, rodeado de edif\u00edcios emblem\u00e1ticos e detalhes arquitet\u00f3nicos. O design artesanal, pintado \u00e0 m\u00e3o, captura a ess\u00eancia cultural de Lisboa, adicionando um toque art\u00edstico \u00e0 sua funcionalidade. Ideal como recorda\u00e7\u00e3o ou para conferir um estilo \u00fanico a qualquer espa\u00e7o.<\/p>\n","protected":false},"featured_media":9911,"template":"","meta":{"_acf_changed":false},"product_brand":[],"product_cat":[564],"product_tag":[515],"class_list":{"0":"post-30935","1":"product","2":"type-product","3":"status-publish","4":"has-post-thumbnail","6":"product_cat-cinzeiros","7":"product_tag-ceramica","8":"pa_ciudad-lisboa","9":"pa_pais-portugal","11":"first","12":"instock","13":"shipping-taxable","14":"product-type-simple"},"acf":[],"_links":{"self":[{"href":"https:\/\/olemosaic.orbitalia.org\/pt-pt\/wp-json\/wp\/v2\/product\/30935","targetHints":{"allow":["GET"]}}],"collection":[{"href":"https:\/\/olemosaic.orbitalia.org\/pt-pt\/wp-json\/wp\/v2\/product"}],"about":[{"href":"https:\/\/olemosaic.orbitalia.org\/pt-pt\/wp-json\/wp\/v2\/types\/product"}],"wp:featuredmedia":[{"embeddable":true,"href":"https:\/\/olemosaic.orbitalia.org\/pt-pt\/wp-json\/wp\/v2\/media\/9911"}],"wp:attachment":[{"href":"https:\/\/olemosaic.orbitalia.org\/pt-pt\/wp-json\/wp\/v2\/media?parent=30935"}],"wp:term":[{"taxonomy":"product_brand","embeddable":true,"href":"https:\/\/olemosaic.orbitalia.org\/pt-pt\/wp-json\/wp\/v2\/product_brand?post=30935"},{"taxonomy":"product_cat","embeddable":true,"href":"https:\/\/olemosaic.orbitalia.org\/pt-pt\/wp-json\/wp\/v2\/product_cat?post=30935"},{"taxonomy":"product_tag","embeddable":true,"href":"https:\/\/olemosaic.orbitalia.org\/pt-pt\/wp-json\/wp\/v2\/product_tag?post=30935"}],"curies":[{"name":"wp","href":"https:\/\/api.w.org\/{rel}","templated":true}]}}