{"id":30916,"date":"2025-02-20T23:31:16","date_gmt":"2025-02-20T22:31:16","guid":{"rendered":"https:\/\/olemosaic.orbitalia.org\/producto\/cenicero-de-ceramica-de-8-cm-sevilla-blanco\/"},"modified":"2025-07-25T19:12:48","modified_gmt":"2025-07-25T17:12:48","slug":"cinzeiro-de-ceramica-de-8-cm-sevilha-branco","status":"publish","type":"product","link":"https:\/\/olemosaic.orbitalia.org\/pt-pt\/produto\/cinzeiro-de-ceramica-de-8-cm-sevilha-branco\/","title":{"rendered":"Cinzeiro de cer\u00e2mica de 8 cm. Sevilha. Branco"},"content":{"rendered":"<p>Este cinzeiro de cer\u00e2mica de 8 cm \u00e9 um souvenir atraente que capta a ess\u00eancia de Sevilha, uma cidade rica em hist\u00f3ria e cultura. Com um elegante fundo branco que contrasta maravilhosamente com os vibrantes tons vermelhos e amarelos, este cinzeiro apresenta ilustra\u00e7\u00f5es da emblem\u00e1tica arquitetura andaluza, incluindo a ic\u00f3nica Giralda, s\u00edmbolo indiscut\u00edvel da cidade. Cada detalhe foi cuidadosamente pintado \u00e0 m\u00e3o, o que garante a exclusividade de cada pe\u00e7a e reflete a destreza artesanal dos criadores locais. A inscri\u00e7\u00e3o &#8220;SEVILLA&#8221; num estilo divertido e moderno confere-lhe um toque contempor\u00e2neo, tornando-o uma op\u00e7\u00e3o ideal para adicionar um toque andaluz a qualquer casa ou espa\u00e7o.<\/p>\n<p>Este cinzeiro n\u00e3o \u00e9 apenas funcional, mas tamb\u00e9m atua como uma encantadora recorda\u00e7\u00e3o da m\u00e1gica experi\u00eancia vivida em Sevilha. \u00c9 um excelente souvenir para turistas que desejam levar um peda\u00e7o desta cidade vibrante. Na Ol\u00e9 Mosaic, especializados na distribui\u00e7\u00e3o de souvenirs por grosso, oferecemos produtos que refletem a aut\u00eantica cultura espanhola. Este cinzeiro de Sevilha \u00e9 perfeito para lojas de presentes tur\u00edsticos que procuram oferecer recorda\u00e7\u00f5es representativas, artesanais e de qualidade, garantindo a satisfa\u00e7\u00e3o do cliente e o apre\u00e7o pela rica heran\u00e7a cultural da Andaluzia.<\/p>\n","protected":false},"excerpt":{"rendered":"<p>Cinzeiro de cer\u00e2mica de 8 cm inspirado na emblem\u00e1tica paisagem de Sevilha. Este atraente cinzeiro apresenta um design vibrante e colorido, decorado com ilustra\u00e7\u00f5es de arquitetura andaluza, incluindo \u00edcones como a Giralda. Pintado com estilo artesanal, o seu elegante fundo branco contrasta com os tons vivos vermelhos e amarelos das edifica\u00e7\u00f5es, enquanto a palavra &#8220;SEVILLA&#8221; se destaca com um estilo divertido e moderno. Ideal para adicionar um toque andaluz a qualquer espa\u00e7o.<\/p>\n","protected":false},"featured_media":9939,"template":"","meta":{"_acf_changed":false},"product_brand":[],"product_cat":[564],"product_tag":[515],"class_list":{"0":"post-30916","1":"product","2":"type-product","3":"status-publish","4":"has-post-thumbnail","6":"product_cat-cinzeiros","7":"product_tag-ceramica","8":"pa_ciudad-sevilla","9":"pa_pais-espana","11":"first","12":"instock","13":"shipping-taxable","14":"product-type-simple"},"acf":[],"_links":{"self":[{"href":"https:\/\/olemosaic.orbitalia.org\/pt-pt\/wp-json\/wp\/v2\/product\/30916","targetHints":{"allow":["GET"]}}],"collection":[{"href":"https:\/\/olemosaic.orbitalia.org\/pt-pt\/wp-json\/wp\/v2\/product"}],"about":[{"href":"https:\/\/olemosaic.orbitalia.org\/pt-pt\/wp-json\/wp\/v2\/types\/product"}],"wp:featuredmedia":[{"embeddable":true,"href":"https:\/\/olemosaic.orbitalia.org\/pt-pt\/wp-json\/wp\/v2\/media\/9939"}],"wp:attachment":[{"href":"https:\/\/olemosaic.orbitalia.org\/pt-pt\/wp-json\/wp\/v2\/media?parent=30916"}],"wp:term":[{"taxonomy":"product_brand","embeddable":true,"href":"https:\/\/olemosaic.orbitalia.org\/pt-pt\/wp-json\/wp\/v2\/product_brand?post=30916"},{"taxonomy":"product_cat","embeddable":true,"href":"https:\/\/olemosaic.orbitalia.org\/pt-pt\/wp-json\/wp\/v2\/product_cat?post=30916"},{"taxonomy":"product_tag","embeddable":true,"href":"https:\/\/olemosaic.orbitalia.org\/pt-pt\/wp-json\/wp\/v2\/product_tag?post=30916"}],"curies":[{"name":"wp","href":"https:\/\/api.w.org\/{rel}","templated":true}]}}