{"id":30869,"date":"2025-02-20T23:31:14","date_gmt":"2025-02-20T22:31:14","guid":{"rendered":"https:\/\/olemosaic.orbitalia.org\/producto\/cenicero-de-ceramica-de-10-cm-flores-blanco\/"},"modified":"2025-07-25T18:48:12","modified_gmt":"2025-07-25T16:48:12","slug":"cinzeiro-de-ceramica-de-10-cm-flores-branco","status":"publish","type":"product","link":"https:\/\/olemosaic.orbitalia.org\/pt-pt\/produto\/cinzeiro-de-ceramica-de-10-cm-flores-branco\/","title":{"rendered":"Cinzeiro de cer\u00e2mica de 10 cm. Flores. Branco"},"content":{"rendered":"<p>Este cinzeiro de cer\u00e2mica de 10 cm \u00e9 uma joia decorativa que confere um vibrante toque de cor e autenticidade a qualquer espa\u00e7o. O seu design art\u00edstico, com um fundo branco, real\u00e7a um espetacular mosaico floral em tons de vermelho, amarelo, azul e verde, evocando o rico folclore espanhol. Cada detalhe do cinzeiro \u00e9 pintado \u00e0 m\u00e3o, o que garante que cada pe\u00e7a seja \u00fanica, reflexo da tradi\u00e7\u00e3o artesanal de Espanha. As flores, com as suas formas estilizadas e cores vivas, n\u00e3o cumprem apenas uma fun\u00e7\u00e3o decorativa, mas tamb\u00e9m contam uma hist\u00f3ria: s\u00e3o uma homenagem \u00e0 beleza da natureza que adorna as pra\u00e7as e p\u00e1tios do nosso pa\u00eds.<\/p>\n<p>Este cinzeiro n\u00e3o \u00e9 apenas um objeto funcional, mas torna-se uma preciosa recorda\u00e7\u00e3o de Espanha, ideal para os turistas que desejem levar um peda\u00e7o da nossa cultura. Como parte da rica heran\u00e7a espanhola, este objeto tamb\u00e9m poder\u00e1 servir como um excelente presente, evocando mem\u00f3rias de viv\u00eancias em mercados e festas locais. Na Ol\u00e9 Mosaic, como distribuidores de souvenirs por grosso, oferecemos produtos que se destacam pela sua qualidade e autenticidade. Este cinzeiro de flores \u00e9 uma op\u00e7\u00e3o perfeita para lojas de presentes tur\u00edsticos que procuram oferecer aos seus clientes recorda\u00e7\u00f5es \u00fanicas e representativas de Espanha.<\/p>\n","protected":false},"excerpt":{"rendered":"<p>Cinzeiro de cer\u00e2mica de 10 cm decorado com um vibrante design floral. Este atraente artigo apresenta um fundo branco que real\u00e7a um colorido mosaico de flores em tons de vermelho, amarelo, azul e verde, conferindo um toque art\u00edstico a qualquer espa\u00e7o. Com detalhes pintados \u00e0 m\u00e3o que evocam o folclore da regi\u00e3o, este cinzeiro combina funcionalidade e est\u00e9tica, tornando-se uma recorda\u00e7\u00e3o perfeita de Espanha.<\/p>\n","protected":false},"featured_media":8872,"template":"","meta":{"_acf_changed":false},"product_brand":[],"product_cat":[564],"product_tag":[515],"class_list":{"0":"post-30869","1":"product","2":"type-product","3":"status-publish","4":"has-post-thumbnail","6":"product_cat-cinzeiros","7":"product_tag-ceramica","8":"pa_motivo-flores","10":"first","11":"instock","12":"shipping-taxable","13":"product-type-simple"},"acf":[],"_links":{"self":[{"href":"https:\/\/olemosaic.orbitalia.org\/pt-pt\/wp-json\/wp\/v2\/product\/30869","targetHints":{"allow":["GET"]}}],"collection":[{"href":"https:\/\/olemosaic.orbitalia.org\/pt-pt\/wp-json\/wp\/v2\/product"}],"about":[{"href":"https:\/\/olemosaic.orbitalia.org\/pt-pt\/wp-json\/wp\/v2\/types\/product"}],"wp:featuredmedia":[{"embeddable":true,"href":"https:\/\/olemosaic.orbitalia.org\/pt-pt\/wp-json\/wp\/v2\/media\/8872"}],"wp:attachment":[{"href":"https:\/\/olemosaic.orbitalia.org\/pt-pt\/wp-json\/wp\/v2\/media?parent=30869"}],"wp:term":[{"taxonomy":"product_brand","embeddable":true,"href":"https:\/\/olemosaic.orbitalia.org\/pt-pt\/wp-json\/wp\/v2\/product_brand?post=30869"},{"taxonomy":"product_cat","embeddable":true,"href":"https:\/\/olemosaic.orbitalia.org\/pt-pt\/wp-json\/wp\/v2\/product_cat?post=30869"},{"taxonomy":"product_tag","embeddable":true,"href":"https:\/\/olemosaic.orbitalia.org\/pt-pt\/wp-json\/wp\/v2\/product_tag?post=30869"}],"curies":[{"name":"wp","href":"https:\/\/api.w.org\/{rel}","templated":true}]}}