{"id":30868,"date":"2025-02-20T22:31:13","date_gmt":"2025-02-20T22:31:13","guid":{"rendered":"https:\/\/olemosaic.orbitalia.org\/producto\/cenicero-de-ceramica-de-10-cm-lisboa-blanco\/"},"modified":"2025-07-25T21:29:57","modified_gmt":"2025-07-25T19:29:57","slug":"cinzeiro-de-ceramica-de-10-cm-lisboa-branco","status":"publish","type":"product","link":"https:\/\/olemosaic.orbitalia.org\/pt-pt\/produto\/cinzeiro-de-ceramica-de-10-cm-lisboa-branco\/","title":{"rendered":"Cinzeiro de cer\u00e2mica de 10 cm. Lisboa. Branco"},"content":{"rendered":"<p>Este cinzeiro de cer\u00e2mica de 10 cm \u00e9 uma bela representa\u00e7\u00e3o da vibrante Lisboa, ideal para quem deseja levar um pouco da ess\u00eancia lisboeta para casa. A cer\u00e2mica, em tons de azul e branco, destaca-se pelo seu design atraente: o ic\u00f3nico el\u00e9trico amarelo, s\u00edmbolo do transporte tradicional da cidade, percorre um fundo repleto de coloridos edif\u00edcios caracter\u00edsticos. Esta cena capta a atmosfera \u00fanica de Lisboa, famosa pelas suas colinas e ruelas pitorescas. A palavra &#8220;LISBOA&#8221; est\u00e1 elegantemente impressa no exterior do cinzeiro, acrescentando um toque distintivo e refor\u00e7ando a sua autenticidade como recorda\u00e7\u00e3o.<\/p>\n<p>O uso de cores vivas e detalhes art\u00edsticos na decora\u00e7\u00e3o deste cinzeiro torna-o um artigo tanto funcional como decorativo, ideal para qualquer amante da cultura portuguesa. O seu design atraente n\u00e3o serve apenas como objeto pr\u00e1tico, mas tamb\u00e9m evoca mem\u00f3rias de passeios pela cidade, desfrutando da sua rica arquitetura e do seu ambiente vibrante.<\/p>\n<p>Na Ol\u00e9 Mosaic, especializamo-nos na distribui\u00e7\u00e3o de recorda\u00e7\u00f5es por grosso e este cinzeiro de Lisboa representa na perfei\u00e7\u00e3o a autenticidade que procuramos nos nossos produtos. \u00c9 uma excelente op\u00e7\u00e3o para lojas de presentes tur\u00edsticos que desejem oferecer souvenirs de cer\u00e2mica \u00fanicos, captando a ess\u00eancia de Lisboa e da sua cultura. Atrair\u00e1 turistas que procurem recorda\u00e7\u00f5es significativas da sua viagem, tornando-se um excelente tema de conversa em qualquer casa.<\/p>\n","protected":false},"excerpt":{"rendered":"<p>Cinzeiro de cer\u00e2mica de 10 cm decorado com uma vibrante representa\u00e7\u00e3o de Lisboa. Este atraente cinzeiro, em tons de azul e branco, mostra o ic\u00f3nico el\u00e9trico amarelo sobre um fundo de paisagem urbana colorida, com edif\u00edcios emblem\u00e1ticos da cidade. A palavra &#8220;LISBOA&#8221; aparece elegantemente impressa no exterior, acrescentando um toque distintivo. Ideal para quem deseja levar um pouco da ess\u00eancia lisboeta para casa.<\/p>\n","protected":false},"featured_media":9910,"template":"","meta":{"_acf_changed":false},"product_brand":[],"product_cat":[564],"product_tag":[515],"class_list":{"0":"post-30868","1":"product","2":"type-product","3":"status-publish","4":"has-post-thumbnail","6":"product_cat-cinzeiros","7":"product_tag-ceramica","8":"pa_ciudad-lisboa","9":"pa_pais-portugal","11":"first","12":"instock","13":"shipping-taxable","14":"product-type-simple"},"acf":[],"_links":{"self":[{"href":"https:\/\/olemosaic.orbitalia.org\/pt-pt\/wp-json\/wp\/v2\/product\/30868","targetHints":{"allow":["GET"]}}],"collection":[{"href":"https:\/\/olemosaic.orbitalia.org\/pt-pt\/wp-json\/wp\/v2\/product"}],"about":[{"href":"https:\/\/olemosaic.orbitalia.org\/pt-pt\/wp-json\/wp\/v2\/types\/product"}],"wp:featuredmedia":[{"embeddable":true,"href":"https:\/\/olemosaic.orbitalia.org\/pt-pt\/wp-json\/wp\/v2\/media\/9910"}],"wp:attachment":[{"href":"https:\/\/olemosaic.orbitalia.org\/pt-pt\/wp-json\/wp\/v2\/media?parent=30868"}],"wp:term":[{"taxonomy":"product_brand","embeddable":true,"href":"https:\/\/olemosaic.orbitalia.org\/pt-pt\/wp-json\/wp\/v2\/product_brand?post=30868"},{"taxonomy":"product_cat","embeddable":true,"href":"https:\/\/olemosaic.orbitalia.org\/pt-pt\/wp-json\/wp\/v2\/product_cat?post=30868"},{"taxonomy":"product_tag","embeddable":true,"href":"https:\/\/olemosaic.orbitalia.org\/pt-pt\/wp-json\/wp\/v2\/product_tag?post=30868"}],"curies":[{"name":"wp","href":"https:\/\/api.w.org\/{rel}","templated":true}]}}