{"id":30856,"date":"2025-02-20T23:31:13","date_gmt":"2025-02-20T22:31:13","guid":{"rendered":"https:\/\/olemosaic.orbitalia.org\/producto\/cenicero-de-ceramica-de-10-cm-toros-blanco-2\/"},"modified":"2025-07-25T18:48:12","modified_gmt":"2025-07-25T16:48:12","slug":"cinzeiro-de-ceramica-de-10-cm-touros-branco-2","status":"publish","type":"product","link":"https:\/\/olemosaic.orbitalia.org\/pt-pt\/produto\/cinzeiro-de-ceramica-de-10-cm-touros-branco-2\/","title":{"rendered":"Cinzeiro de cer\u00e2mica de 10 cm. Touros. Mosaico. Branco"},"content":{"rendered":"<p>Este cinzeiro de cer\u00e2mica de 10 cm \u00e9 uma aut\u00eantica obra-prima que encapsula a vibrante ess\u00eancia do folclore espanhol, tornando-se um souvenir ideal para quem deseja levar um peda\u00e7o da cultura hisp\u00e2nica para casa. Decorado com um cativante design de touros, este cinzeiro apresenta um mosaico colorido que destaca um imponente touro no centro, rodeado por um radiante sol e flores em tons vermelhos. A combina\u00e7\u00e3o de cores vivas e o estilo art\u00edstico, pintado \u00e0 m\u00e3o, conferem um car\u00e1cter distintivo \u00e0 pe\u00e7a, refletindo a alegria e o dinamismo das tradi\u00e7\u00f5es espanholas.<\/p>\n<p>O fundo branco liso do exterior n\u00e3o s\u00f3 real\u00e7a o design central, como tamb\u00e9m permite que o cinzeiro se adapte a diversos estilos de decora\u00e7\u00e3o, seja em casa ou num ambiente comercial. Atua como uma excelente recorda\u00e7\u00e3o das festas taurinas e da rica heran\u00e7a espanhola, sendo um s\u00edmbolo de coragem e fervor. Como distribuidores de souvenirs por grosso, na Ol\u00e9 Mosaic oferecemos este cinzeiro de cer\u00e2mica n\u00e3o s\u00f3 como um acess\u00f3rio funcional, mas como uma recorda\u00e7\u00e3o aut\u00eantica das tradi\u00e7\u00f5es culturais de Espanha. Este produto \u00e9 uma escolha excecional para lojas de presentes tur\u00edsticos que procuram incorporar recorda\u00e7\u00f5es representativas e de qualidade na sua oferta.<\/p>\n","protected":false},"excerpt":{"rendered":"<p>Cinzeiro de cer\u00e2mica de 10 cm, decorado com um vibrante design taurino que captura a ess\u00eancia do folclore espanhol. Este atrativo cinzeiro apresenta um colorido mosaico com um touro no centro, rodeado por um sol radiante e flores vermelhas, que lhe conferem um toque distintivo. Pintado com estilo artesanal, tamb\u00e9m se destaca pelo seu acabamento exterior branco liso, o que o torna um souvenir ideal que reflete a rica cultura espanhola.<\/p>\n","protected":false},"featured_media":8529,"template":"","meta":{"_acf_changed":false},"product_brand":[],"product_cat":[564],"product_tag":[516,515],"class_list":{"0":"post-30856","1":"product","2":"type-product","3":"status-publish","4":"has-post-thumbnail","6":"product_cat-cinzeiros","7":"product_tag-animais","8":"product_tag-ceramica","9":"pa_motivo-touros","11":"first","12":"instock","13":"shipping-taxable","14":"product-type-simple"},"acf":[],"_links":{"self":[{"href":"https:\/\/olemosaic.orbitalia.org\/pt-pt\/wp-json\/wp\/v2\/product\/30856","targetHints":{"allow":["GET"]}}],"collection":[{"href":"https:\/\/olemosaic.orbitalia.org\/pt-pt\/wp-json\/wp\/v2\/product"}],"about":[{"href":"https:\/\/olemosaic.orbitalia.org\/pt-pt\/wp-json\/wp\/v2\/types\/product"}],"wp:featuredmedia":[{"embeddable":true,"href":"https:\/\/olemosaic.orbitalia.org\/pt-pt\/wp-json\/wp\/v2\/media\/8529"}],"wp:attachment":[{"href":"https:\/\/olemosaic.orbitalia.org\/pt-pt\/wp-json\/wp\/v2\/media?parent=30856"}],"wp:term":[{"taxonomy":"product_brand","embeddable":true,"href":"https:\/\/olemosaic.orbitalia.org\/pt-pt\/wp-json\/wp\/v2\/product_brand?post=30856"},{"taxonomy":"product_cat","embeddable":true,"href":"https:\/\/olemosaic.orbitalia.org\/pt-pt\/wp-json\/wp\/v2\/product_cat?post=30856"},{"taxonomy":"product_tag","embeddable":true,"href":"https:\/\/olemosaic.orbitalia.org\/pt-pt\/wp-json\/wp\/v2\/product_tag?post=30856"}],"curies":[{"name":"wp","href":"https:\/\/api.w.org\/{rel}","templated":true}]}}