{"id":30817,"date":"2025-02-20T23:31:12","date_gmt":"2025-02-20T22:31:12","guid":{"rendered":"https:\/\/olemosaic.orbitalia.org\/producto\/cenicero-de-ceramica-de-10-cm-marbella-azul\/"},"modified":"2025-07-25T18:33:47","modified_gmt":"2025-07-25T16:33:47","slug":"cinzeiro-de-ceramica-de-10-cm-marbella-azul","status":"publish","type":"product","link":"https:\/\/olemosaic.orbitalia.org\/pt-pt\/produto\/cinzeiro-de-ceramica-de-10-cm-marbella-azul\/","title":{"rendered":"Cinzeiro de cer\u00e2mica de 10 cm. Marbella. Azul."},"content":{"rendered":"<p>Este cinzeiro de cer\u00e2mica de 10 cm \u00e9 um aut\u00eantico reflexo da beleza e do encanto de Marbella. Desenhado com um vibrante mosaico pintado \u00e0 m\u00e3o, este artigo apresenta uma alegoria do ic\u00f3nico letreiro de Marbella, rodeado por um evocador p\u00e1tio adornado com palmeiras e uma encantadora fonte. Os tons azuis que predominam no design evocam o mar Mediterr\u00e2neo, enquanto os detalhes do fundo colorido, com os seus jogos de luzes e sombras, capturam a ess\u00eancia alegre e ensolarada desta famosa cidade costeira.<\/p>\n<p>A qualidade da cer\u00e2mica utilizada assegura n\u00e3o s\u00f3 a durabilidade do produto, mas tamb\u00e9m a sua utilidade quotidiana. Este cinzeiro n\u00e3o \u00e9 apenas um acess\u00f3rio, mas tamb\u00e9m uma pe\u00e7a decorativa que enriquecer\u00e1 qualquer cole\u00e7\u00e3o de recorda\u00e7\u00f5es. A sua liga\u00e7\u00e3o cultural com Marbella torna-o uma lembran\u00e7a ideal para aqueles que procuram levar um peda\u00e7o deste destino tur\u00edstico para as suas casas.<\/p>\n<p>Na Ol\u00e9 Mosaic, dedicamo-nos a oferecer recorda\u00e7\u00f5es aut\u00eanticas, e este cinzeiro de Marbella \u00e9 perfeito para lojas de presentes tur\u00edsticos que desejem oferecer produtos representativos da cultura espanhola. Al\u00e9m disso, ao adquirir este artigo por grosso, contribui-se para promover o artesanato e o patrim\u00f3nio cultural da regi\u00e3o, tornando-o um presente inesquec\u00edvel para visitantes e turistas.<\/p>\n","protected":false},"excerpt":{"rendered":"<p>Cinzeiro de cer\u00e2mica de 10 cm com um design colorido que representa a ess\u00eancia de Marbella. Este artigo apresenta um belo mosaico de design artesanal, pintado \u00e0 m\u00e3o, em tons azuis, que mostra uma alegoria do famoso letreiro de Marbella e um encantador p\u00e1tio com palmeiras e uma fonte. O fundo colorido e os detalhes art\u00edsticos fazem deste cinzeiro uma pe\u00e7a decorativa ideal para qualquer cole\u00e7\u00e3o, evocando a alegria e o ar mediterr\u00e2nico da cidade.<\/p>\n","protected":false},"featured_media":9916,"template":"","meta":{"_acf_changed":false},"product_brand":[],"product_cat":[564],"product_tag":[515],"class_list":{"0":"post-30817","1":"product","2":"type-product","3":"status-publish","4":"has-post-thumbnail","6":"product_cat-cinzeiros","7":"product_tag-ceramica","8":"pa_ciudad-marbella","9":"pa_pais-espana","11":"first","12":"instock","13":"shipping-taxable","14":"product-type-simple"},"acf":[],"_links":{"self":[{"href":"https:\/\/olemosaic.orbitalia.org\/pt-pt\/wp-json\/wp\/v2\/product\/30817","targetHints":{"allow":["GET"]}}],"collection":[{"href":"https:\/\/olemosaic.orbitalia.org\/pt-pt\/wp-json\/wp\/v2\/product"}],"about":[{"href":"https:\/\/olemosaic.orbitalia.org\/pt-pt\/wp-json\/wp\/v2\/types\/product"}],"wp:featuredmedia":[{"embeddable":true,"href":"https:\/\/olemosaic.orbitalia.org\/pt-pt\/wp-json\/wp\/v2\/media\/9916"}],"wp:attachment":[{"href":"https:\/\/olemosaic.orbitalia.org\/pt-pt\/wp-json\/wp\/v2\/media?parent=30817"}],"wp:term":[{"taxonomy":"product_brand","embeddable":true,"href":"https:\/\/olemosaic.orbitalia.org\/pt-pt\/wp-json\/wp\/v2\/product_brand?post=30817"},{"taxonomy":"product_cat","embeddable":true,"href":"https:\/\/olemosaic.orbitalia.org\/pt-pt\/wp-json\/wp\/v2\/product_cat?post=30817"},{"taxonomy":"product_tag","embeddable":true,"href":"https:\/\/olemosaic.orbitalia.org\/pt-pt\/wp-json\/wp\/v2\/product_tag?post=30817"}],"curies":[{"name":"wp","href":"https:\/\/api.w.org\/{rel}","templated":true}]}}