{"id":30753,"date":"2025-02-20T23:31:09","date_gmt":"2025-02-20T22:31:09","guid":{"rendered":"https:\/\/olemosaic.orbitalia.org\/producto\/bol-de-coco-rojo-delfin-mallorca-4\/"},"modified":"2025-07-25T20:34:29","modified_gmt":"2025-07-25T18:34:29","slug":"taca-de-coco-vermelha-golfinho-maiorca-4","status":"publish","type":"product","link":"https:\/\/olemosaic.orbitalia.org\/pt-pt\/produto\/taca-de-coco-vermelha-golfinho-maiorca-4\/","title":{"rendered":"Ta\u00e7a de coco vermelha. Golfinho. Maiorca. Fundo vermelho."},"content":{"rendered":"<p>Esta ta\u00e7a de coco vermelha, adornada com um golfinho, \u00e9 uma aut\u00eantica pe\u00e7a artesanal que captura a ess\u00eancia da ensolarada ilha de Maiorca. Com um vibrante fundo vermelho que simboliza a energia do Mediterr\u00e2neo, o design destaca-se pela presen\u00e7a central de um golfinho, s\u00edmbolo da riqueza marinha e das \u00e1guas cristalinas que rodeiam esta bela ilha. O ambiente do golfinho est\u00e1 adornado com pequenos cora\u00e7\u00f5es em tons mais escuros, que conferem um toque de alegria e calor \u00e0 pe\u00e7a, tornando esta ta\u00e7a um objeto funcional e visualmente atrativo.<\/p>\n<p>A inscri\u00e7\u00e3o &#8220;MALLORCA&#8221; na parte inferior refor\u00e7a a liga\u00e7\u00e3o cultural com a ilha, tornando-a uma recorda\u00e7\u00e3o representativa da estadia neste ic\u00f3nico destino tur\u00edstico. Esta ta\u00e7a \u00e9 ideal para quem procura recorda\u00e7\u00f5es aut\u00eanticas e \u00fanicas que reflitam a beleza e o encanto de Maiorca. Al\u00e9m disso, o seu design vers\u00e1til permite utiliz\u00e1-la como elemento decorativo em qualquer espa\u00e7o, conferindo um toque mediterr\u00e2nico \u00e0 decora\u00e7\u00e3o da casa.<\/p>\n<p>Na Ol\u00e9 Mosaic, orgulhamo-nos de oferecer recorda\u00e7\u00f5es artesanais por grosso, e esta ta\u00e7a de coco vermelha \u00e9 uma excelente op\u00e7\u00e3o para lojas de presentes tur\u00edsticos que desejem proporcionar aos seus clientes uma amostra da cultura maiorquina. Considere esta ta\u00e7a como uma op\u00e7\u00e3o ideal para quem procura recorda\u00e7\u00f5es de Maiorca, garantindo autenticidade e um design atrativo em cada pe\u00e7a.<\/p>\n","protected":false},"excerpt":{"rendered":"<p>Ta\u00e7a de coco vermelha decorada com um golfinho, um s\u00edmbolo da ensolarada ilha de Maiorca. Esta atrativa ta\u00e7a, de elabora\u00e7\u00e3o artesanal, apresenta um design vibrante com um fundo vermelho e um golfinho no centro. \u00c0 volta, pequenos cora\u00e7\u00f5es em tons mais escuros acrescentam-lhe um toque alegre. A inscri\u00e7\u00e3o &#8220;MALLORCA&#8221; evoca o encanto mediterr\u00e2nico, sendo ideal como recorda\u00e7\u00e3o ou para decorar qualquer espa\u00e7o.<\/p>\n","protected":false},"featured_media":10256,"template":"","meta":{"_acf_changed":false},"product_brand":[],"product_cat":[513],"product_tag":[516],"class_list":{"0":"post-30753","1":"product","2":"type-product","3":"status-publish","4":"has-post-thumbnail","6":"product_cat-bols","7":"product_tag-animais","8":"pa_ciudad-mallorca","9":"pa_motivo-golfinhos","10":"pa_pais-espana","12":"first","13":"instock","14":"shipping-taxable","15":"product-type-simple"},"acf":[],"_links":{"self":[{"href":"https:\/\/olemosaic.orbitalia.org\/pt-pt\/wp-json\/wp\/v2\/product\/30753","targetHints":{"allow":["GET"]}}],"collection":[{"href":"https:\/\/olemosaic.orbitalia.org\/pt-pt\/wp-json\/wp\/v2\/product"}],"about":[{"href":"https:\/\/olemosaic.orbitalia.org\/pt-pt\/wp-json\/wp\/v2\/types\/product"}],"wp:featuredmedia":[{"embeddable":true,"href":"https:\/\/olemosaic.orbitalia.org\/pt-pt\/wp-json\/wp\/v2\/media\/10256"}],"wp:attachment":[{"href":"https:\/\/olemosaic.orbitalia.org\/pt-pt\/wp-json\/wp\/v2\/media?parent=30753"}],"wp:term":[{"taxonomy":"product_brand","embeddable":true,"href":"https:\/\/olemosaic.orbitalia.org\/pt-pt\/wp-json\/wp\/v2\/product_brand?post=30753"},{"taxonomy":"product_cat","embeddable":true,"href":"https:\/\/olemosaic.orbitalia.org\/pt-pt\/wp-json\/wp\/v2\/product_cat?post=30753"},{"taxonomy":"product_tag","embeddable":true,"href":"https:\/\/olemosaic.orbitalia.org\/pt-pt\/wp-json\/wp\/v2\/product_tag?post=30753"}],"curies":[{"name":"wp","href":"https:\/\/api.w.org\/{rel}","templated":true}]}}