{"id":30750,"date":"2025-02-20T23:31:08","date_gmt":"2025-02-20T22:31:08","guid":{"rendered":"https:\/\/olemosaic.orbitalia.org\/producto\/bol-de-coco-rojo-ibiscus-4\/"},"modified":"2025-07-25T20:06:42","modified_gmt":"2025-07-25T18:06:42","slug":"taca-de-coco-vermelha-hibisco-4","status":"publish","type":"product","link":"https:\/\/olemosaic.orbitalia.org\/pt-pt\/produto\/taca-de-coco-vermelha-hibisco-4\/","title":{"rendered":"Ta\u00e7a de coco vermelha. Hibisco. Vermelho e dourado."},"content":{"rendered":"<p>Esta ta\u00e7a de coco vermelha, inspirada no hibisco, \u00e9 uma aut\u00eantica joia artesanal que capta a ess\u00eancia da beleza tropical. O seu design vibrante apresenta um interior deslumbrante que combina tons vermelhos intensos com elegantes detalhes dourados, criando um contraste visual impactante. A forma org\u00e2nica da ta\u00e7a, com contornos suaves que evocam a natureza, torna-a perfeita n\u00e3o s\u00f3 como centro de mesa atraente, mas tamb\u00e9m como elegante recipiente para servir aperitivos e frutos secos. A superf\u00edcie da ta\u00e7a est\u00e1 adornada com um padr\u00e3o subtil que recorda a textura das folhas, e no centro destaca-se a representa\u00e7\u00e3o da flor de hibisco, um s\u00edmbolo da beleza ex\u00f3tica e do calor da paisagem tropical.<\/p>\n<p>Fabricada a partir de coco, esta ta\u00e7a \u00e9 sustent\u00e1vel e um reflexo da tradi\u00e7\u00e3o artesanal, oferecendo uma recorda\u00e7\u00e3o aut\u00eantica da rica cultura das regi\u00f5es tropicais. Ideal para turistas que procuram lembran\u00e7as que destaquem a singularidade do local visitado, esta ta\u00e7a de coco vermelha torna-se uma pe\u00e7a central em qualquer lar, acrescentando um toque de eleg\u00e2ncia e um ar de sofistica\u00e7\u00e3o. Na Ol\u00e9 Mosaic, especializamo-nos na distribui\u00e7\u00e3o de lembran\u00e7as por grosso, e esta ta\u00e7a \u00e9 uma excelente op\u00e7\u00e3o para lojas de presentes tur\u00edsticos que desejam oferecer produtos aut\u00eanticos e art\u00edsticos. Com a sua beleza e funcionalidade, representa uma fus\u00e3o perfeita de arte e utilidade, tornando-a um presente memor\u00e1vel.<\/p>\n","protected":false},"excerpt":{"rendered":"<p>Ta\u00e7a de coco vermelha, inspirada no hibisco e decorada com um design vibrante. Esta original ta\u00e7a, de acabamento artesanal, apresenta um interior que combina tons vermelhos e dourados, criando um contraste chamativo e elegante. A sua forma org\u00e2nica e os detalhes distintivos da superf\u00edcie tornam-na ideal como centro de mesa ou para servir aperitivos, evocando a beleza tropical. Perfeita para adicionar um toque ex\u00f3tico a qualquer lar.<\/p>\n","protected":false},"featured_media":13426,"template":"","meta":{"_acf_changed":false},"product_brand":[],"product_cat":[513],"product_tag":[],"class_list":{"0":"post-30750","1":"product","2":"type-product","3":"status-publish","4":"has-post-thumbnail","6":"product_cat-bols","7":"pa_motivo-hibisco","9":"first","10":"instock","11":"shipping-taxable","12":"product-type-simple"},"acf":[],"_links":{"self":[{"href":"https:\/\/olemosaic.orbitalia.org\/pt-pt\/wp-json\/wp\/v2\/product\/30750","targetHints":{"allow":["GET"]}}],"collection":[{"href":"https:\/\/olemosaic.orbitalia.org\/pt-pt\/wp-json\/wp\/v2\/product"}],"about":[{"href":"https:\/\/olemosaic.orbitalia.org\/pt-pt\/wp-json\/wp\/v2\/types\/product"}],"wp:featuredmedia":[{"embeddable":true,"href":"https:\/\/olemosaic.orbitalia.org\/pt-pt\/wp-json\/wp\/v2\/media\/13426"}],"wp:attachment":[{"href":"https:\/\/olemosaic.orbitalia.org\/pt-pt\/wp-json\/wp\/v2\/media?parent=30750"}],"wp:term":[{"taxonomy":"product_brand","embeddable":true,"href":"https:\/\/olemosaic.orbitalia.org\/pt-pt\/wp-json\/wp\/v2\/product_brand?post=30750"},{"taxonomy":"product_cat","embeddable":true,"href":"https:\/\/olemosaic.orbitalia.org\/pt-pt\/wp-json\/wp\/v2\/product_cat?post=30750"},{"taxonomy":"product_tag","embeddable":true,"href":"https:\/\/olemosaic.orbitalia.org\/pt-pt\/wp-json\/wp\/v2\/product_tag?post=30750"}],"curies":[{"name":"wp","href":"https:\/\/api.w.org\/{rel}","templated":true}]}}