{"id":30748,"date":"2025-02-20T23:31:08","date_gmt":"2025-02-20T22:31:08","guid":{"rendered":"https:\/\/olemosaic.orbitalia.org\/producto\/bol-de-coco-rojo-abanico-3\/"},"modified":"2025-07-25T19:30:05","modified_gmt":"2025-07-25T17:30:05","slug":"taca-de-coco-vermelha-leque-3","status":"publish","type":"product","link":"https:\/\/olemosaic.orbitalia.org\/pt-pt\/produto\/taca-de-coco-vermelha-leque-3\/","title":{"rendered":"Ta\u00e7a de coco vermelha. Leque."},"content":{"rendered":"<p>Esta ta\u00e7a de coco vermelha foi concebida para ser um objeto decorativo atraente e funcional que real\u00e7a a riqueza do artesanato espanhol. Elaborada a partir de coco natural, apresenta um acabamento brilhante que acentua a sua vibrante tonalidade vermelha, evocando a paix\u00e3o e o calor do sol espanhol. No fundo, um elegante motivo de leque apresenta-se com delicadeza, simbolizando a \u00edntima liga\u00e7\u00e3o com a cultura andaluza e a arte flamenca, onde este emblem\u00e1tico acess\u00f3rio tem um papel fundamental nas suas dan\u00e7as e celebra\u00e7\u00f5es.<\/p>\n<p>Os detalhes ornamentais que adornam a borda da ta\u00e7a acrescentam um toque de sofistica\u00e7\u00e3o, tornando-a n\u00e3o apenas um elemento decorativo, mas tamb\u00e9m uma pe\u00e7a vers\u00e1til que pode ser utilizada para servir aperitivos ou como centro de mesa. Esta ta\u00e7a capta a ess\u00eancia das tradi\u00e7\u00f5es espanholas e \u00e9 ideal para os turistas que procuram lembran\u00e7as que representem a autenticidade e o colorido da sua viagem.<\/p>\n<p>Como distribuidor de lembran\u00e7as por grosso, a Ol\u00e9 Mosaic orgulha-se de oferecer artigos aut\u00eanticos que refletem a arte e a cultura de Espanha. Esta ta\u00e7a de coco vermelha \u00e9 uma op\u00e7\u00e3o excecional para lojas de presentes tur\u00edsticos que desejam oferecer aos seus clientes recorda\u00e7\u00f5es significativas e representativas, unindo funcionalidade e est\u00e9tica num s\u00f3 objeto.<\/p>\n","protected":false},"excerpt":{"rendered":"<p>Ta\u00e7a de coco vermelha decorada com um elegante design de leque. Este atraente artigo artesanal, elaborado com coco natural, apresenta um acabamento brilhante e um distintivo motivo de leque no fundo. A vibrante tonalidade vermelha evoca a ess\u00eancia da cultura espanhola, enquanto os subtis detalhes da borda acrescentam um toque ornamental. Ideal como pe\u00e7a decorativa ou para uso quotidiano, esta ta\u00e7a combina funcionalidade e arte numa s\u00f3 pe\u00e7a.<\/p>\n","protected":false},"featured_media":11740,"template":"","meta":{"_acf_changed":false},"product_brand":[],"product_cat":[513],"product_tag":[],"class_list":{"0":"post-30748","1":"product","2":"type-product","3":"status-publish","4":"has-post-thumbnail","6":"product_cat-bols","7":"pa_motivo-leques","9":"first","10":"instock","11":"shipping-taxable","12":"product-type-simple"},"acf":[],"_links":{"self":[{"href":"https:\/\/olemosaic.orbitalia.org\/pt-pt\/wp-json\/wp\/v2\/product\/30748","targetHints":{"allow":["GET"]}}],"collection":[{"href":"https:\/\/olemosaic.orbitalia.org\/pt-pt\/wp-json\/wp\/v2\/product"}],"about":[{"href":"https:\/\/olemosaic.orbitalia.org\/pt-pt\/wp-json\/wp\/v2\/types\/product"}],"wp:featuredmedia":[{"embeddable":true,"href":"https:\/\/olemosaic.orbitalia.org\/pt-pt\/wp-json\/wp\/v2\/media\/11740"}],"wp:attachment":[{"href":"https:\/\/olemosaic.orbitalia.org\/pt-pt\/wp-json\/wp\/v2\/media?parent=30748"}],"wp:term":[{"taxonomy":"product_brand","embeddable":true,"href":"https:\/\/olemosaic.orbitalia.org\/pt-pt\/wp-json\/wp\/v2\/product_brand?post=30748"},{"taxonomy":"product_cat","embeddable":true,"href":"https:\/\/olemosaic.orbitalia.org\/pt-pt\/wp-json\/wp\/v2\/product_cat?post=30748"},{"taxonomy":"product_tag","embeddable":true,"href":"https:\/\/olemosaic.orbitalia.org\/pt-pt\/wp-json\/wp\/v2\/product_tag?post=30748"}],"curies":[{"name":"wp","href":"https:\/\/api.w.org\/{rel}","templated":true}]}}