{"id":30747,"date":"2025-02-20T23:31:08","date_gmt":"2025-02-20T22:31:08","guid":{"rendered":"https:\/\/olemosaic.orbitalia.org\/producto\/bol-de-coco-rojo-ibiscus-3\/"},"modified":"2025-07-25T20:20:14","modified_gmt":"2025-07-25T18:20:14","slug":"taca-de-coco-vermelha-hibisco-3","status":"publish","type":"product","link":"https:\/\/olemosaic.orbitalia.org\/pt-pt\/produto\/taca-de-coco-vermelha-hibisco-3\/","title":{"rendered":"Ta\u00e7a de coco vermelha. Hibisco. Fundo preto."},"content":{"rendered":"<p>Esta ta\u00e7a de coco vermelha foi concebida para conferir um toque vibrante e tropical a qualquer lar. Com um belo acabamento brilhante que combina uma rica paleta de tons vermelhos e pretos, esta ta\u00e7a apresenta um chamativo motivo de hibisco no centro, simbolizando beleza e exotismo. A sua forma org\u00e2nica evoca a ess\u00eancia do mar e da natureza, tornando-a um objeto decorativo ideal tanto para servir como para exibir. Cada pe\u00e7a \u00e9 fabricada artesanalmente, garantindo a sua singularidade e autenticidade como recorda\u00e7\u00e3o representativa da cultura local.<\/p>\n<p>O uso do hibisco no seu design n\u00e3o s\u00f3 acrescenta um elemento visual atraente, como tamb\u00e9m reflete a rica flora que caracteriza muitas regi\u00f5es tropicais. Esta ta\u00e7a de coco n\u00e3o \u00e9 apenas um utens\u00edlio, mas uma pe\u00e7a que encapsula a vibrante cultura e vida das zonas costeiras, tornando-se uma excelente lembran\u00e7a para turistas que procuram levar para casa um peda\u00e7o da sua experi\u00eancia.<\/p>\n<p>Na Ol\u00e9 Mosaic, somos especialistas na distribui\u00e7\u00e3o de lembran\u00e7as por grosso, oferecendo produtos aut\u00eanticos e artesanais como esta ta\u00e7a de coco vermelha. Perfeita para lojas de presentes tur\u00edsticos, garante qualidade e relev\u00e2ncia cultural, sendo um imprescind\u00edvel para as lojas que desejem oferecer elementos que celebrem a diversidade cultural.<\/p>\n","protected":false},"excerpt":{"rendered":"<p>Ta\u00e7a de coco vermelha decorada com um vibrante motivo de hibisco, ideal para adicionar um toque tropical a qualquer lar. Esta atraente ta\u00e7a apresenta um acabamento brilhante com uma combina\u00e7\u00e3o de tons vermelhos e pretos, que real\u00e7am o design floral central. Fabricada de forma artesanal, a sua forma org\u00e2nica evoca a ess\u00eancia do mar e da natureza, o que a torna um utens\u00edlio perfeito para servir ou exibir.<\/p>\n","protected":false},"featured_media":13442,"template":"","meta":{"_acf_changed":false},"product_brand":[],"product_cat":[513],"product_tag":[],"class_list":{"0":"post-30747","1":"product","2":"type-product","3":"status-publish","4":"has-post-thumbnail","6":"product_cat-bols","7":"pa_motivo-hibisco","9":"first","10":"instock","11":"shipping-taxable","12":"product-type-simple"},"acf":[],"_links":{"self":[{"href":"https:\/\/olemosaic.orbitalia.org\/pt-pt\/wp-json\/wp\/v2\/product\/30747","targetHints":{"allow":["GET"]}}],"collection":[{"href":"https:\/\/olemosaic.orbitalia.org\/pt-pt\/wp-json\/wp\/v2\/product"}],"about":[{"href":"https:\/\/olemosaic.orbitalia.org\/pt-pt\/wp-json\/wp\/v2\/types\/product"}],"wp:featuredmedia":[{"embeddable":true,"href":"https:\/\/olemosaic.orbitalia.org\/pt-pt\/wp-json\/wp\/v2\/media\/13442"}],"wp:attachment":[{"href":"https:\/\/olemosaic.orbitalia.org\/pt-pt\/wp-json\/wp\/v2\/media?parent=30747"}],"wp:term":[{"taxonomy":"product_brand","embeddable":true,"href":"https:\/\/olemosaic.orbitalia.org\/pt-pt\/wp-json\/wp\/v2\/product_brand?post=30747"},{"taxonomy":"product_cat","embeddable":true,"href":"https:\/\/olemosaic.orbitalia.org\/pt-pt\/wp-json\/wp\/v2\/product_cat?post=30747"},{"taxonomy":"product_tag","embeddable":true,"href":"https:\/\/olemosaic.orbitalia.org\/pt-pt\/wp-json\/wp\/v2\/product_tag?post=30747"}],"curies":[{"name":"wp","href":"https:\/\/api.w.org\/{rel}","templated":true}]}}