{"id":30713,"date":"2025-02-20T23:31:07","date_gmt":"2025-02-20T22:31:07","guid":{"rendered":"https:\/\/olemosaic.orbitalia.org\/producto\/bol-de-coco-rojo-salamandra-tenerife-4\/"},"modified":"2025-07-25T18:50:58","modified_gmt":"2025-07-25T16:50:58","slug":"taca-de-coco-vermelha-salamandra-tenerife-4","status":"publish","type":"product","link":"https:\/\/olemosaic.orbitalia.org\/pt-pt\/produto\/taca-de-coco-vermelha-salamandra-tenerife-4\/","title":{"rendered":"Ta\u00e7a de coco vermelha. Salamandra. Tenerife. Can\u00e1rias."},"content":{"rendered":"<p>Esta ta\u00e7a de coco vermelha \u00e9 uma pe\u00e7a \u00fanica, ideal para quem deseja levar uma recorda\u00e7\u00e3o aut\u00eantica de Tenerife. A sua cor vermelha vibrante cativa \u00e0 primeira vista, enquanto os detalhes em tons claros oferecem um contraste atraente que real\u00e7a a sua beleza. A superf\u00edcie da ta\u00e7a, meticulosamente pintada \u00e0 m\u00e3o, apresenta uma encantadora salamandra, um s\u00edmbolo representativo da fauna local, que evoca a rica biodiversidade das Ilhas Can\u00e1rias. Al\u00e9m disso, a palavra &#8220;Tenerife&#8221; aparece com orgulho no design, enaltecendo a sua liga\u00e7\u00e3o cultural e a sua relev\u00e2ncia como recorda\u00e7\u00e3o.<\/p>\n<p>Os padr\u00f5es que adornam a borda da ta\u00e7a s\u00e3o uma homenagem \u00e0 est\u00e9tica can\u00e1ria, conferindo um toque art\u00edstico que complementa a sua funcionalidade. Esta ta\u00e7a n\u00e3o \u00e9 apenas perfeita como pe\u00e7a decorativa, mas tamb\u00e9m acrescenta um encantador toque can\u00e1rio a qualquer espa\u00e7o, tornando-a um presente ideal para turistas e amantes da cultura local. Na Ol\u00e9 Mosaic, garantimos a autenticidade dos nossos produtos, e esta ta\u00e7a de coco vermelha \u00e9 uma excelente op\u00e7\u00e3o para lojas de presentes tur\u00edsticos que procuram recorda\u00e7\u00f5es de Tenerife que reflitam a ess\u00eancia da sua cultura e beleza natural. Desenhada com esmero, torna-se um aut\u00eantico tesouro que captura a ess\u00eancia das Ilhas Can\u00e1rias.<\/p>\n","protected":false},"excerpt":{"rendered":"<p>Ta\u00e7a de coco vermelha decorada com uma salamandra, um animal representativo da fauna de Tenerife. Esta atraente ta\u00e7a combina uma cor vermelha vibrante com detalhes em tons claros, criando um contraste chamativo. A superf\u00edcie apresenta um design artesanal, pintado \u00e0 m\u00e3o, com a figura de uma salamandra e a palavra &#8220;Tenerife&#8221;, adornada com motivos que evocam a cultura local. Ideal como pe\u00e7a decorativa ou para dar um toque can\u00e1rio a qualquer espa\u00e7o.<\/p>\n","protected":false},"featured_media":11792,"template":"","meta":{"_acf_changed":false},"product_brand":[],"product_cat":[513],"product_tag":[516],"class_list":{"0":"post-30713","1":"product","2":"type-product","3":"status-publish","4":"has-post-thumbnail","6":"product_cat-bols","7":"product_tag-animais","8":"pa_ciudad-tenerife","9":"pa_motivo-salamandras","10":"pa_pais-espana","12":"first","13":"instock","14":"shipping-taxable","15":"product-type-simple"},"acf":[],"_links":{"self":[{"href":"https:\/\/olemosaic.orbitalia.org\/pt-pt\/wp-json\/wp\/v2\/product\/30713","targetHints":{"allow":["GET"]}}],"collection":[{"href":"https:\/\/olemosaic.orbitalia.org\/pt-pt\/wp-json\/wp\/v2\/product"}],"about":[{"href":"https:\/\/olemosaic.orbitalia.org\/pt-pt\/wp-json\/wp\/v2\/types\/product"}],"wp:featuredmedia":[{"embeddable":true,"href":"https:\/\/olemosaic.orbitalia.org\/pt-pt\/wp-json\/wp\/v2\/media\/11792"}],"wp:attachment":[{"href":"https:\/\/olemosaic.orbitalia.org\/pt-pt\/wp-json\/wp\/v2\/media?parent=30713"}],"wp:term":[{"taxonomy":"product_brand","embeddable":true,"href":"https:\/\/olemosaic.orbitalia.org\/pt-pt\/wp-json\/wp\/v2\/product_brand?post=30713"},{"taxonomy":"product_cat","embeddable":true,"href":"https:\/\/olemosaic.orbitalia.org\/pt-pt\/wp-json\/wp\/v2\/product_cat?post=30713"},{"taxonomy":"product_tag","embeddable":true,"href":"https:\/\/olemosaic.orbitalia.org\/pt-pt\/wp-json\/wp\/v2\/product_tag?post=30713"}],"curies":[{"name":"wp","href":"https:\/\/api.w.org\/{rel}","templated":true}]}}