{"id":30712,"date":"2025-02-20T23:31:07","date_gmt":"2025-02-20T22:31:07","guid":{"rendered":"https:\/\/olemosaic.orbitalia.org\/producto\/bol-de-coco-rojo-sagrada-familia-barcelona-2\/"},"modified":"2025-07-25T19:22:32","modified_gmt":"2025-07-25T17:22:32","slug":"taca-de-coco-vermelha-sagrada-familia-barcelona-2","status":"publish","type":"product","link":"https:\/\/olemosaic.orbitalia.org\/pt-pt\/produto\/taca-de-coco-vermelha-sagrada-familia-barcelona-2\/","title":{"rendered":"Ta\u00e7a de coco vermelha. Sagrada Fam\u00edlia. Gaud\u00ed. Barcelona."},"content":{"rendered":"<p>Esta ta\u00e7a de coco vermelha \u00e9 uma pe\u00e7a \u00fanica e elegante, inspirada na emblem\u00e1tica Sagrada Fam\u00edlia de Barcelona, um monumento reconhecido mundialmente e s\u00edmbolo da arquitetura modernista. Com um acabamento vermelho brilhante que capta a aten\u00e7\u00e3o instantaneamente, a ta\u00e7a apresenta um design sofisticado que combina a tradi\u00e7\u00e3o artesanal com um toque contempor\u00e2neo, ideal para quem procura recorda\u00e7\u00f5es aut\u00eanticas de Barcelona. No centro da ta\u00e7a destaca-se uma grava\u00e7\u00e3o do ic\u00f3nico templo, rodeada por uma borda decorativa que evoca os coloridos mosaicos que adornam a cidade.<\/p>\n<p>O acabamento vermelho vibrante simboliza a paix\u00e3o e a criatividade da cultura catal\u00e3, enquanto os detalhes em preto acrescentam um contraste que real\u00e7a a beleza do design. Perfeita para servir aperitivos ou como pe\u00e7a decorativa em qualquer casa, esta ta\u00e7a n\u00e3o \u00e9 apenas funcional, mas tamb\u00e9m serve como um lembrete visual da riqueza cultural de Barcelona.<\/p>\n<p>A Ol\u00e9 Mosaic especializa-se na distribui\u00e7\u00e3o de recorda\u00e7\u00f5es por grosso, oferecendo artigos aut\u00eanticos e representativos. Esta ta\u00e7a de coco vermelha \u00e9 a op\u00e7\u00e3o ideal para lojas de presentes tur\u00edsticos que procuram produtos que reflitam a arte e a ess\u00eancia da cidade, garantindo que cada pe\u00e7a conte uma hist\u00f3ria e seja uma recorda\u00e7\u00e3o apreciada por quem a adquire.<\/p>\n","protected":false},"excerpt":{"rendered":"<p>Ta\u00e7a de coco vermelha, inspirada na emblem\u00e1tica Sagrada Fam\u00edlia de Barcelona. Esta chamativa ta\u00e7a apresenta um design elegante com um acabamento vermelho brilhante e detalhes pretos que evocam as cores vibrantes da cidade. No centro, uma grava\u00e7\u00e3o da Sagrada Fam\u00edlia combina-se com uma borda decorativa que imita o mosaico. Ideal para servir aperitivos ou como pe\u00e7a decorativa, acrescenta um toque de autenticidade catal\u00e3 a qualquer casa.<\/p>\n","protected":false},"featured_media":13463,"template":"","meta":{"_acf_changed":false},"product_brand":[],"product_cat":[513],"product_tag":[],"class_list":{"0":"post-30712","1":"product","2":"type-product","3":"status-publish","4":"has-post-thumbnail","6":"product_cat-bols","7":"pa_ciudad-barcelona","8":"pa_motivo-sagrada-familia","9":"pa_pais-espana","11":"first","12":"instock","13":"shipping-taxable","14":"product-type-simple"},"acf":[],"_links":{"self":[{"href":"https:\/\/olemosaic.orbitalia.org\/pt-pt\/wp-json\/wp\/v2\/product\/30712","targetHints":{"allow":["GET"]}}],"collection":[{"href":"https:\/\/olemosaic.orbitalia.org\/pt-pt\/wp-json\/wp\/v2\/product"}],"about":[{"href":"https:\/\/olemosaic.orbitalia.org\/pt-pt\/wp-json\/wp\/v2\/types\/product"}],"wp:featuredmedia":[{"embeddable":true,"href":"https:\/\/olemosaic.orbitalia.org\/pt-pt\/wp-json\/wp\/v2\/media\/13463"}],"wp:attachment":[{"href":"https:\/\/olemosaic.orbitalia.org\/pt-pt\/wp-json\/wp\/v2\/media?parent=30712"}],"wp:term":[{"taxonomy":"product_brand","embeddable":true,"href":"https:\/\/olemosaic.orbitalia.org\/pt-pt\/wp-json\/wp\/v2\/product_brand?post=30712"},{"taxonomy":"product_cat","embeddable":true,"href":"https:\/\/olemosaic.orbitalia.org\/pt-pt\/wp-json\/wp\/v2\/product_cat?post=30712"},{"taxonomy":"product_tag","embeddable":true,"href":"https:\/\/olemosaic.orbitalia.org\/pt-pt\/wp-json\/wp\/v2\/product_tag?post=30712"}],"curies":[{"name":"wp","href":"https:\/\/api.w.org\/{rel}","templated":true}]}}