{"id":30710,"date":"2025-02-20T23:31:07","date_gmt":"2025-02-20T22:31:07","guid":{"rendered":"https:\/\/olemosaic.orbitalia.org\/producto\/bol-de-coco-rojo-bailaora-3\/"},"modified":"2025-07-25T20:29:28","modified_gmt":"2025-07-25T18:29:28","slug":"taca-de-coco-vermelha-bailarina-3","status":"publish","type":"product","link":"https:\/\/olemosaic.orbitalia.org\/pt-pt\/produto\/taca-de-coco-vermelha-bailarina-3\/","title":{"rendered":"Ta\u00e7a de coco vermelha. Bailarina. Arte Flamenca. Andaluzia."},"content":{"rendered":"<p>Esta ta\u00e7a de coco vermelha \u00e9 uma pe\u00e7a \u00fanica que evoca a ess\u00eancia intensa do flamenco, ideal para quem procura recorda\u00e7\u00f5es aut\u00eanticas da Andaluzia. Fabricada com casca de coco reciclada, combina sustentabilidade e criatividade no seu design. O seu interior vermelho vibrante capta a aten\u00e7\u00e3o, contrastando com o delicado design em branco que retrata a figura de uma bailarina em movimento, imortalizando a gra\u00e7a e a paix\u00e3o da dan\u00e7a flamenca.<\/p>\n<p>A parte exterior da ta\u00e7a \u00e9 adornada com um padr\u00e3o r\u00fastico em tons de castanho, conferindo um toque natural e aut\u00eantico que real\u00e7a a liga\u00e7\u00e3o com a tradi\u00e7\u00e3o artesanal andaluza. Cada detalhe do design transforma esta pe\u00e7a num objeto decorativo elegante e vers\u00e1til, adequado para qualquer espa\u00e7o, desde uma mesa de centro at\u00e9 uma vitrina.<\/p>\n<p>Esta ta\u00e7a n\u00e3o \u00e9 apenas uma bela recorda\u00e7\u00e3o, mas uma representa\u00e7\u00e3o cultural significativa que celebra a rica heran\u00e7a de Espanha. Na Ol\u00e9 Mosaic, o nosso compromisso \u00e9 oferecer produtos aut\u00eanticos que capturem a alma da sua origem, garantindo que cada ta\u00e7a de coco seja uma excelente op\u00e7\u00e3o para lojas de presentes tur\u00edsticos que procurem uma apresenta\u00e7\u00e3o genu\u00edna do esp\u00edrito andaluz. Como distribuidores de recorda\u00e7\u00f5es por grosso, asseguramos uma sele\u00e7\u00e3o de qualidade que encantar\u00e1 os seus clientes.<\/p>\n","protected":false},"excerpt":{"rendered":"<p>Ta\u00e7a de coco vermelha, decorada com a silhueta de uma bailarina que evoca a ess\u00eancia do flamenco. Esta sofisticada ta\u00e7a, feita a partir de casca de coco, apresenta um interior vermelho vibrante com um design muito especial em branco que representa uma bailarina em movimento. O exterior \u00e9 adornado com um padr\u00e3o em tons de castanho que acrescenta um toque r\u00fastico e aut\u00eantico, ideal para real\u00e7ar qualquer espa\u00e7o com o esp\u00edrito andaluz.<\/p>\n","protected":false},"featured_media":12029,"template":"","meta":{"_acf_changed":false},"product_brand":[],"product_cat":[513],"product_tag":[],"class_list":{"0":"post-30710","1":"product","2":"type-product","3":"status-publish","4":"has-post-thumbnail","6":"product_cat-bols","7":"pa_motivo-dancarinos","9":"first","10":"instock","11":"shipping-taxable","12":"product-type-simple"},"acf":[],"_links":{"self":[{"href":"https:\/\/olemosaic.orbitalia.org\/pt-pt\/wp-json\/wp\/v2\/product\/30710","targetHints":{"allow":["GET"]}}],"collection":[{"href":"https:\/\/olemosaic.orbitalia.org\/pt-pt\/wp-json\/wp\/v2\/product"}],"about":[{"href":"https:\/\/olemosaic.orbitalia.org\/pt-pt\/wp-json\/wp\/v2\/types\/product"}],"wp:featuredmedia":[{"embeddable":true,"href":"https:\/\/olemosaic.orbitalia.org\/pt-pt\/wp-json\/wp\/v2\/media\/12029"}],"wp:attachment":[{"href":"https:\/\/olemosaic.orbitalia.org\/pt-pt\/wp-json\/wp\/v2\/media?parent=30710"}],"wp:term":[{"taxonomy":"product_brand","embeddable":true,"href":"https:\/\/olemosaic.orbitalia.org\/pt-pt\/wp-json\/wp\/v2\/product_brand?post=30710"},{"taxonomy":"product_cat","embeddable":true,"href":"https:\/\/olemosaic.orbitalia.org\/pt-pt\/wp-json\/wp\/v2\/product_cat?post=30710"},{"taxonomy":"product_tag","embeddable":true,"href":"https:\/\/olemosaic.orbitalia.org\/pt-pt\/wp-json\/wp\/v2\/product_tag?post=30710"}],"curies":[{"name":"wp","href":"https:\/\/api.w.org\/{rel}","templated":true}]}}