{"id":30684,"date":"2025-02-20T23:31:07","date_gmt":"2025-02-20T22:31:07","guid":{"rendered":"https:\/\/olemosaic.orbitalia.org\/producto\/bol-de-coco-rojo-mariposa-4\/"},"modified":"2025-07-25T20:07:32","modified_gmt":"2025-07-25T18:07:32","slug":"taca-de-coco-vermelha-borboleta-4","status":"publish","type":"product","link":"https:\/\/olemosaic.orbitalia.org\/pt-pt\/produto\/taca-de-coco-vermelha-borboleta-4\/","title":{"rendered":"Ta\u00e7a de coco vermelha. Borboleta. Fundo dourado."},"content":{"rendered":"<p>Esta ta\u00e7a de coco vermelha \u00e9 uma pe\u00e7a \u00fanica que une eleg\u00e2ncia e sustentabilidade, ideal para embelezar qualquer espa\u00e7o. Fabricada a partir de cascas de coco recicladas, este maravilhoso objeto decorativo apresenta um acabamento vibrante em tons vermelhos e dourados no seu interior, criando um belo efeito visual que captura a luz de forma excecional. No centro da ta\u00e7a destaca-se uma delicada borboleta decorativa, cuja silhueta confere um toque natural e art\u00edstico. Os intrincados padr\u00f5es da superf\u00edcie da ta\u00e7a, que lembram a beleza da arte popular, fazem com que cada pe\u00e7a seja \u00fanica, conferindo um ar bo\u00e9mio e distintivo \u00e0 sua decora\u00e7\u00e3o. Esta ta\u00e7a n\u00e3o s\u00f3 \u00e9 perfeita para pequenas plantas ou como elemento decorativo, como tamb\u00e9m reflete o compromisso com a arte sustent\u00e1vel, destacando a reutiliza\u00e7\u00e3o de materiais na cria\u00e7\u00e3o de artigos decorativos. Os souvenirs deste tipo s\u00e3o ideais para turistas que procuram recorda\u00e7\u00f5es aut\u00eanticas e significativas da sua viagem. Na Ol\u00e9 Mosaic, como grossista de produtos \u00fanicos, oferecemos esta ta\u00e7a de coco vermelha como uma op\u00e7\u00e3o excecional para lojas de presentes tur\u00edsticos que valorizam o artesanato, a cultura sustent\u00e1vel e a beleza est\u00e9tica.<\/p>\n","protected":false},"excerpt":{"rendered":"<p>Ta\u00e7a de coco vermelha com um atraente design de borboleta, ideal para decorar qualquer espa\u00e7o. Fabricada com cascas de coco recicladas, o seu interior apresenta um acabamento vibrante em tons vermelhos e dourados, criando um belo efeito visual. A borboleta decorativa destaca-se no centro, adicionando um toque elegante e natural. Perfeita como elemento decorativo ou para pequenas plantas, esta ta\u00e7a \u00e9 um reflexo da arte sustent\u00e1vel.<\/p>\n","protected":false},"featured_media":13422,"template":"","meta":{"_acf_changed":false},"product_brand":[],"product_cat":[513],"product_tag":[516],"class_list":{"0":"post-30684","1":"product","2":"type-product","3":"status-publish","4":"has-post-thumbnail","6":"product_cat-bols","7":"product_tag-animais","8":"pa_motivo-borboletas","10":"first","11":"instock","12":"shipping-taxable","13":"product-type-simple"},"acf":[],"_links":{"self":[{"href":"https:\/\/olemosaic.orbitalia.org\/pt-pt\/wp-json\/wp\/v2\/product\/30684","targetHints":{"allow":["GET"]}}],"collection":[{"href":"https:\/\/olemosaic.orbitalia.org\/pt-pt\/wp-json\/wp\/v2\/product"}],"about":[{"href":"https:\/\/olemosaic.orbitalia.org\/pt-pt\/wp-json\/wp\/v2\/types\/product"}],"wp:featuredmedia":[{"embeddable":true,"href":"https:\/\/olemosaic.orbitalia.org\/pt-pt\/wp-json\/wp\/v2\/media\/13422"}],"wp:attachment":[{"href":"https:\/\/olemosaic.orbitalia.org\/pt-pt\/wp-json\/wp\/v2\/media?parent=30684"}],"wp:term":[{"taxonomy":"product_brand","embeddable":true,"href":"https:\/\/olemosaic.orbitalia.org\/pt-pt\/wp-json\/wp\/v2\/product_brand?post=30684"},{"taxonomy":"product_cat","embeddable":true,"href":"https:\/\/olemosaic.orbitalia.org\/pt-pt\/wp-json\/wp\/v2\/product_cat?post=30684"},{"taxonomy":"product_tag","embeddable":true,"href":"https:\/\/olemosaic.orbitalia.org\/pt-pt\/wp-json\/wp\/v2\/product_tag?post=30684"}],"curies":[{"name":"wp","href":"https:\/\/api.w.org\/{rel}","templated":true}]}}