{"id":30682,"date":"2025-02-20T23:31:07","date_gmt":"2025-02-20T22:31:07","guid":{"rendered":"https:\/\/olemosaic.orbitalia.org\/producto\/bol-de-coco-rojo-tortuga-4\/"},"modified":"2025-07-25T18:55:20","modified_gmt":"2025-07-25T16:55:20","slug":"taca-de-coco-vermelha-tartaruga-4","status":"publish","type":"product","link":"https:\/\/olemosaic.orbitalia.org\/pt-pt\/produto\/taca-de-coco-vermelha-tartaruga-4\/","title":{"rendered":"Ta\u00e7a de coco vermelha. Tartaruga. Fundo marinho."},"content":{"rendered":"<p>Esta ta\u00e7a de coco vermelha \u00e9 uma pe\u00e7a requintada que combina a beleza natural com um design inspirado na fauna marinha, ideal para real\u00e7ar qualquer espa\u00e7o da casa. Com um fundo vermelho vibrante, esta ta\u00e7a destaca-se pelo seu intrincado motivo que evoca o mundo submarino e apresenta no centro uma delicada tartaruga com efeito pintado \u00e0 m\u00e3o, rodeada de detalhes dourados que simulam um ambiente marinho. Os padr\u00f5es do interior criam um efeito visual atraente e sofisticado, refletindo a rica biodiversidade dos oceanos.<\/p>\n<p>Fabricada artesanalmente, cada ta\u00e7a \u00e9 \u00fanica e reflete uma aut\u00eantica liga\u00e7\u00e3o com a cultura e a natureza, tornando-a uma bela recorda\u00e7\u00e3o ideal para os amantes da arte e do ambiente. A tartaruga, s\u00edmbolo de longevidade e prote\u00e7\u00e3o em muitas culturas, serve como um lembrete da import\u00e2ncia da conserva\u00e7\u00e3o marinha, adicionando um valor significativo a esta obra decorativa.<\/p>\n<p>Esta ta\u00e7a de coco vermelha n\u00e3o \u00e9 apenas um objeto decorativo, mas tamb\u00e9m um excelente presente que transporta consigo a ess\u00eancia da tradi\u00e7\u00e3o e a beleza do ambiente natural, perfeito para turistas que procuram souvenirs aut\u00eanticos. Na Ol\u00e9 Mosaic, como distribuidores de souvenirs por grosso, oferecemos produtos que se destacam pelo seu artesanato e relev\u00e2ncia cultural, sendo esta ta\u00e7a um atrativo indispens\u00e1vel para lojas de presentes tur\u00edsticos.<\/p>\n","protected":false},"excerpt":{"rendered":"<p>Ta\u00e7a de coco vermelha decorada com uma preciosa tartaruga no centro, ideal para dar um toque ex\u00f3tico \u00e0 sua casa. Esta atraente ta\u00e7a apresenta um fundo vermelho vibrante adornado com um design intrincado que evoca motivos marinos, destacando tanto a tartaruga como detalhes em tons dourados. Fabricada de forma artesanal, este produto reflete a riqueza cultural e natural, tornando-se um souvenir ideal para amantes da arte e da natureza.<\/p>\n","protected":false},"featured_media":10062,"template":"","meta":{"_acf_changed":false},"product_brand":[],"product_cat":[513],"product_tag":[516],"class_list":{"0":"post-30682","1":"product","2":"type-product","3":"status-publish","4":"has-post-thumbnail","6":"product_cat-bols","7":"product_tag-animais","8":"pa_motivo-tartarugas","10":"first","11":"instock","12":"shipping-taxable","13":"product-type-simple"},"acf":[],"_links":{"self":[{"href":"https:\/\/olemosaic.orbitalia.org\/pt-pt\/wp-json\/wp\/v2\/product\/30682","targetHints":{"allow":["GET"]}}],"collection":[{"href":"https:\/\/olemosaic.orbitalia.org\/pt-pt\/wp-json\/wp\/v2\/product"}],"about":[{"href":"https:\/\/olemosaic.orbitalia.org\/pt-pt\/wp-json\/wp\/v2\/types\/product"}],"wp:featuredmedia":[{"embeddable":true,"href":"https:\/\/olemosaic.orbitalia.org\/pt-pt\/wp-json\/wp\/v2\/media\/10062"}],"wp:attachment":[{"href":"https:\/\/olemosaic.orbitalia.org\/pt-pt\/wp-json\/wp\/v2\/media?parent=30682"}],"wp:term":[{"taxonomy":"product_brand","embeddable":true,"href":"https:\/\/olemosaic.orbitalia.org\/pt-pt\/wp-json\/wp\/v2\/product_brand?post=30682"},{"taxonomy":"product_cat","embeddable":true,"href":"https:\/\/olemosaic.orbitalia.org\/pt-pt\/wp-json\/wp\/v2\/product_cat?post=30682"},{"taxonomy":"product_tag","embeddable":true,"href":"https:\/\/olemosaic.orbitalia.org\/pt-pt\/wp-json\/wp\/v2\/product_tag?post=30682"}],"curies":[{"name":"wp","href":"https:\/\/api.w.org\/{rel}","templated":true}]}}