{"id":30680,"date":"2025-02-20T23:31:06","date_gmt":"2025-02-20T22:31:06","guid":{"rendered":"https:\/\/olemosaic.orbitalia.org\/producto\/bol-de-coco-rojo-caballito-de-mar-4\/"},"modified":"2025-07-25T19:33:50","modified_gmt":"2025-07-25T17:33:50","slug":"taca-de-coco-vermelha-cavalo-marinho-4","status":"publish","type":"product","link":"https:\/\/olemosaic.orbitalia.org\/pt-pt\/produto\/taca-de-coco-vermelha-cavalo-marinho-4\/","title":{"rendered":"Ta\u00e7a de coco vermelha. Cavalo-marinho. Fundo branco e verde."},"content":{"rendered":"<p>Esta ta\u00e7a de coco vermelha \u00e9 uma pe\u00e7a decorativa e funcional que evoca a ess\u00eancia das costas espanholas. Com um fundo vermelho vibrante que real\u00e7a a sua presen\u00e7a, esta atraente ta\u00e7a apresenta um design encantador de um cavalo-marinho, pintado cuidadosamente em tons brancos e verdes. A ilustra\u00e7\u00e3o do cavalo-marinho, al\u00e9m de adicionar um toque ex\u00f3tico, simboliza a vida marinha e a riqueza dos ecossistemas costeiros que caracterizam as praias espanholas.<\/p>\n<p>A textura \u00fanica da ta\u00e7a, combinada com o seu acabamento brilhante, proporciona um efeito visual cativante, tornando-a uma excelente op\u00e7\u00e3o para servir aperitivos ou como elemento decorativo em qualquer casa. A sua forma arredondada e suave ao toque destaca o artesanato manual que incorporou tradi\u00e7\u00f5es culturais na sua elabora\u00e7\u00e3o. Esta ta\u00e7a n\u00e3o \u00e9 apenas um souvenir, mas uma recorda\u00e7\u00e3o aut\u00eantica que celebra a beleza das costas, ideal para turistas que procuram levar um pedacinho de Espanha.<\/p>\n<p>Na Ol\u00e9 Mosaic, como grossistas de souvenirs, oferecemos produtos que refletem a autenticidade e o car\u00e1ter cultural da regi\u00e3o. Esta ta\u00e7a de coco vermelha com cavalo-marinho \u00e9 uma op\u00e7\u00e3o perfeita para lojas de presentes tur\u00edsticos interessadas em artesanato que combine funcionalidade com um estilo aut\u00eantico e representativo.<\/p>\n","protected":false},"excerpt":{"rendered":"<p>Ta\u00e7a de coco vermelha decorada com um cavalo-marinho. Esta atraente ta\u00e7a apresenta um fundo vermelho vibrante, adornado com um design muito especial de um cavalo-marinho em tons branco e verde. A textura \u00fanica e o acabamento brilhante adicionam um toque especial \u00e0 sua apresenta\u00e7\u00e3o. Ideal para servir aperitivos ou como elemento decorativo, \u00e9 uma recorda\u00e7\u00e3o t\u00edpica das costas espanholas, que combina funcionalidade e estilo em qualquer casa.<\/p>\n","protected":false},"featured_media":10058,"template":"","meta":{"_acf_changed":false},"product_brand":[],"product_cat":[513],"product_tag":[516],"class_list":{"0":"post-30680","1":"product","2":"type-product","3":"status-publish","4":"has-post-thumbnail","6":"product_cat-bols","7":"product_tag-animais","8":"pa_motivo-cavalos-marinhos","10":"first","11":"instock","12":"shipping-taxable","13":"product-type-simple"},"acf":[],"_links":{"self":[{"href":"https:\/\/olemosaic.orbitalia.org\/pt-pt\/wp-json\/wp\/v2\/product\/30680","targetHints":{"allow":["GET"]}}],"collection":[{"href":"https:\/\/olemosaic.orbitalia.org\/pt-pt\/wp-json\/wp\/v2\/product"}],"about":[{"href":"https:\/\/olemosaic.orbitalia.org\/pt-pt\/wp-json\/wp\/v2\/types\/product"}],"wp:featuredmedia":[{"embeddable":true,"href":"https:\/\/olemosaic.orbitalia.org\/pt-pt\/wp-json\/wp\/v2\/media\/10058"}],"wp:attachment":[{"href":"https:\/\/olemosaic.orbitalia.org\/pt-pt\/wp-json\/wp\/v2\/media?parent=30680"}],"wp:term":[{"taxonomy":"product_brand","embeddable":true,"href":"https:\/\/olemosaic.orbitalia.org\/pt-pt\/wp-json\/wp\/v2\/product_brand?post=30680"},{"taxonomy":"product_cat","embeddable":true,"href":"https:\/\/olemosaic.orbitalia.org\/pt-pt\/wp-json\/wp\/v2\/product_cat?post=30680"},{"taxonomy":"product_tag","embeddable":true,"href":"https:\/\/olemosaic.orbitalia.org\/pt-pt\/wp-json\/wp\/v2\/product_tag?post=30680"}],"curies":[{"name":"wp","href":"https:\/\/api.w.org\/{rel}","templated":true}]}}